{"id":54413,"date":"2024-11-06T12:46:41","date_gmt":"2024-11-06T11:46:41","guid":{"rendered":"https:\/\/www.eberhard-co-watches.ch\/eberhard-arte-di-sfidare-il-tempo\/"},"modified":"2025-03-20T18:35:43","modified_gmt":"2025-03-20T17:35:43","slug":"eberhard-arte-di-sfidare-il-tempo","status":"publish","type":"page","link":"https:\/\/www.eberhard-co-watches.ch\/fr\/eberhard-arte-di-sfidare-il-tempo\/","title":{"rendered":"Eberhard &#038; Co.: L&#8217;arte di sfidare il tempo"},"content":{"rendered":"\t\t<div data-elementor-type=\"wp-page\" data-elementor-id=\"54413\" class=\"elementor elementor-54413 elementor-43217\" data-elementor-post-type=\"page\">\n\t\t\t\t<div class=\"elementor-element elementor-element-9bfbef6 e-flex e-con-boxed e-con e-parent\" data-id=\"9bfbef6\" data-element_type=\"container\">\n\t\t\t\t\t<div class=\"e-con-inner\">\n\t\t\t\t<div class=\"elementor-element elementor-element-a83467d animated-slow elementor-invisible elementor-widget elementor-widget-heading\" data-id=\"a83467d\" data-element_type=\"widget\" data-settings=\"{&quot;_animation&quot;:&quot;fadeIn&quot;}\" data-widget_type=\"heading.default\">\n\t\t\t\t<div class=\"elementor-widget-container\">\n\t\t\t<h2 class=\"elementor-heading-title elementor-size-default\">L'Art de D\u00e9fier le Temps<\/h2>\t\t<\/div>\n\t\t\t\t<\/div>\n\t\t\t\t\t<\/div>\n\t\t\t\t<\/div>\n\t\t<div class=\"elementor-element elementor-element-ff5196d e-flex e-con-boxed e-con e-parent\" data-id=\"ff5196d\" data-element_type=\"container\">\n\t\t\t\t\t<div class=\"e-con-inner\">\n\t\t<div class=\"elementor-element elementor-element-fc2b38a e-con-full e-flex e-con e-child\" data-id=\"fc2b38a\" data-element_type=\"container\">\n\t\t<div class=\"elementor-element elementor-element-5acd63f e-con-full e-flex e-con e-child\" data-id=\"5acd63f\" data-element_type=\"container\">\n\t\t\t\t<div class=\"elementor-element elementor-element-ad91fa7 elementor-widget elementor-widget-image\" data-id=\"ad91fa7\" data-element_type=\"widget\" data-widget_type=\"image.default\">\n\t\t\t\t<div class=\"elementor-widget-container\">\n\t\t\t\t\t\t\t\t\t\t\t\t\t<img alt=\"\" fetchpriority=\"high\" decoding=\"async\" width=\"342\" height=\"342\" src=\"https:\/\/www.eberhard-co-watches.ch\/wp-content\/uploads\/2024\/08\/arte.png\" class=\"attachment-large size-large wp-image-37100\" alt=\"\" srcset=\"https:\/\/www.eberhard-co-watches.ch\/wp-content\/uploads\/2024\/08\/arte.png 342w, https:\/\/www.eberhard-co-watches.ch\/wp-content\/uploads\/2024\/08\/arte-300x300.png 300w, https:\/\/www.eberhard-co-watches.ch\/wp-content\/uploads\/2024\/08\/arte-150x150.png 150w, https:\/\/www.eberhard-co-watches.ch\/wp-content\/uploads\/2024\/08\/arte-60x60.png 60w, https:\/\/www.eberhard-co-watches.ch\/wp-content\/uploads\/2024\/08\/arte-100x100.png 100w\" sizes=\"(max-width: 342px) 100vw, 342px\" \/>\t\t\t\t\t\t\t\t\t\t\t\t\t<\/div>\n\t\t\t\t<\/div>\n\t\t\t\t<\/div>\n\t\t<div class=\"elementor-element elementor-element-65ad9f8 e-con-full e-flex e-con e-child\" data-id=\"65ad9f8\" data-element_type=\"container\">\n\t\t\t\t<div class=\"elementor-element elementor-element-4332d75 elementor-widget elementor-widget-heading\" data-id=\"4332d75\" data-element_type=\"widget\" data-widget_type=\"heading.default\">\n\t\t\t\t<div class=\"elementor-widget-container\">\n\t\t\t<h2 class=\"elementor-heading-title elementor-size-default\">Eberhard &amp; Co.:<br>\nL'Art de D\u00e9fier le Temps\n<\/h2>\t\t<\/div>\n\t\t\t\t<\/div>\n\t\t\t\t<div class=\"elementor-element elementor-element-5f42e93 elementor-widget elementor-widget-text-editor\" data-id=\"5f42e93\" data-element_type=\"widget\" data-widget_type=\"text-editor.default\">\n\t\t\t\t<div class=\"elementor-widget-container\">\n\t\t\t\t\t\t\t<p>Version avec coffret<\/p>\t\t\t\t\t\t<\/div>\n\t\t\t\t<\/div>\n\t\t\t\t<div class=\"elementor-element elementor-element-6f81f5f elementor-mobile-align-center elementor-widget elementor-widget-button\" data-id=\"6f81f5f\" data-element_type=\"widget\" data-widget_type=\"button.default\">\n\t\t\t\t<div class=\"elementor-widget-container\">\n\t\t\t\t\t<div class=\"elementor-button-wrapper\">\n\t\t\t<a class=\"elementor-button elementor-button-link elementor-size-sm\" href=\"https:\/\/www.eberhard-co-watches.ch\/fr\/product\/eberhard-co-larte-di-sfidare-il-tempo-versione-con-teca\/\">\n\t\t\t\t\t\t<span class=\"elementor-button-content-wrapper\">\n\t\t\t\t\t\t<span class=\"elementor-button-icon\">\n\t\t\t\t<svg aria-hidden=\"true\" class=\"e-font-icon-svg e-fas-chevron-right\" viewBox=\"0 0 320 512\" xmlns=\"http:\/\/www.w3.org\/2000\/svg\"><path d=\"M285.476 272.971L91.132 467.314c-9.373 9.373-24.569 9.373-33.941 0l-22.667-22.667c-9.357-9.357-9.375-24.522-.04-33.901L188.505 256 34.484 101.255c-9.335-9.379-9.317-24.544.04-33.901l22.667-22.667c9.373-9.373 24.569-9.373 33.941 0L285.475 239.03c9.373 9.372 9.373 24.568.001 33.941z\"><\/path><\/svg>\t\t\t<\/span>\n\t\t\t\t\t\t\t\t\t<span class=\"elementor-button-text\">AJOUTER AU PANIER<\/span>\n\t\t\t\t\t<\/span>\n\t\t\t\t\t<\/a>\n\t\t<\/div>\n\t\t\t\t<\/div>\n\t\t\t\t<\/div>\n\t\t\t\t<\/div>\n\t\t\t\t<\/div>\n\t\t<div class=\"elementor-element elementor-element-d60d307 e-con-full e-flex e-con e-child\" data-id=\"d60d307\" data-element_type=\"container\">\n\t\t<div class=\"elementor-element elementor-element-20e5655 e-con-full e-flex e-con e-child\" data-id=\"20e5655\" data-element_type=\"container\">\n\t\t\t\t<div class=\"elementor-element elementor-element-ab52a0b elementor-widget elementor-widget-image\" data-id=\"ab52a0b\" data-element_type=\"widget\" data-widget_type=\"image.default\">\n\t\t\t\t<div class=\"elementor-widget-container\">\n\t\t\t\t\t\t\t\t\t\t\t\t\t<img alt=\"\" decoding=\"async\" width=\"342\" height=\"342\" src=\"https:\/\/www.eberhard-co-watches.ch\/wp-content\/uploads\/2024\/08\/libro-840x840-ita-768x768-1.png\" class=\"attachment-large size-large wp-image-37082\" alt=\"\" srcset=\"https:\/\/www.eberhard-co-watches.ch\/wp-content\/uploads\/2024\/08\/libro-840x840-ita-768x768-1.png 342w, https:\/\/www.eberhard-co-watches.ch\/wp-content\/uploads\/2024\/08\/libro-840x840-ita-768x768-1-300x300.png 300w, https:\/\/www.eberhard-co-watches.ch\/wp-content\/uploads\/2024\/08\/libro-840x840-ita-768x768-1-150x150.png 150w, https:\/\/www.eberhard-co-watches.ch\/wp-content\/uploads\/2024\/08\/libro-840x840-ita-768x768-1-60x60.png 60w, https:\/\/www.eberhard-co-watches.ch\/wp-content\/uploads\/2024\/08\/libro-840x840-ita-768x768-1-100x100.png 100w\" sizes=\"(max-width: 342px) 100vw, 342px\" \/>\t\t\t\t\t\t\t\t\t\t\t\t\t<\/div>\n\t\t\t\t<\/div>\n\t\t\t\t<\/div>\n\t\t<div class=\"elementor-element elementor-element-79b9e3e e-con-full e-flex e-con e-child\" data-id=\"79b9e3e\" data-element_type=\"container\">\n\t\t\t\t<div class=\"elementor-element elementor-element-e9a3367 elementor-widget elementor-widget-heading\" data-id=\"e9a3367\" data-element_type=\"widget\" data-widget_type=\"heading.default\">\n\t\t\t\t<div class=\"elementor-widget-container\">\n\t\t\t<h2 class=\"elementor-heading-title elementor-size-default\">Eberhard &amp; Co.:<br>\nL'Art de D\u00e9fier le Temps\n<\/h2>\t\t<\/div>\n\t\t\t\t<\/div>\n\t\t\t\t<div class=\"elementor-element elementor-element-4891adb elementor-widget elementor-widget-text-editor\" data-id=\"4891adb\" data-element_type=\"widget\" data-widget_type=\"text-editor.default\">\n\t\t\t\t<div class=\"elementor-widget-container\">\n\t\t\t\t\t\t\t<p>Version sans coffret<\/p>\t\t\t\t\t\t<\/div>\n\t\t\t\t<\/div>\n\t\t\t\t<div class=\"elementor-element elementor-element-a4ba9f5 elementor-mobile-align-center elementor-widget elementor-widget-button\" data-id=\"a4ba9f5\" data-element_type=\"widget\" data-widget_type=\"button.default\">\n\t\t\t\t<div class=\"elementor-widget-container\">\n\t\t\t\t\t<div class=\"elementor-button-wrapper\">\n\t\t\t<a class=\"elementor-button elementor-button-link elementor-size-sm\" href=\"https:\/\/www.eberhard-co-watches.ch\/fr\/product\/eberhard-co-larte-di-sfidare-il-tempo-versione-senza-teca\/\">\n\t\t\t\t\t\t<span class=\"elementor-button-content-wrapper\">\n\t\t\t\t\t\t<span class=\"elementor-button-icon\">\n\t\t\t\t<svg aria-hidden=\"true\" class=\"e-font-icon-svg e-fas-chevron-right\" viewBox=\"0 0 320 512\" xmlns=\"http:\/\/www.w3.org\/2000\/svg\"><path d=\"M285.476 272.971L91.132 467.314c-9.373 9.373-24.569 9.373-33.941 0l-22.667-22.667c-9.357-9.357-9.375-24.522-.04-33.901L188.505 256 34.484 101.255c-9.335-9.379-9.317-24.544.04-33.901l22.667-22.667c9.373-9.373 24.569-9.373 33.941 0L285.475 239.03c9.373 9.372 9.373 24.568.001 33.941z\"><\/path><\/svg>\t\t\t<\/span>\n\t\t\t\t\t\t\t\t\t<span class=\"elementor-button-text\">AJOUTER AU PANIER<\/span>\n\t\t\t\t\t<\/span>\n\t\t\t\t\t<\/a>\n\t\t<\/div>\n\t\t\t\t<\/div>\n\t\t\t\t<\/div>\n\t\t\t\t<\/div>\n\t\t\t\t<\/div>\n\t\t\t\t\t<\/div>\n\t\t\t\t<\/div>\n\t\t\t\t<\/div>\n\t\t","protected":false},"excerpt":{"rendered":"<p>L&#8217;Art de D\u00e9fier le Temps Eberhard &amp; Co.: L&#8217;Art de D\u00e9fier le Temps Version avec coffret AJOUTER AU PANIER Eberhard &amp; Co.: L&#8217;Art de D\u00e9fier le Temps Version sans coffret AJOUTER AU PANIER<\/p>\n","protected":false},"author":1,"featured_media":0,"parent":0,"menu_order":0,"comment_status":"closed","ping_status":"closed","template":"elementor_header_footer","meta":{"_acf_changed":false,"_seopress_robots_primary_cat":"","_seopress_titles_title":"","_seopress_titles_desc":"","_seopress_robots_index":"","inline_featured_image":false,"footnotes":""},"class_list":["post-54413","page","type-page","status-publish","hentry"],"acf":[],"yoast_head":"<!-- This site is optimized with the Yoast SEO plugin v23.9 - https:\/\/yoast.com\/wordpress\/plugins\/seo\/ -->\n<title>Eberhard &amp; Co.: L&#039;arte di sfidare il tempo - Eberhard &amp; Co.<\/title>\n<meta name=\"description\" content=\"L&#039;Art de D\u00e9fier le Temps Eberhard &amp; Co.: L&#039;Art de D\u00e9fier le Temps Version avec coffret AJOUTER AU PANIER Eberhard &amp; Co.: L&#039;Art de D\u00e9fier le Temps\" \/>\n<meta name=\"robots\" content=\"index, follow, max-snippet:-1, max-image-preview:large, max-video-preview:-1\" \/>\n<link rel=\"canonical\" href=\"https:\/\/www.eberhard-co-watches.ch\/fr\/eberhard-arte-di-sfidare-il-tempo\/\" \/>\n<meta property=\"og:locale\" content=\"fr_FR\" \/>\n<meta property=\"og:type\" content=\"article\" \/>\n<meta property=\"og:title\" content=\"Eberhard &amp; Co.: L&#039;arte di sfidare il tempo - Eberhard &amp; Co.\" \/>\n<meta property=\"og:description\" content=\"L&#039;Art de D\u00e9fier le Temps Eberhard &amp; Co.: L&#039;Art de D\u00e9fier le Temps Version avec coffret AJOUTER AU PANIER Eberhard &amp; Co.: L&#039;Art de D\u00e9fier le Temps\" \/>\n<meta property=\"og:url\" content=\"https:\/\/www.eberhard-co-watches.ch\/fr\/eberhard-arte-di-sfidare-il-tempo\/\" \/>\n<meta property=\"og:site_name\" content=\"Eberhard &amp; Co.\" \/>\n<meta property=\"article:modified_time\" content=\"2025-03-20T17:35:43+00:00\" \/>\n<meta property=\"og:image\" content=\"https:\/\/www.eberhard-co-watches.ch\/wp-content\/uploads\/2024\/08\/arte.png\" \/>\n\t<meta property=\"og:image:width\" content=\"342\" \/>\n\t<meta property=\"og:image:height\" content=\"342\" \/>\n\t<meta property=\"og:image:type\" content=\"image\/png\" \/>\n<meta name=\"twitter:card\" content=\"summary_large_image\" \/>\n<script type=\"application\/ld+json\" class=\"yoast-schema-graph\">{\"@context\":\"https:\/\/schema.org\",\"@graph\":[{\"@type\":\"WebPage\",\"@id\":\"https:\/\/www.eberhard-co-watches.ch\/fr\/eberhard-arte-di-sfidare-il-tempo\/\",\"url\":\"https:\/\/www.eberhard-co-watches.ch\/fr\/eberhard-arte-di-sfidare-il-tempo\/\",\"name\":\"Eberhard & Co.: L'arte di sfidare il tempo - Eberhard &amp; Co.\",\"isPartOf\":{\"@id\":\"https:\/\/www.eberhard-co-watches.ch\/fr\/#website\"},\"primaryImageOfPage\":{\"@id\":\"https:\/\/www.eberhard-co-watches.ch\/fr\/eberhard-arte-di-sfidare-il-tempo\/#primaryimage\"},\"image\":{\"@id\":\"https:\/\/www.eberhard-co-watches.ch\/fr\/eberhard-arte-di-sfidare-il-tempo\/#primaryimage\"},\"thumbnailUrl\":\"https:\/\/www.eberhard-co-watches.ch\/wp-content\/uploads\/2024\/08\/arte.png\",\"datePublished\":\"2024-11-06T11:46:41+00:00\",\"dateModified\":\"2025-03-20T17:35:43+00:00\",\"description\":\"L'Art de D\u00e9fier le Temps Eberhard &amp; Co.: L'Art de D\u00e9fier le Temps Version avec coffret AJOUTER AU PANIER Eberhard &amp; Co.: L'Art de D\u00e9fier le Temps\",\"inLanguage\":\"fr-FR\",\"potentialAction\":[{\"@type\":\"ReadAction\",\"target\":[\"https:\/\/www.eberhard-co-watches.ch\/fr\/eberhard-arte-di-sfidare-il-tempo\/\"]}]},{\"@type\":\"ImageObject\",\"inLanguage\":\"fr-FR\",\"@id\":\"https:\/\/www.eberhard-co-watches.ch\/fr\/eberhard-arte-di-sfidare-il-tempo\/#primaryimage\",\"url\":\"https:\/\/www.eberhard-co-watches.ch\/wp-content\/uploads\/2024\/08\/arte.png\",\"contentUrl\":\"https:\/\/www.eberhard-co-watches.ch\/wp-content\/uploads\/2024\/08\/arte.png\"},{\"@type\":\"WebSite\",\"@id\":\"https:\/\/www.eberhard-co-watches.ch\/fr\/#website\",\"url\":\"https:\/\/www.eberhard-co-watches.ch\/fr\/\",\"name\":\"Eberhard &amp; Co.\",\"description\":\"\",\"publisher\":{\"@id\":\"https:\/\/www.eberhard-co-watches.ch\/fr\/#organization\"},\"potentialAction\":[{\"@type\":\"SearchAction\",\"target\":{\"@type\":\"EntryPoint\",\"urlTemplate\":\"https:\/\/www.eberhard-co-watches.ch\/fr\/?s={search_term_string}\"},\"query-input\":{\"@type\":\"PropertyValueSpecification\",\"valueRequired\":true,\"valueName\":\"search_term_string\"}}],\"inLanguage\":\"fr-FR\"},{\"@type\":\"Organization\",\"@id\":\"https:\/\/www.eberhard-co-watches.ch\/fr\/#organization\",\"name\":\"Eberhard & Co. Watches\",\"url\":\"https:\/\/www.eberhard-co-watches.ch\/fr\/\",\"logo\":{\"@type\":\"ImageObject\",\"inLanguage\":\"fr-FR\",\"@id\":\"https:\/\/www.eberhard-co-watches.ch\/fr\/#\/schema\/logo\/image\/\",\"url\":\"https:\/\/www.eberhard-co-watches.ch\/wp-content\/uploads\/2026\/05\/cropped-favico-eb.png\",\"contentUrl\":\"https:\/\/www.eberhard-co-watches.ch\/wp-content\/uploads\/2026\/05\/cropped-favico-eb.png\",\"width\":512,\"height\":512,\"caption\":\"Eberhard & Co. Watches\"},\"image\":{\"@id\":\"https:\/\/www.eberhard-co-watches.ch\/fr\/#\/schema\/logo\/image\/\"}}]}<\/script>\n<!-- \/ Yoast SEO plugin. -->","yoast_head_json":{"title":"Eberhard & Co.: L'arte di sfidare il tempo - Eberhard &amp; Co.","description":"L'Art de D\u00e9fier le Temps Eberhard &amp; Co.: L'Art de D\u00e9fier le Temps Version avec coffret AJOUTER AU PANIER Eberhard &amp; Co.: L'Art de D\u00e9fier le Temps","robots":{"index":"index","follow":"follow","max-snippet":"max-snippet:-1","max-image-preview":"max-image-preview:large","max-video-preview":"max-video-preview:-1"},"canonical":"https:\/\/www.eberhard-co-watches.ch\/fr\/eberhard-arte-di-sfidare-il-tempo\/","og_locale":"fr_FR","og_type":"article","og_title":"Eberhard & Co.: L'arte di sfidare il tempo - Eberhard &amp; Co.","og_description":"L'Art de D\u00e9fier le Temps Eberhard &amp; Co.: L'Art de D\u00e9fier le Temps Version avec coffret AJOUTER AU PANIER Eberhard &amp; Co.: L'Art de D\u00e9fier le Temps","og_url":"https:\/\/www.eberhard-co-watches.ch\/fr\/eberhard-arte-di-sfidare-il-tempo\/","og_site_name":"Eberhard &amp; Co.","article_modified_time":"2025-03-20T17:35:43+00:00","og_image":[{"width":342,"height":342,"url":"https:\/\/www.eberhard-co-watches.ch\/wp-content\/uploads\/2024\/08\/arte.png","type":"image\/png"}],"twitter_card":"summary_large_image","schema":{"@context":"https:\/\/schema.org","@graph":[{"@type":"WebPage","@id":"https:\/\/www.eberhard-co-watches.ch\/fr\/eberhard-arte-di-sfidare-il-tempo\/","url":"https:\/\/www.eberhard-co-watches.ch\/fr\/eberhard-arte-di-sfidare-il-tempo\/","name":"Eberhard & Co.: L'arte di sfidare il tempo - Eberhard &amp; Co.","isPartOf":{"@id":"https:\/\/www.eberhard-co-watches.ch\/fr\/#website"},"primaryImageOfPage":{"@id":"https:\/\/www.eberhard-co-watches.ch\/fr\/eberhard-arte-di-sfidare-il-tempo\/#primaryimage"},"image":{"@id":"https:\/\/www.eberhard-co-watches.ch\/fr\/eberhard-arte-di-sfidare-il-tempo\/#primaryimage"},"thumbnailUrl":"https:\/\/www.eberhard-co-watches.ch\/wp-content\/uploads\/2024\/08\/arte.png","datePublished":"2024-11-06T11:46:41+00:00","dateModified":"2025-03-20T17:35:43+00:00","description":"L'Art de D\u00e9fier le Temps Eberhard &amp; Co.: L'Art de D\u00e9fier le Temps Version avec coffret AJOUTER AU PANIER Eberhard &amp; Co.: L'Art de D\u00e9fier le Temps","inLanguage":"fr-FR","potentialAction":[{"@type":"ReadAction","target":["https:\/\/www.eberhard-co-watches.ch\/fr\/eberhard-arte-di-sfidare-il-tempo\/"]}]},{"@type":"ImageObject","inLanguage":"fr-FR","@id":"https:\/\/www.eberhard-co-watches.ch\/fr\/eberhard-arte-di-sfidare-il-tempo\/#primaryimage","url":"https:\/\/www.eberhard-co-watches.ch\/wp-content\/uploads\/2024\/08\/arte.png","contentUrl":"https:\/\/www.eberhard-co-watches.ch\/wp-content\/uploads\/2024\/08\/arte.png"},{"@type":"WebSite","@id":"https:\/\/www.eberhard-co-watches.ch\/fr\/#website","url":"https:\/\/www.eberhard-co-watches.ch\/fr\/","name":"Eberhard &amp; Co.","description":"","publisher":{"@id":"https:\/\/www.eberhard-co-watches.ch\/fr\/#organization"},"potentialAction":[{"@type":"SearchAction","target":{"@type":"EntryPoint","urlTemplate":"https:\/\/www.eberhard-co-watches.ch\/fr\/?s={search_term_string}"},"query-input":{"@type":"PropertyValueSpecification","valueRequired":true,"valueName":"search_term_string"}}],"inLanguage":"fr-FR"},{"@type":"Organization","@id":"https:\/\/www.eberhard-co-watches.ch\/fr\/#organization","name":"Eberhard & Co. Watches","url":"https:\/\/www.eberhard-co-watches.ch\/fr\/","logo":{"@type":"ImageObject","inLanguage":"fr-FR","@id":"https:\/\/www.eberhard-co-watches.ch\/fr\/#\/schema\/logo\/image\/","url":"https:\/\/www.eberhard-co-watches.ch\/wp-content\/uploads\/2026\/05\/cropped-favico-eb.png","contentUrl":"https:\/\/www.eberhard-co-watches.ch\/wp-content\/uploads\/2026\/05\/cropped-favico-eb.png","width":512,"height":512,"caption":"Eberhard & Co. Watches"},"image":{"@id":"https:\/\/www.eberhard-co-watches.ch\/fr\/#\/schema\/logo\/image\/"}}]}},"_links":{"self":[{"href":"https:\/\/www.eberhard-co-watches.ch\/fr\/wp-json\/wp\/v2\/pages\/54413"}],"collection":[{"href":"https:\/\/www.eberhard-co-watches.ch\/fr\/wp-json\/wp\/v2\/pages"}],"about":[{"href":"https:\/\/www.eberhard-co-watches.ch\/fr\/wp-json\/wp\/v2\/types\/page"}],"author":[{"embeddable":true,"href":"https:\/\/www.eberhard-co-watches.ch\/fr\/wp-json\/wp\/v2\/users\/1"}],"replies":[{"embeddable":true,"href":"https:\/\/www.eberhard-co-watches.ch\/fr\/wp-json\/wp\/v2\/comments?post=54413"}],"version-history":[{"count":4,"href":"https:\/\/www.eberhard-co-watches.ch\/fr\/wp-json\/wp\/v2\/pages\/54413\/revisions"}],"predecessor-version":[{"id":54419,"href":"https:\/\/www.eberhard-co-watches.ch\/fr\/wp-json\/wp\/v2\/pages\/54413\/revisions\/54419"}],"wp:attachment":[{"href":"https:\/\/www.eberhard-co-watches.ch\/fr\/wp-json\/wp\/v2\/media?parent=54413"}],"curies":[{"name":"wp","href":"https:\/\/api.w.org\/{rel}","templated":true}]}}