{"id":55358,"date":"2025-03-26T01:16:51","date_gmt":"2025-03-26T00:16:51","guid":{"rendered":"https:\/\/www.eberhard-co-watches.ch\/press-register\/"},"modified":"2025-03-26T02:25:12","modified_gmt":"2025-03-26T01:25:12","slug":"press-register","status":"publish","type":"page","link":"https:\/\/www.eberhard-co-watches.ch\/fr\/press-register\/","title":{"rendered":"Enregistrement Press Area"},"content":{"rendered":"\t\t<div data-elementor-type=\"wp-page\" data-elementor-id=\"55358\" class=\"elementor elementor-55358 elementor-55321\" data-elementor-post-type=\"page\">\n\t\t\t\t<div class=\"elementor-element elementor-element-7c5c881 e-flex e-con-boxed e-con e-parent\" data-id=\"7c5c881\" data-element_type=\"container\">\n\t\t\t\t\t<div class=\"e-con-inner\">\n\t\t\t\t<div class=\"elementor-element elementor-element-b662a08 animated-slow elementor-invisible elementor-widget elementor-widget-theme-post-title elementor-page-title elementor-widget-heading\" data-id=\"b662a08\" data-element_type=\"widget\" data-settings=\"{&quot;_animation&quot;:&quot;fadeIn&quot;}\" data-widget_type=\"theme-post-title.default\">\n\t\t\t\t<div class=\"elementor-widget-container\">\n\t\t\t<h1 class=\"elementor-heading-title elementor-size-default\">Enregistrement Press Area<\/h1>\t\t<\/div>\n\t\t\t\t<\/div>\n\t\t\t\t\t<\/div>\n\t\t\t\t<\/div>\n\t\t<div class=\"elementor-element elementor-element-9f971ab e-flex e-con-boxed e-con e-parent\" data-id=\"9f971ab\" data-element_type=\"container\">\n\t\t\t\t\t<div class=\"e-con-inner\">\n\t\t\t\t<div class=\"elementor-element elementor-element-d85ac70 elementor-widget elementor-widget-text-editor\" data-id=\"d85ac70\" data-element_type=\"widget\" data-widget_type=\"text-editor.default\">\n\t\t\t\t<div class=\"elementor-widget-container\">\n\t\t\t\t\t\t\t<div id=\"wpmem_login\"><a id=\"login\"><\/a><form action=\"https:\/\/www.eberhard-co-watches.ch\/fr\/press-register\/\" method=\"POST\" id=\"wpmem_login_form\" class=\"form\"><input type=\"hidden\" id=\"_wpmem_login_nonce\" name=\"_wpmem_login_nonce\" value=\"d9ff245947\" \/><input type=\"hidden\" name=\"_wp_http_referer\" value=\"\/fr\/wp-json\/wp\/v2\/pages\/55358\" \/><fieldset><legend>Connexion pour les utilisateurs enregistr\u00e9s<\/legend><label for=\"log\">Identifiant ou e-mail<\/label><div class=\"div_text\"><input name=\"log\" type=\"text\" id=\"log\" value=\"\" class=\"username\" required  \/><\/div><label for=\"pwd\">Mot de passe<\/label><div class=\"div_text\"><input name=\"pwd\" type=\"password\" id=\"pwd\" class=\"password\" required  \/><\/div><input name=\"a\" type=\"hidden\" value=\"login\" \/><input name=\"redirect_to\" type=\"hidden\" value=\"https:\/\/www.eberhard-co-watches.ch\/fr\/press-register\/\" \/><div class=\"button_div\"><input name=\"rememberme\" type=\"checkbox\" id=\"rememberme\" value=\"forever\" \/>&nbsp;<label for=\"rememberme\">Se souvenir de moi<\/label>&nbsp;&nbsp;<input type=\"submit\" name=\"Submit\" value=\"Connexion\" class=\"buttons\" \/><\/div><div class=\"link-text\"><span class=\"link-text-forgot\">Mot de passe oubli\u00e9\u00a0?&nbsp;<a href=\"https:\/\/www.eberhard-co-watches.ch\/fr\/recuperation-du-mot-de-passe\/?a=pwdreset\">Cliquez ici pour r\u00e9initialiser<\/a><\/span><\/div><\/fieldset><\/form><\/div>\t\t\t\t\t\t<\/div>\n\t\t\t\t<\/div>\n\t\t\t\t<div class=\"elementor-element elementor-element-0c243c3 elementor-widget elementor-widget-text-editor\" data-id=\"0c243c3\" data-element_type=\"widget\" data-widget_type=\"text-editor.default\">\n\t\t\t\t<div class=\"elementor-widget-container\">\n\t\t\t\t\t\t\t<p><div id=\"wpmem_reg\"><a id=\"register\"><\/a><form name=\"form\" method=\"post\" action=\"https:\/\/www.eberhard-co-watches.ch\/fr\/press-register\/\" id=\"wpmem_register_form\" class=\"form\"><input type=\"hidden\" id=\"_wpmem_register_nonce\" name=\"_wpmem_register_nonce\" value=\"e4bac63981\" \/><input type=\"hidden\" name=\"_wp_http_referer\" value=\"\/fr\/wp-json\/wp\/v2\/pages\/55358\" \/><fieldset><legend>Nouvel utilisateur\u00a0?<\/legend><label for=\"username\" class=\"text\">Choisissez un Nom d\u2019utilisateur<span class=\"req\">*<\/span><\/label><div class=\"div_text\"><input name=\"username\" type=\"text\" id=\"username\" value=\"\" class=\"textbox\" required  \/><\/div><label for=\"user_email\" class=\"text\">Courriel<span class=\"req\">*<\/span><\/label><div class=\"div_text\"><input name=\"user_email\" type=\"email\" id=\"user_email\" value=\"\" class=\"textbox\" required  \/><\/div><label for=\"password\" class=\"text\">Mot de passe<span class=\"req\">*<\/span><\/label><div class=\"div_text\"><input name=\"password\" type=\"password\" id=\"password\" class=\"textbox\" required  \/><\/div><label for=\"title\" class=\"text\">Titre<span class=\"req\">*<\/span><\/label><div class=\"div_text\"><input name=\"title\" type=\"text\" id=\"title\" value=\"\" class=\"textbox\" required  \/><\/div><label for=\"first_name\" class=\"text\">Pr\u00e9nom<span class=\"req\">*<\/span><\/label><div class=\"div_text\"><input name=\"first_name\" type=\"text\" id=\"first_name\" value=\"\" class=\"textbox\" required  \/><\/div><label for=\"last_name\" class=\"text\">Nom<span class=\"req\">*<\/span><\/label><div class=\"div_text\"><input name=\"last_name\" type=\"text\" id=\"last_name\" value=\"\" class=\"textbox\" required  \/><\/div><label for=\"phone1\" class=\"text\">Num\u00e9ro de t\u00e9l\u00e9phone<span class=\"req\">*<\/span><\/label><div class=\"div_text\"><input name=\"phone1\" type=\"text\" id=\"phone1\" value=\"\" class=\"textbox\" required  \/><\/div><label for=\"retail\" class=\"text\">Retail<\/label><div class=\"div_text\"><input name=\"retail\" type=\"text\" id=\"retail\" value=\"\" class=\"textbox\" \/><\/div><label for=\"user_url\" class=\"text\">Site web<\/label><div class=\"div_text\"><input name=\"user_url\" type=\"url\" id=\"user_url\" value=\"\" class=\"textbox\" \/><\/div><label for=\"job_title\" class=\"text\">Intitul\u00e9 du poste<\/label><div class=\"div_text\"><input name=\"job_title\" type=\"text\" id=\"job_title\" value=\"\" class=\"textbox\" \/><\/div><label for=\"media_name\" class=\"text\">Nom du m\u00e9dia<\/label><div class=\"div_text\"><input name=\"media_name\" type=\"text\" id=\"media_name\" value=\"\" class=\"textbox\" \/><\/div><label for=\"media_category\" class=\"text\">Cat\u00e9gorie de m\u00e9dia<\/label><div class=\"div_text\"><input name=\"media_category\" type=\"text\" id=\"media_category\" value=\"\" class=\"textbox\" \/><\/div><label for=\"media_address\" class=\"text\">Adresse<\/label><div class=\"div_text\"><input name=\"media_address\" type=\"text\" id=\"media_address\" value=\"\" class=\"textbox\" \/><\/div><label for=\"city\" class=\"text\">Ville<\/label><div class=\"div_text\"><input name=\"city\" type=\"text\" id=\"city\" value=\"\" class=\"textbox\" \/><\/div><label for=\"country\" class=\"text\">Pays<\/label><div class=\"div_text\"><input name=\"country\" type=\"text\" id=\"country\" value=\"\" class=\"textbox\" \/><\/div><label for=\"zip\" class=\"text\">Code postal<\/label><div class=\"div_text\"><input name=\"zip\" type=\"text\" id=\"zip\" value=\"\" class=\"textbox\" \/><\/div><div class=\"div_text\"><input name=\"tos\" type=\"checkbox\" id=\"tos\" value=\"agree\" required  \/> <a href=\"#\" onClick=\"window.open('\/fr\/wp-json\/wp\/v2\/pages\/55358?tos=display','tos');\">Terms and Conditions<\/a><span class=\"req\">*<\/span><\/div><label for=\"service_user\" class=\"checkbox\">Accesso area servizi<\/label><div class=\"div_checkbox\"><input name=\"service_user\" type=\"checkbox\" id=\"service_user\" value=\"1\" \/><\/div><label for=\"press_user\" class=\"checkbox\">Accesso Press Area<\/label><div class=\"div_checkbox\"><input name=\"press_user\" type=\"checkbox\" id=\"press_user\" value=\"1\" \/><\/div><label for=\"privacy\" class=\"checkbox\"><div class=\"privacy-consent-text\">            <strong>Consentement du site web pour les communications commerciales<\/strong><br>            En cochant la case suivante:<br>            \u2022 Je d\u00e9clare avoir lu et accept\u00e9 dans son int\u00e9gralit\u00e9 la politique de confidentialit\u00e9 sur l&#8217;utilisation des donn\u00e9es personnelles par EBERHARD &#038; Co. et ses filiales disponible \u00e0 l&#8217;adresse suivante: <a href=\"https:\/\/eberhard-co-watches.ch\/legal-notes\/\" target=\"_blank\">www.eberhard-co-watches.ch\/legal-notes\/<\/a> ;<br>            \u2022 J&#8217;autorise EBERHARD &#038; Co. et ses filiales \u00e0 traiter mes donn\u00e9es personnelles pour l&#8217;envoi de communications (par email, fax, courrier postal, SMS et MMS) de nature informative ou commerciale, mat\u00e9riel publicitaire, newsletters et promotions relatives aux activit\u00e9s, produits et services propos\u00e9s par EBERHARD &#038; Co.<br>            Conform\u00e9ment au R\u00e8glement 679\/2016 sur la protection des donn\u00e9es personnelles:<br>            <span class=\"authorize\">J&#8217;autorise le traitement<\/span>        <\/div><span class=\"req\">*<\/span><\/label><div class=\"div_checkbox\"><input name=\"privacy\" type=\"checkbox\" id=\"privacy\" value=\"privacy-agree\" required  \/><\/div><div class=\"clear\"><\/div><div class=\"captcha\"><script src=\"https:\/\/www.google.com\/recaptcha\/api.js\" async defer><\/script><div class=\"g-recaptcha\" data-sitekey=\"6LexSqEqAAAAANkMcyuPBkyut3p5189mULKg8FUt\"><\/div><\/div><input name=\"a\" type=\"hidden\" value=\"register\" \/><input name=\"wpmem_reg_page\" type=\"hidden\" value=\"https:\/\/www.eberhard-co-watches.ch\/fr\/press-register\/\" \/><div class=\"button_div\"><input name=\"submit\" type=\"submit\" value=\"S\u2019enregistrer\" class=\"buttons\" \/><\/div><div class=\"req-text\"><span class=\"req\">*<\/span>Champ requis<\/div><\/fieldset><\/form><\/div><\/p>\t\t\t\t\t\t<\/div>\n\t\t\t\t<\/div>\n\t\t\t\t<div class=\"elementor-element elementor-element-ce4f98f elementor-widget elementor-widget-html\" data-id=\"ce4f98f\" data-element_type=\"widget\" data-widget_type=\"html.default\">\n\t\t\t\t<div class=\"elementor-widget-container\">\n\t\t\t<script type=\"text\/javascript\">\n\tjQuery(function ($) {\n\t\t$(\"[name*='media_'],[name*='job_']\").attr(\"required\", true);\n\t\t$(\"[for*='media_'],[for*='job_']\").each(function () {\n\t\t\t$(this).append('<span class=\"req\">*<\/span>');\n\t\t});\n\t\t$(\"[name*='retail'],label[for='retail']\").hide();\n\t\t$(\"[name='press_user']\").prop(\"checked\", true);\n\t});\n<\/script>\t\t<\/div>\n\t\t\t\t<\/div>\n\t\t\t\t\t<\/div>\n\t\t\t\t<\/div>\n\t\t\t\t<\/div>\n\t\t","protected":false},"excerpt":{"rendered":"","protected":false},"author":1,"featured_media":0,"parent":0,"menu_order":0,"comment_status":"closed","ping_status":"closed","template":"elementor_header_footer","meta":{"_acf_changed":false,"_seopress_robots_primary_cat":"","_seopress_titles_title":"","_seopress_titles_desc":"","_seopress_robots_index":"","inline_featured_image":false,"footnotes":""},"class_list":["post-55358","page","type-page","status-publish","hentry"],"acf":[],"yoast_head":"<!-- This site is optimized with the Yoast SEO plugin v23.9 - https:\/\/yoast.com\/wordpress\/plugins\/seo\/ -->\n<title>Enregistrement Press Area - Eberhard &amp; Co.<\/title>\n<meta name=\"robots\" content=\"index, follow, max-snippet:-1, max-image-preview:large, max-video-preview:-1\" \/>\n<link rel=\"canonical\" href=\"https:\/\/www.eberhard-co-watches.ch\/fr\/press-register\/\" \/>\n<meta property=\"og:locale\" content=\"fr_FR\" \/>\n<meta property=\"og:type\" content=\"article\" \/>\n<meta property=\"og:title\" content=\"Enregistrement Press Area - Eberhard &amp; Co.\" \/>\n<meta property=\"og:url\" content=\"https:\/\/www.eberhard-co-watches.ch\/fr\/press-register\/\" \/>\n<meta property=\"og:site_name\" content=\"Eberhard &amp; Co.\" \/>\n<meta property=\"article:modified_time\" content=\"2025-03-26T01:25:12+00:00\" \/>\n<meta name=\"twitter:card\" content=\"summary_large_image\" \/>\n<script type=\"application\/ld+json\" class=\"yoast-schema-graph\">{\"@context\":\"https:\/\/schema.org\",\"@graph\":[{\"@type\":\"WebPage\",\"@id\":\"https:\/\/www.eberhard-co-watches.ch\/fr\/press-register\/\",\"url\":\"https:\/\/www.eberhard-co-watches.ch\/fr\/press-register\/\",\"name\":\"Enregistrement Press Area - Eberhard &amp; Co.\",\"isPartOf\":{\"@id\":\"https:\/\/www.eberhard-co-watches.ch\/fr\/#website\"},\"datePublished\":\"2025-03-26T00:16:51+00:00\",\"dateModified\":\"2025-03-26T01:25:12+00:00\",\"inLanguage\":\"fr-FR\",\"potentialAction\":[{\"@type\":\"ReadAction\",\"target\":[\"https:\/\/www.eberhard-co-watches.ch\/fr\/press-register\/\"]}]},{\"@type\":\"WebSite\",\"@id\":\"https:\/\/www.eberhard-co-watches.ch\/fr\/#website\",\"url\":\"https:\/\/www.eberhard-co-watches.ch\/fr\/\",\"name\":\"Eberhard &amp; Co.\",\"description\":\"\",\"publisher\":{\"@id\":\"https:\/\/www.eberhard-co-watches.ch\/fr\/#organization\"},\"potentialAction\":[{\"@type\":\"SearchAction\",\"target\":{\"@type\":\"EntryPoint\",\"urlTemplate\":\"https:\/\/www.eberhard-co-watches.ch\/fr\/?s={search_term_string}\"},\"query-input\":{\"@type\":\"PropertyValueSpecification\",\"valueRequired\":true,\"valueName\":\"search_term_string\"}}],\"inLanguage\":\"fr-FR\"},{\"@type\":\"Organization\",\"@id\":\"https:\/\/www.eberhard-co-watches.ch\/fr\/#organization\",\"name\":\"Eberhard & Co. Watches\",\"url\":\"https:\/\/www.eberhard-co-watches.ch\/fr\/\",\"logo\":{\"@type\":\"ImageObject\",\"inLanguage\":\"fr-FR\",\"@id\":\"https:\/\/www.eberhard-co-watches.ch\/fr\/#\/schema\/logo\/image\/\",\"url\":\"\",\"contentUrl\":\"\",\"caption\":\"Eberhard & Co. Watches\"},\"image\":{\"@id\":\"https:\/\/www.eberhard-co-watches.ch\/fr\/#\/schema\/logo\/image\/\"}}]}<\/script>\n<!-- \/ Yoast SEO plugin. -->","yoast_head_json":{"title":"Enregistrement Press Area - Eberhard &amp; Co.","robots":{"index":"index","follow":"follow","max-snippet":"max-snippet:-1","max-image-preview":"max-image-preview:large","max-video-preview":"max-video-preview:-1"},"canonical":"https:\/\/www.eberhard-co-watches.ch\/fr\/press-register\/","og_locale":"fr_FR","og_type":"article","og_title":"Enregistrement Press Area - Eberhard &amp; Co.","og_url":"https:\/\/www.eberhard-co-watches.ch\/fr\/press-register\/","og_site_name":"Eberhard &amp; Co.","article_modified_time":"2025-03-26T01:25:12+00:00","twitter_card":"summary_large_image","schema":{"@context":"https:\/\/schema.org","@graph":[{"@type":"WebPage","@id":"https:\/\/www.eberhard-co-watches.ch\/fr\/press-register\/","url":"https:\/\/www.eberhard-co-watches.ch\/fr\/press-register\/","name":"Enregistrement Press Area - Eberhard &amp; Co.","isPartOf":{"@id":"https:\/\/www.eberhard-co-watches.ch\/fr\/#website"},"datePublished":"2025-03-26T00:16:51+00:00","dateModified":"2025-03-26T01:25:12+00:00","inLanguage":"fr-FR","potentialAction":[{"@type":"ReadAction","target":["https:\/\/www.eberhard-co-watches.ch\/fr\/press-register\/"]}]},{"@type":"WebSite","@id":"https:\/\/www.eberhard-co-watches.ch\/fr\/#website","url":"https:\/\/www.eberhard-co-watches.ch\/fr\/","name":"Eberhard &amp; Co.","description":"","publisher":{"@id":"https:\/\/www.eberhard-co-watches.ch\/fr\/#organization"},"potentialAction":[{"@type":"SearchAction","target":{"@type":"EntryPoint","urlTemplate":"https:\/\/www.eberhard-co-watches.ch\/fr\/?s={search_term_string}"},"query-input":{"@type":"PropertyValueSpecification","valueRequired":true,"valueName":"search_term_string"}}],"inLanguage":"fr-FR"},{"@type":"Organization","@id":"https:\/\/www.eberhard-co-watches.ch\/fr\/#organization","name":"Eberhard & Co. Watches","url":"https:\/\/www.eberhard-co-watches.ch\/fr\/","logo":{"@type":"ImageObject","inLanguage":"fr-FR","@id":"https:\/\/www.eberhard-co-watches.ch\/fr\/#\/schema\/logo\/image\/","url":"","contentUrl":"","caption":"Eberhard & Co. Watches"},"image":{"@id":"https:\/\/www.eberhard-co-watches.ch\/fr\/#\/schema\/logo\/image\/"}}]}},"_links":{"self":[{"href":"https:\/\/www.eberhard-co-watches.ch\/fr\/wp-json\/wp\/v2\/pages\/55358"}],"collection":[{"href":"https:\/\/www.eberhard-co-watches.ch\/fr\/wp-json\/wp\/v2\/pages"}],"about":[{"href":"https:\/\/www.eberhard-co-watches.ch\/fr\/wp-json\/wp\/v2\/types\/page"}],"author":[{"embeddable":true,"href":"https:\/\/www.eberhard-co-watches.ch\/fr\/wp-json\/wp\/v2\/users\/1"}],"replies":[{"embeddable":true,"href":"https:\/\/www.eberhard-co-watches.ch\/fr\/wp-json\/wp\/v2\/comments?post=55358"}],"version-history":[{"count":4,"href":"https:\/\/www.eberhard-co-watches.ch\/fr\/wp-json\/wp\/v2\/pages\/55358\/revisions"}],"predecessor-version":[{"id":55373,"href":"https:\/\/www.eberhard-co-watches.ch\/fr\/wp-json\/wp\/v2\/pages\/55358\/revisions\/55373"}],"wp:attachment":[{"href":"https:\/\/www.eberhard-co-watches.ch\/fr\/wp-json\/wp\/v2\/media?parent=55358"}],"curies":[{"name":"wp","href":"https:\/\/api.w.org\/{rel}","templated":true}]}}