{"id":75064,"date":"2025-10-09T01:42:50","date_gmt":"2025-10-08T23:42:50","guid":{"rendered":"https:\/\/www.eberhard-co-watches.ch\/accessibilita\/"},"modified":"2025-10-09T02:00:22","modified_gmt":"2025-10-09T00:00:22","slug":"accessibilite","status":"publish","type":"page","link":"https:\/\/www.eberhard-co-watches.ch\/fr\/accessibilite\/","title":{"rendered":"Accessibilit\u00e9"},"content":{"rendered":"\t\t<div data-elementor-type=\"wp-page\" data-elementor-id=\"75064\" class=\"elementor elementor-75064 elementor-75037\" data-elementor-post-type=\"page\">\n\t\t\t\t<div class=\"elementor-element elementor-element-3926f68 e-flex e-con-boxed e-con e-parent\" data-id=\"3926f68\" data-element_type=\"container\">\n\t\t\t\t\t<div class=\"e-con-inner\">\n\t\t\t\t<div class=\"elementor-element elementor-element-a153306 animated-slow elementor-invisible elementor-widget elementor-widget-theme-post-title elementor-page-title elementor-widget-heading\" data-id=\"a153306\" data-element_type=\"widget\" data-settings=\"{&quot;_animation&quot;:&quot;fadeIn&quot;}\" data-widget_type=\"theme-post-title.default\">\n\t\t\t\t<div class=\"elementor-widget-container\">\n\t\t\t<h1 class=\"elementor-heading-title elementor-size-default\">Accessibilit\u00e9<\/h1>\t\t<\/div>\n\t\t\t\t<\/div>\n\t\t\t\t<div class=\"elementor-element elementor-element-d371173 elementor-widget elementor-widget-text-editor\" data-id=\"d371173\" data-element_type=\"widget\" data-widget_type=\"text-editor.default\">\n\t\t\t\t<div class=\"elementor-widget-container\">\n\t\t\t\t\t\t\t<p><strong>Eberhard &amp; Co. s\u2019engage \u00e0 faire du web un espace ouvert et accessible \u00e0 tous.<\/strong><\/p><p>La Maison veille \u00e0 ce que son site soit utilisable par le plus grand nombre, quelles que soient les circonstances personnelles, environnementales ou les capacit\u00e9s individuelles.<\/p><p>\u00c0 cette fin, la conformit\u00e9 aux R\u00e8gles pour l\u2019Accessibilit\u00e9 des Contenus Web (WCAG 2.1), \u00e9tablies par le World Wide Web Consortium (W3C), est activement poursuivie afin d\u2019offrir une exp\u00e9rience inclusive aux utilisateurs ayant des besoins vari\u00e9s. Malgr\u00e9 les efforts constants d\u00e9ploy\u00e9s pour am\u00e9liorer l\u2019accessibilit\u00e9 du site, certaines pages ou sections peuvent ne pas encore \u00eatre pleinement conformes.<\/p><p>L\u2019accessibilit\u00e9 est optimis\u00e9e de mani\u00e8re progressive, par la mise \u00e0 jour des fonctionnalit\u00e9s existantes et l\u2019adoption de technologies en phase avec l\u2019\u00e9volution des standards num\u00e9riques.<\/p><p><a href=\"https:\/\/www.eberhard-co-watches.ch\/wp-content\/uploads\/2025\/10\/Declaration-daccessibilite.pdf\"><strong><u>T\u00c9L\u00c9CHARGER LA D\u00c9CLARATION D\u2019ACCESSIBILIT\u00c9<\/u><\/strong><\/a><\/p>\t\t\t\t\t\t<\/div>\n\t\t\t\t<\/div>\n\t\t\t\t\t<\/div>\n\t\t\t\t<\/div>\n\t\t\t\t<\/div>\n\t\t","protected":false},"excerpt":{"rendered":"<p>Eberhard &amp; Co. s\u2019engage \u00e0 faire du web un espace ouvert et accessible \u00e0 tous. La Maison veille \u00e0 ce que son site soit utilisable par le plus grand nombre, quelles que soient les circonstances personnelles, environnementales ou les capacit\u00e9s individuelles. \u00c0 cette fin, la conformit\u00e9 aux R\u00e8gles pour l\u2019Accessibilit\u00e9 des Contenus Web (WCAG 2.1), [&hellip;]<\/p>\n","protected":false},"author":1,"featured_media":0,"parent":0,"menu_order":0,"comment_status":"closed","ping_status":"closed","template":"elementor_header_footer","meta":{"_acf_changed":false,"_seopress_robots_primary_cat":"","_seopress_titles_title":"","_seopress_titles_desc":"","_seopress_robots_index":"","inline_featured_image":false,"footnotes":""},"class_list":["post-75064","page","type-page","status-publish","hentry"],"acf":[],"yoast_head":"<!-- This site is optimized with the Yoast SEO plugin v23.9 - https:\/\/yoast.com\/wordpress\/plugins\/seo\/ -->\n<title>Accessibilit\u00e9 - Eberhard &amp; Co.<\/title>\n<meta name=\"description\" content=\"Eberhard &amp; Co. s\u2019engage \u00e0 faire du web un espace ouvert et accessible \u00e0 tous.La Maison veille \u00e0 ce que son site soit utilisable par le plus grand\" \/>\n<meta name=\"robots\" content=\"index, follow, max-snippet:-1, max-image-preview:large, max-video-preview:-1\" \/>\n<link rel=\"canonical\" href=\"https:\/\/www.eberhard-co-watches.ch\/fr\/accessibilite\/\" \/>\n<meta property=\"og:locale\" content=\"fr_FR\" \/>\n<meta property=\"og:type\" content=\"article\" \/>\n<meta property=\"og:title\" content=\"Accessibilit\u00e9 - Eberhard &amp; Co.\" \/>\n<meta property=\"og:description\" content=\"Eberhard &amp; Co. s\u2019engage \u00e0 faire du web un espace ouvert et accessible \u00e0 tous.La Maison veille \u00e0 ce que son site soit utilisable par le plus grand\" \/>\n<meta property=\"og:url\" content=\"https:\/\/www.eberhard-co-watches.ch\/fr\/accessibilite\/\" \/>\n<meta property=\"og:site_name\" content=\"Eberhard &amp; Co.\" \/>\n<meta property=\"article:modified_time\" content=\"2025-10-09T00:00:22+00:00\" \/>\n<meta name=\"twitter:card\" content=\"summary_large_image\" \/>\n<script type=\"application\/ld+json\" class=\"yoast-schema-graph\">{\"@context\":\"https:\/\/schema.org\",\"@graph\":[{\"@type\":\"WebPage\",\"@id\":\"https:\/\/www.eberhard-co-watches.ch\/fr\/accessibilite\/\",\"url\":\"https:\/\/www.eberhard-co-watches.ch\/fr\/accessibilite\/\",\"name\":\"Accessibilit\u00e9 - Eberhard &amp; Co.\",\"isPartOf\":{\"@id\":\"https:\/\/www.eberhard-co-watches.ch\/fr\/#website\"},\"datePublished\":\"2025-10-08T23:42:50+00:00\",\"dateModified\":\"2025-10-09T00:00:22+00:00\",\"description\":\"Eberhard &amp; Co. s\u2019engage \u00e0 faire du web un espace ouvert et accessible \u00e0 tous.La Maison veille \u00e0 ce que son site soit utilisable par le plus grand\",\"inLanguage\":\"fr-FR\",\"potentialAction\":[{\"@type\":\"ReadAction\",\"target\":[\"https:\/\/www.eberhard-co-watches.ch\/fr\/accessibilite\/\"]}]},{\"@type\":\"WebSite\",\"@id\":\"https:\/\/www.eberhard-co-watches.ch\/fr\/#website\",\"url\":\"https:\/\/www.eberhard-co-watches.ch\/fr\/\",\"name\":\"Eberhard &amp; Co.\",\"description\":\"\",\"publisher\":{\"@id\":\"https:\/\/www.eberhard-co-watches.ch\/fr\/#organization\"},\"potentialAction\":[{\"@type\":\"SearchAction\",\"target\":{\"@type\":\"EntryPoint\",\"urlTemplate\":\"https:\/\/www.eberhard-co-watches.ch\/fr\/?s={search_term_string}\"},\"query-input\":{\"@type\":\"PropertyValueSpecification\",\"valueRequired\":true,\"valueName\":\"search_term_string\"}}],\"inLanguage\":\"fr-FR\"},{\"@type\":\"Organization\",\"@id\":\"https:\/\/www.eberhard-co-watches.ch\/fr\/#organization\",\"name\":\"Eberhard & Co. Watches\",\"url\":\"https:\/\/www.eberhard-co-watches.ch\/fr\/\",\"logo\":{\"@type\":\"ImageObject\",\"inLanguage\":\"fr-FR\",\"@id\":\"https:\/\/www.eberhard-co-watches.ch\/fr\/#\/schema\/logo\/image\/\",\"url\":\"\",\"contentUrl\":\"\",\"caption\":\"Eberhard & Co. Watches\"},\"image\":{\"@id\":\"https:\/\/www.eberhard-co-watches.ch\/fr\/#\/schema\/logo\/image\/\"}}]}<\/script>\n<!-- \/ Yoast SEO plugin. -->","yoast_head_json":{"title":"Accessibilit\u00e9 - Eberhard &amp; Co.","description":"Eberhard &amp; Co. s\u2019engage \u00e0 faire du web un espace ouvert et accessible \u00e0 tous.La Maison veille \u00e0 ce que son site soit utilisable par le plus grand","robots":{"index":"index","follow":"follow","max-snippet":"max-snippet:-1","max-image-preview":"max-image-preview:large","max-video-preview":"max-video-preview:-1"},"canonical":"https:\/\/www.eberhard-co-watches.ch\/fr\/accessibilite\/","og_locale":"fr_FR","og_type":"article","og_title":"Accessibilit\u00e9 - Eberhard &amp; Co.","og_description":"Eberhard &amp; Co. s\u2019engage \u00e0 faire du web un espace ouvert et accessible \u00e0 tous.La Maison veille \u00e0 ce que son site soit utilisable par le plus grand","og_url":"https:\/\/www.eberhard-co-watches.ch\/fr\/accessibilite\/","og_site_name":"Eberhard &amp; Co.","article_modified_time":"2025-10-09T00:00:22+00:00","twitter_card":"summary_large_image","schema":{"@context":"https:\/\/schema.org","@graph":[{"@type":"WebPage","@id":"https:\/\/www.eberhard-co-watches.ch\/fr\/accessibilite\/","url":"https:\/\/www.eberhard-co-watches.ch\/fr\/accessibilite\/","name":"Accessibilit\u00e9 - Eberhard &amp; Co.","isPartOf":{"@id":"https:\/\/www.eberhard-co-watches.ch\/fr\/#website"},"datePublished":"2025-10-08T23:42:50+00:00","dateModified":"2025-10-09T00:00:22+00:00","description":"Eberhard &amp; Co. s\u2019engage \u00e0 faire du web un espace ouvert et accessible \u00e0 tous.La Maison veille \u00e0 ce que son site soit utilisable par le plus grand","inLanguage":"fr-FR","potentialAction":[{"@type":"ReadAction","target":["https:\/\/www.eberhard-co-watches.ch\/fr\/accessibilite\/"]}]},{"@type":"WebSite","@id":"https:\/\/www.eberhard-co-watches.ch\/fr\/#website","url":"https:\/\/www.eberhard-co-watches.ch\/fr\/","name":"Eberhard &amp; Co.","description":"","publisher":{"@id":"https:\/\/www.eberhard-co-watches.ch\/fr\/#organization"},"potentialAction":[{"@type":"SearchAction","target":{"@type":"EntryPoint","urlTemplate":"https:\/\/www.eberhard-co-watches.ch\/fr\/?s={search_term_string}"},"query-input":{"@type":"PropertyValueSpecification","valueRequired":true,"valueName":"search_term_string"}}],"inLanguage":"fr-FR"},{"@type":"Organization","@id":"https:\/\/www.eberhard-co-watches.ch\/fr\/#organization","name":"Eberhard & Co. Watches","url":"https:\/\/www.eberhard-co-watches.ch\/fr\/","logo":{"@type":"ImageObject","inLanguage":"fr-FR","@id":"https:\/\/www.eberhard-co-watches.ch\/fr\/#\/schema\/logo\/image\/","url":"","contentUrl":"","caption":"Eberhard & Co. Watches"},"image":{"@id":"https:\/\/www.eberhard-co-watches.ch\/fr\/#\/schema\/logo\/image\/"}}]}},"_links":{"self":[{"href":"https:\/\/www.eberhard-co-watches.ch\/fr\/wp-json\/wp\/v2\/pages\/75064"}],"collection":[{"href":"https:\/\/www.eberhard-co-watches.ch\/fr\/wp-json\/wp\/v2\/pages"}],"about":[{"href":"https:\/\/www.eberhard-co-watches.ch\/fr\/wp-json\/wp\/v2\/types\/page"}],"author":[{"embeddable":true,"href":"https:\/\/www.eberhard-co-watches.ch\/fr\/wp-json\/wp\/v2\/users\/1"}],"replies":[{"embeddable":true,"href":"https:\/\/www.eberhard-co-watches.ch\/fr\/wp-json\/wp\/v2\/comments?post=75064"}],"version-history":[{"count":7,"href":"https:\/\/www.eberhard-co-watches.ch\/fr\/wp-json\/wp\/v2\/pages\/75064\/revisions"}],"predecessor-version":[{"id":75075,"href":"https:\/\/www.eberhard-co-watches.ch\/fr\/wp-json\/wp\/v2\/pages\/75064\/revisions\/75075"}],"wp:attachment":[{"href":"https:\/\/www.eberhard-co-watches.ch\/fr\/wp-json\/wp\/v2\/media?parent=75064"}],"curies":[{"name":"wp","href":"https:\/\/api.w.org\/{rel}","templated":true}]}}