{"id":100314,"date":"2026-04-14T10:12:23","date_gmt":"2026-04-14T08:12:23","guid":{"rendered":"https:\/\/www.eberhard-co-watches.ch\/?post_type=product&#038;p=100314"},"modified":"2026-04-14T10:12:24","modified_gmt":"2026-04-14T08:12:24","slug":"scafograf-200-mcmlix-41047-04-cp","status":"publish","type":"product","link":"https:\/\/www.eberhard-co-watches.ch\/fr\/product\/scafograf-200-mcmlix-41047-04-cp\/","title":{"rendered":"SCAFOGRAF 200 MCMLIX 41047.04 CP"},"content":{"rendered":"<p>M\u00c9CANIQUE \u00c0 REMONTAGE AUTOMATIQUE<\/p>\n<p>MONTRE DE PLONG\u00c9E<\/p>\n<p>VERRE SAPHIR CONVEXE ANTIREFLET<\/p>\n<p>COURONNE EN ACIER PERSONNALIS\u00c9E<\/p>\n<p>VALVE \u00c0 H\u00c9LIUM \u00c0 9 HEURES<\/p>\n<p>FOND DU BO\u00ceTIER VISS\u00c9 PERSONNALIS\u00c9 AVEC UNE \u00c9TOILE DE MER GRAV\u00c9E<\/p>\n<p><em>Bracelet <\/em>en cuir hydrofuge, au look \u00ab vintage \u00bb<\/p>\n<p>Boucle en acier, personnalis\u00e9e E&amp;C.<\/p>\n<p><em>Option<\/em><br \/>\nboucle d\u00e9ployante D\u00c9CLIC\u00ae<\/p>\n","protected":false},"excerpt":{"rendered":"<p>M\u00c9CANIQUE \u00c0 REMONTAGE AUTOMATIQUE MONTRE DE PLONG\u00c9E VERRE SAPHIR CONVEXE ANTIREFLET COURONNE EN ACIER PERSONNALIS\u00c9E VALVE \u00c0 H\u00c9LIUM \u00c0 9 HEURES FOND DU BO\u00ceTIER VISS\u00c9 PERSONNALIS\u00c9 AVEC UNE \u00c9TOILE DE MER GRAV\u00c9E Bracelet en cuir hydrofuge, au look \u00ab vintage \u00bb Boucle en acier, personnalis\u00e9e E&amp;C. Option boucle d\u00e9ployante D\u00c9CLIC\u00ae<\/p>\n","protected":false},"featured_media":102483,"template":"","meta":{"_acf_changed":false,"_seopress_robots_primary_cat":"none","_seopress_titles_title":"","_seopress_titles_desc":"","_seopress_robots_index":"","inline_featured_image":false},"product_cat":[194],"product_tag":[],"collection":[948],"class_list":{"0":"post-100314","1":"product","2":"type-product","3":"status-publish","4":"has-post-thumbnail","6":"product_cat-uncategorized-fr","7":"collection-scafograf-200-mcmlix-fr","9":"first","10":"instock","11":"shipping-taxable","12":"product-type-simple"},"acf":[],"yoast_head":"<!-- This site is optimized with the Yoast SEO plugin v23.9 - https:\/\/yoast.com\/wordpress\/plugins\/seo\/ -->\n<title>SCAFOGRAF 200 MCMLIX 41047.04 CP - Eberhard &amp; Co.<\/title>\n<meta name=\"description\" content=\"M\u00c9CANIQUE \u00c0 REMONTAGE AUTOMATIQUE MONTRE DE PLONG\u00c9E VERRE SAPHIR CONVEXE ANTIREFLET COURONNE EN ACIER PERSONNALIS\u00c9E VALVE \u00c0 H\u00c9LIUM \u00c0 9 HEURES FOND DU\" \/>\n<meta name=\"robots\" content=\"index, follow, max-snippet:-1, max-image-preview:large, max-video-preview:-1\" \/>\n<link rel=\"canonical\" href=\"https:\/\/www.eberhard-co-watches.ch\/fr\/product\/scafograf-200-mcmlix-41047-04-cp\/\" \/>\n<meta property=\"og:locale\" content=\"fr_FR\" \/>\n<meta property=\"og:type\" content=\"article\" \/>\n<meta property=\"og:title\" content=\"SCAFOGRAF 200 MCMLIX 41047.04 CP - Eberhard &amp; Co.\" \/>\n<meta property=\"og:description\" content=\"M\u00c9CANIQUE \u00c0 REMONTAGE AUTOMATIQUE MONTRE DE PLONG\u00c9E VERRE SAPHIR CONVEXE ANTIREFLET COURONNE EN ACIER PERSONNALIS\u00c9E VALVE \u00c0 H\u00c9LIUM \u00c0 9 HEURES FOND DU\" \/>\n<meta property=\"og:url\" content=\"https:\/\/www.eberhard-co-watches.ch\/fr\/product\/scafograf-200-mcmlix-41047-04-cp\/\" \/>\n<meta property=\"og:site_name\" content=\"Eberhard &amp; Co.\" \/>\n<meta property=\"article:modified_time\" content=\"2026-04-14T08:12:24+00:00\" \/>\n<meta property=\"og:image\" content=\"https:\/\/www.eberhard-co-watches.ch\/wp-content\/uploads\/2026\/03\/DETTAGLI-SITO_ok-8.png\" \/>\n\t<meta property=\"og:image:width\" content=\"1000\" \/>\n\t<meta property=\"og:image:height\" content=\"1000\" \/>\n\t<meta property=\"og:image:type\" content=\"image\/png\" \/>\n<meta name=\"twitter:card\" content=\"summary_large_image\" \/>\n<script type=\"application\/ld+json\" class=\"yoast-schema-graph\">{\"@context\":\"https:\/\/schema.org\",\"@graph\":[{\"@type\":\"WebPage\",\"@id\":\"https:\/\/www.eberhard-co-watches.ch\/fr\/product\/scafograf-200-mcmlix-41047-04-cp\/\",\"url\":\"https:\/\/www.eberhard-co-watches.ch\/fr\/product\/scafograf-200-mcmlix-41047-04-cp\/\",\"name\":\"SCAFOGRAF 200 MCMLIX 41047.04 CP - Eberhard &amp; Co.\",\"isPartOf\":{\"@id\":\"https:\/\/www.eberhard-co-watches.ch\/fr\/#website\"},\"primaryImageOfPage\":{\"@id\":\"https:\/\/www.eberhard-co-watches.ch\/fr\/product\/scafograf-200-mcmlix-41047-04-cp\/#primaryimage\"},\"image\":{\"@id\":\"https:\/\/www.eberhard-co-watches.ch\/fr\/product\/scafograf-200-mcmlix-41047-04-cp\/#primaryimage\"},\"thumbnailUrl\":\"https:\/\/www.eberhard-co-watches.ch\/wp-content\/uploads\/2026\/03\/DETTAGLI-SITO_ok-8.png\",\"datePublished\":\"2026-04-14T08:12:23+00:00\",\"dateModified\":\"2026-04-14T08:12:24+00:00\",\"description\":\"M\u00c9CANIQUE \u00c0 REMONTAGE AUTOMATIQUE MONTRE DE PLONG\u00c9E VERRE SAPHIR CONVEXE ANTIREFLET COURONNE EN ACIER PERSONNALIS\u00c9E VALVE \u00c0 H\u00c9LIUM \u00c0 9 HEURES FOND DU\",\"breadcrumb\":{\"@id\":\"https:\/\/www.eberhard-co-watches.ch\/fr\/product\/scafograf-200-mcmlix-41047-04-cp\/#breadcrumb\"},\"inLanguage\":\"fr-FR\",\"potentialAction\":[{\"@type\":\"ReadAction\",\"target\":[\"https:\/\/www.eberhard-co-watches.ch\/fr\/product\/scafograf-200-mcmlix-41047-04-cp\/\"]}]},{\"@type\":\"ImageObject\",\"inLanguage\":\"fr-FR\",\"@id\":\"https:\/\/www.eberhard-co-watches.ch\/fr\/product\/scafograf-200-mcmlix-41047-04-cp\/#primaryimage\",\"url\":\"https:\/\/www.eberhard-co-watches.ch\/wp-content\/uploads\/2026\/03\/DETTAGLI-SITO_ok-8.png\",\"contentUrl\":\"https:\/\/www.eberhard-co-watches.ch\/wp-content\/uploads\/2026\/03\/DETTAGLI-SITO_ok-8.png\",\"width\":1000,\"height\":1000},{\"@type\":\"BreadcrumbList\",\"@id\":\"https:\/\/www.eberhard-co-watches.ch\/fr\/product\/scafograf-200-mcmlix-41047-04-cp\/#breadcrumb\",\"itemListElement\":[{\"@type\":\"ListItem\",\"position\":1,\"name\":\"Negozio\",\"item\":\"https:\/\/www.eberhard-co-watches.ch\/negozio\/\"},{\"@type\":\"ListItem\",\"position\":2,\"name\":\"SCAFOGRAF 200 MCMLIX 41047.04 CP\"}]},{\"@type\":\"WebSite\",\"@id\":\"https:\/\/www.eberhard-co-watches.ch\/fr\/#website\",\"url\":\"https:\/\/www.eberhard-co-watches.ch\/fr\/\",\"name\":\"Eberhard &amp; Co.\",\"description\":\"\",\"publisher\":{\"@id\":\"https:\/\/www.eberhard-co-watches.ch\/fr\/#organization\"},\"potentialAction\":[{\"@type\":\"SearchAction\",\"target\":{\"@type\":\"EntryPoint\",\"urlTemplate\":\"https:\/\/www.eberhard-co-watches.ch\/fr\/?s={search_term_string}\"},\"query-input\":{\"@type\":\"PropertyValueSpecification\",\"valueRequired\":true,\"valueName\":\"search_term_string\"}}],\"inLanguage\":\"fr-FR\"},{\"@type\":\"Organization\",\"@id\":\"https:\/\/www.eberhard-co-watches.ch\/fr\/#organization\",\"name\":\"Eberhard & Co. Watches\",\"url\":\"https:\/\/www.eberhard-co-watches.ch\/fr\/\",\"logo\":{\"@type\":\"ImageObject\",\"inLanguage\":\"fr-FR\",\"@id\":\"https:\/\/www.eberhard-co-watches.ch\/fr\/#\/schema\/logo\/image\/\",\"url\":\"\",\"contentUrl\":\"\",\"caption\":\"Eberhard & Co. Watches\"},\"image\":{\"@id\":\"https:\/\/www.eberhard-co-watches.ch\/fr\/#\/schema\/logo\/image\/\"}}]}<\/script>\n<!-- \/ Yoast SEO plugin. -->","yoast_head_json":{"title":"SCAFOGRAF 200 MCMLIX 41047.04 CP - Eberhard &amp; Co.","description":"M\u00c9CANIQUE \u00c0 REMONTAGE AUTOMATIQUE MONTRE DE PLONG\u00c9E VERRE SAPHIR CONVEXE ANTIREFLET COURONNE EN ACIER PERSONNALIS\u00c9E VALVE \u00c0 H\u00c9LIUM \u00c0 9 HEURES FOND DU","robots":{"index":"index","follow":"follow","max-snippet":"max-snippet:-1","max-image-preview":"max-image-preview:large","max-video-preview":"max-video-preview:-1"},"canonical":"https:\/\/www.eberhard-co-watches.ch\/fr\/product\/scafograf-200-mcmlix-41047-04-cp\/","og_locale":"fr_FR","og_type":"article","og_title":"SCAFOGRAF 200 MCMLIX 41047.04 CP - Eberhard &amp; Co.","og_description":"M\u00c9CANIQUE \u00c0 REMONTAGE AUTOMATIQUE MONTRE DE PLONG\u00c9E VERRE SAPHIR CONVEXE ANTIREFLET COURONNE EN ACIER PERSONNALIS\u00c9E VALVE \u00c0 H\u00c9LIUM \u00c0 9 HEURES FOND DU","og_url":"https:\/\/www.eberhard-co-watches.ch\/fr\/product\/scafograf-200-mcmlix-41047-04-cp\/","og_site_name":"Eberhard &amp; Co.","article_modified_time":"2026-04-14T08:12:24+00:00","og_image":[{"width":1000,"height":1000,"url":"https:\/\/www.eberhard-co-watches.ch\/wp-content\/uploads\/2026\/03\/DETTAGLI-SITO_ok-8.png","type":"image\/png"}],"twitter_card":"summary_large_image","schema":{"@context":"https:\/\/schema.org","@graph":[{"@type":"WebPage","@id":"https:\/\/www.eberhard-co-watches.ch\/fr\/product\/scafograf-200-mcmlix-41047-04-cp\/","url":"https:\/\/www.eberhard-co-watches.ch\/fr\/product\/scafograf-200-mcmlix-41047-04-cp\/","name":"SCAFOGRAF 200 MCMLIX 41047.04 CP - Eberhard &amp; Co.","isPartOf":{"@id":"https:\/\/www.eberhard-co-watches.ch\/fr\/#website"},"primaryImageOfPage":{"@id":"https:\/\/www.eberhard-co-watches.ch\/fr\/product\/scafograf-200-mcmlix-41047-04-cp\/#primaryimage"},"image":{"@id":"https:\/\/www.eberhard-co-watches.ch\/fr\/product\/scafograf-200-mcmlix-41047-04-cp\/#primaryimage"},"thumbnailUrl":"https:\/\/www.eberhard-co-watches.ch\/wp-content\/uploads\/2026\/03\/DETTAGLI-SITO_ok-8.png","datePublished":"2026-04-14T08:12:23+00:00","dateModified":"2026-04-14T08:12:24+00:00","description":"M\u00c9CANIQUE \u00c0 REMONTAGE AUTOMATIQUE MONTRE DE PLONG\u00c9E VERRE SAPHIR CONVEXE ANTIREFLET COURONNE EN ACIER PERSONNALIS\u00c9E VALVE \u00c0 H\u00c9LIUM \u00c0 9 HEURES FOND DU","breadcrumb":{"@id":"https:\/\/www.eberhard-co-watches.ch\/fr\/product\/scafograf-200-mcmlix-41047-04-cp\/#breadcrumb"},"inLanguage":"fr-FR","potentialAction":[{"@type":"ReadAction","target":["https:\/\/www.eberhard-co-watches.ch\/fr\/product\/scafograf-200-mcmlix-41047-04-cp\/"]}]},{"@type":"ImageObject","inLanguage":"fr-FR","@id":"https:\/\/www.eberhard-co-watches.ch\/fr\/product\/scafograf-200-mcmlix-41047-04-cp\/#primaryimage","url":"https:\/\/www.eberhard-co-watches.ch\/wp-content\/uploads\/2026\/03\/DETTAGLI-SITO_ok-8.png","contentUrl":"https:\/\/www.eberhard-co-watches.ch\/wp-content\/uploads\/2026\/03\/DETTAGLI-SITO_ok-8.png","width":1000,"height":1000},{"@type":"BreadcrumbList","@id":"https:\/\/www.eberhard-co-watches.ch\/fr\/product\/scafograf-200-mcmlix-41047-04-cp\/#breadcrumb","itemListElement":[{"@type":"ListItem","position":1,"name":"Negozio","item":"https:\/\/www.eberhard-co-watches.ch\/negozio\/"},{"@type":"ListItem","position":2,"name":"SCAFOGRAF 200 MCMLIX 41047.04 CP"}]},{"@type":"WebSite","@id":"https:\/\/www.eberhard-co-watches.ch\/fr\/#website","url":"https:\/\/www.eberhard-co-watches.ch\/fr\/","name":"Eberhard &amp; Co.","description":"","publisher":{"@id":"https:\/\/www.eberhard-co-watches.ch\/fr\/#organization"},"potentialAction":[{"@type":"SearchAction","target":{"@type":"EntryPoint","urlTemplate":"https:\/\/www.eberhard-co-watches.ch\/fr\/?s={search_term_string}"},"query-input":{"@type":"PropertyValueSpecification","valueRequired":true,"valueName":"search_term_string"}}],"inLanguage":"fr-FR"},{"@type":"Organization","@id":"https:\/\/www.eberhard-co-watches.ch\/fr\/#organization","name":"Eberhard & Co. Watches","url":"https:\/\/www.eberhard-co-watches.ch\/fr\/","logo":{"@type":"ImageObject","inLanguage":"fr-FR","@id":"https:\/\/www.eberhard-co-watches.ch\/fr\/#\/schema\/logo\/image\/","url":"","contentUrl":"","caption":"Eberhard & Co. Watches"},"image":{"@id":"https:\/\/www.eberhard-co-watches.ch\/fr\/#\/schema\/logo\/image\/"}}]}},"_links":{"self":[{"href":"https:\/\/www.eberhard-co-watches.ch\/fr\/wp-json\/wp\/v2\/product\/100314"}],"collection":[{"href":"https:\/\/www.eberhard-co-watches.ch\/fr\/wp-json\/wp\/v2\/product"}],"about":[{"href":"https:\/\/www.eberhard-co-watches.ch\/fr\/wp-json\/wp\/v2\/types\/product"}],"wp:featuredmedia":[{"embeddable":true,"href":"https:\/\/www.eberhard-co-watches.ch\/fr\/wp-json\/wp\/v2\/media\/102483"}],"wp:attachment":[{"href":"https:\/\/www.eberhard-co-watches.ch\/fr\/wp-json\/wp\/v2\/media?parent=100314"}],"wp:term":[{"taxonomy":"product_cat","embeddable":true,"href":"https:\/\/www.eberhard-co-watches.ch\/fr\/wp-json\/wp\/v2\/product_cat?post=100314"},{"taxonomy":"product_tag","embeddable":true,"href":"https:\/\/www.eberhard-co-watches.ch\/fr\/wp-json\/wp\/v2\/product_tag?post=100314"},{"taxonomy":"collection","embeddable":true,"href":"https:\/\/www.eberhard-co-watches.ch\/fr\/wp-json\/wp\/v2\/collection?post=100314"}],"curies":[{"name":"wp","href":"https:\/\/api.w.org\/{rel}","templated":true}]}}