{"id":101344,"date":"2026-04-09T13:09:49","date_gmt":"2026-04-09T11:09:49","guid":{"rendered":"https:\/\/www.eberhard-co-watches.ch\/?post_type=product&#038;p=101344"},"modified":"2026-04-14T12:37:11","modified_gmt":"2026-04-14T10:37:11","slug":"tazio-nuvolari-31175-01-cpt","status":"publish","type":"product","link":"https:\/\/www.eberhard-co-watches.ch\/fr\/product\/tazio-nuvolari-31175-01-cpt\/","title":{"rendered":"TAZIO NUVOLARI 31175.01 CPT"},"content":{"rendered":"<p>CHRONOGRAPHE M\u00c9CANIQUE \u00c0 REMONTAGE AUTOMATIQUE<\/p>\n<p>VERRE SAPHIR AVEC TRAITEMENT ANTIREFLET \u00c0 L\u2019INT\u00c9RIEUR<\/p>\n<p>COURONNE EN ACIER \u00c0 VIS PERSONNALIS\u00c9E<\/p>\n<p>FOND DU BO\u00ceTIER FIX\u00c9 PAR 8 VIS PERSONNALIS\u00c9 AVEC FINITION PERL\u00c9E<\/p>\n<p><em>Bracelet <\/em>tissu effet daim gris avec surpiq\u00fbres contrast\u00e9es<\/p>\n<p><em>OPTIONNEL:<\/em><br \/>\nboucle d\u00e9ployante D\u00c9CLIC\u00ae<\/p>\n","protected":false},"excerpt":{"rendered":"<p>CHRONOGRAPHE M\u00c9CANIQUE \u00c0 REMONTAGE AUTOMATIQUE VERRE SAPHIR AVEC TRAITEMENT ANTIREFLET \u00c0 L\u2019INT\u00c9RIEUR COURONNE EN ACIER \u00c0 VIS PERSONNALIS\u00c9E FOND DU BO\u00ceTIER FIX\u00c9 PAR 8 VIS PERSONNALIS\u00c9 AVEC FINITION PERL\u00c9E Bracelet tissu effet daim gris avec surpiq\u00fbres contrast\u00e9es OPTIONNEL: boucle d\u00e9ployante D\u00c9CLIC\u00ae<\/p>\n","protected":false},"featured_media":101447,"template":"","meta":{"_acf_changed":false,"_seopress_robots_primary_cat":"none","_seopress_titles_title":"","_seopress_titles_desc":"","_seopress_robots_index":"","inline_featured_image":false},"product_cat":[106],"product_tag":[],"collection":[954],"class_list":{"0":"post-101344","1":"product","2":"type-product","3":"status-publish","4":"has-post-thumbnail","6":"product_cat-non-classifiee","7":"collection-tazio-nuvolari-fr-2","9":"first","10":"instock","11":"shipping-taxable","12":"product-type-simple"},"acf":[],"yoast_head":"<!-- This site is optimized with the Yoast SEO plugin v23.9 - https:\/\/yoast.com\/wordpress\/plugins\/seo\/ -->\n<title>TAZIO NUVOLARI 31175.01 CPT - Eberhard &amp; Co.<\/title>\n<meta name=\"description\" content=\"CHRONOGRAPHE M\u00c9CANIQUE \u00c0 REMONTAGE AUTOMATIQUE VERRE SAPHIR AVEC TRAITEMENT ANTIREFLET \u00c0 L\u2019INT\u00c9RIEUR COURONNE EN ACIER \u00c0 VIS PERSONNALIS\u00c9E FOND DU BO\u00ceTIER\" \/>\n<meta name=\"robots\" content=\"index, follow, max-snippet:-1, max-image-preview:large, max-video-preview:-1\" \/>\n<link rel=\"canonical\" href=\"https:\/\/www.eberhard-co-watches.ch\/fr\/product\/tazio-nuvolari-31175-01-cpt\/\" \/>\n<meta property=\"og:locale\" content=\"fr_FR\" \/>\n<meta property=\"og:type\" content=\"article\" \/>\n<meta property=\"og:title\" content=\"TAZIO NUVOLARI 31175.01 CPT - Eberhard &amp; Co.\" \/>\n<meta property=\"og:description\" content=\"CHRONOGRAPHE M\u00c9CANIQUE \u00c0 REMONTAGE AUTOMATIQUE VERRE SAPHIR AVEC TRAITEMENT ANTIREFLET \u00c0 L\u2019INT\u00c9RIEUR COURONNE EN ACIER \u00c0 VIS PERSONNALIS\u00c9E FOND DU BO\u00ceTIER\" \/>\n<meta property=\"og:url\" content=\"https:\/\/www.eberhard-co-watches.ch\/fr\/product\/tazio-nuvolari-31175-01-cpt\/\" \/>\n<meta property=\"og:site_name\" content=\"Eberhard &amp; Co.\" \/>\n<meta property=\"article:modified_time\" content=\"2026-04-14T10:37:11+00:00\" \/>\n<meta property=\"og:image\" content=\"https:\/\/www.eberhard-co-watches.ch\/wp-content\/uploads\/2026\/04\/31175-31176.01-CPT_IMMAGINE-PRODOTTO.png\" \/>\n\t<meta property=\"og:image:width\" content=\"1000\" \/>\n\t<meta property=\"og:image:height\" content=\"1000\" \/>\n\t<meta property=\"og:image:type\" content=\"image\/png\" \/>\n<meta name=\"twitter:card\" content=\"summary_large_image\" \/>\n<script type=\"application\/ld+json\" class=\"yoast-schema-graph\">{\"@context\":\"https:\/\/schema.org\",\"@graph\":[{\"@type\":\"WebPage\",\"@id\":\"https:\/\/www.eberhard-co-watches.ch\/fr\/product\/tazio-nuvolari-31175-01-cpt\/\",\"url\":\"https:\/\/www.eberhard-co-watches.ch\/fr\/product\/tazio-nuvolari-31175-01-cpt\/\",\"name\":\"TAZIO NUVOLARI 31175.01 CPT - Eberhard &amp; Co.\",\"isPartOf\":{\"@id\":\"https:\/\/www.eberhard-co-watches.ch\/fr\/#website\"},\"primaryImageOfPage\":{\"@id\":\"https:\/\/www.eberhard-co-watches.ch\/fr\/product\/tazio-nuvolari-31175-01-cpt\/#primaryimage\"},\"image\":{\"@id\":\"https:\/\/www.eberhard-co-watches.ch\/fr\/product\/tazio-nuvolari-31175-01-cpt\/#primaryimage\"},\"thumbnailUrl\":\"https:\/\/www.eberhard-co-watches.ch\/wp-content\/uploads\/2026\/04\/31175-31176.01-CPT_IMMAGINE-PRODOTTO.png\",\"datePublished\":\"2026-04-09T11:09:49+00:00\",\"dateModified\":\"2026-04-14T10:37:11+00:00\",\"description\":\"CHRONOGRAPHE M\u00c9CANIQUE \u00c0 REMONTAGE AUTOMATIQUE VERRE SAPHIR AVEC TRAITEMENT ANTIREFLET \u00c0 L\u2019INT\u00c9RIEUR COURONNE EN ACIER \u00c0 VIS PERSONNALIS\u00c9E FOND DU BO\u00ceTIER\",\"breadcrumb\":{\"@id\":\"https:\/\/www.eberhard-co-watches.ch\/fr\/product\/tazio-nuvolari-31175-01-cpt\/#breadcrumb\"},\"inLanguage\":\"fr-FR\",\"potentialAction\":[{\"@type\":\"ReadAction\",\"target\":[\"https:\/\/www.eberhard-co-watches.ch\/fr\/product\/tazio-nuvolari-31175-01-cpt\/\"]}]},{\"@type\":\"ImageObject\",\"inLanguage\":\"fr-FR\",\"@id\":\"https:\/\/www.eberhard-co-watches.ch\/fr\/product\/tazio-nuvolari-31175-01-cpt\/#primaryimage\",\"url\":\"https:\/\/www.eberhard-co-watches.ch\/wp-content\/uploads\/2026\/04\/31175-31176.01-CPT_IMMAGINE-PRODOTTO.png\",\"contentUrl\":\"https:\/\/www.eberhard-co-watches.ch\/wp-content\/uploads\/2026\/04\/31175-31176.01-CPT_IMMAGINE-PRODOTTO.png\",\"width\":1000,\"height\":1000},{\"@type\":\"BreadcrumbList\",\"@id\":\"https:\/\/www.eberhard-co-watches.ch\/fr\/product\/tazio-nuvolari-31175-01-cpt\/#breadcrumb\",\"itemListElement\":[{\"@type\":\"ListItem\",\"position\":1,\"name\":\"Negozio\",\"item\":\"https:\/\/www.eberhard-co-watches.ch\/negozio\/\"},{\"@type\":\"ListItem\",\"position\":2,\"name\":\"TAZIO NUVOLARI 31175.01 CPT\"}]},{\"@type\":\"WebSite\",\"@id\":\"https:\/\/www.eberhard-co-watches.ch\/fr\/#website\",\"url\":\"https:\/\/www.eberhard-co-watches.ch\/fr\/\",\"name\":\"Eberhard &amp; Co.\",\"description\":\"\",\"publisher\":{\"@id\":\"https:\/\/www.eberhard-co-watches.ch\/fr\/#organization\"},\"potentialAction\":[{\"@type\":\"SearchAction\",\"target\":{\"@type\":\"EntryPoint\",\"urlTemplate\":\"https:\/\/www.eberhard-co-watches.ch\/fr\/?s={search_term_string}\"},\"query-input\":{\"@type\":\"PropertyValueSpecification\",\"valueRequired\":true,\"valueName\":\"search_term_string\"}}],\"inLanguage\":\"fr-FR\"},{\"@type\":\"Organization\",\"@id\":\"https:\/\/www.eberhard-co-watches.ch\/fr\/#organization\",\"name\":\"Eberhard & Co. Watches\",\"url\":\"https:\/\/www.eberhard-co-watches.ch\/fr\/\",\"logo\":{\"@type\":\"ImageObject\",\"inLanguage\":\"fr-FR\",\"@id\":\"https:\/\/www.eberhard-co-watches.ch\/fr\/#\/schema\/logo\/image\/\",\"url\":\"\",\"contentUrl\":\"\",\"caption\":\"Eberhard & Co. Watches\"},\"image\":{\"@id\":\"https:\/\/www.eberhard-co-watches.ch\/fr\/#\/schema\/logo\/image\/\"}}]}<\/script>\n<!-- \/ Yoast SEO plugin. -->","yoast_head_json":{"title":"TAZIO NUVOLARI 31175.01 CPT - Eberhard &amp; Co.","description":"CHRONOGRAPHE M\u00c9CANIQUE \u00c0 REMONTAGE AUTOMATIQUE VERRE SAPHIR AVEC TRAITEMENT ANTIREFLET \u00c0 L\u2019INT\u00c9RIEUR COURONNE EN ACIER \u00c0 VIS PERSONNALIS\u00c9E FOND DU BO\u00ceTIER","robots":{"index":"index","follow":"follow","max-snippet":"max-snippet:-1","max-image-preview":"max-image-preview:large","max-video-preview":"max-video-preview:-1"},"canonical":"https:\/\/www.eberhard-co-watches.ch\/fr\/product\/tazio-nuvolari-31175-01-cpt\/","og_locale":"fr_FR","og_type":"article","og_title":"TAZIO NUVOLARI 31175.01 CPT - Eberhard &amp; Co.","og_description":"CHRONOGRAPHE M\u00c9CANIQUE \u00c0 REMONTAGE AUTOMATIQUE VERRE SAPHIR AVEC TRAITEMENT ANTIREFLET \u00c0 L\u2019INT\u00c9RIEUR COURONNE EN ACIER \u00c0 VIS PERSONNALIS\u00c9E FOND DU BO\u00ceTIER","og_url":"https:\/\/www.eberhard-co-watches.ch\/fr\/product\/tazio-nuvolari-31175-01-cpt\/","og_site_name":"Eberhard &amp; Co.","article_modified_time":"2026-04-14T10:37:11+00:00","og_image":[{"width":1000,"height":1000,"url":"https:\/\/www.eberhard-co-watches.ch\/wp-content\/uploads\/2026\/04\/31175-31176.01-CPT_IMMAGINE-PRODOTTO.png","type":"image\/png"}],"twitter_card":"summary_large_image","schema":{"@context":"https:\/\/schema.org","@graph":[{"@type":"WebPage","@id":"https:\/\/www.eberhard-co-watches.ch\/fr\/product\/tazio-nuvolari-31175-01-cpt\/","url":"https:\/\/www.eberhard-co-watches.ch\/fr\/product\/tazio-nuvolari-31175-01-cpt\/","name":"TAZIO NUVOLARI 31175.01 CPT - Eberhard &amp; Co.","isPartOf":{"@id":"https:\/\/www.eberhard-co-watches.ch\/fr\/#website"},"primaryImageOfPage":{"@id":"https:\/\/www.eberhard-co-watches.ch\/fr\/product\/tazio-nuvolari-31175-01-cpt\/#primaryimage"},"image":{"@id":"https:\/\/www.eberhard-co-watches.ch\/fr\/product\/tazio-nuvolari-31175-01-cpt\/#primaryimage"},"thumbnailUrl":"https:\/\/www.eberhard-co-watches.ch\/wp-content\/uploads\/2026\/04\/31175-31176.01-CPT_IMMAGINE-PRODOTTO.png","datePublished":"2026-04-09T11:09:49+00:00","dateModified":"2026-04-14T10:37:11+00:00","description":"CHRONOGRAPHE M\u00c9CANIQUE \u00c0 REMONTAGE AUTOMATIQUE VERRE SAPHIR AVEC TRAITEMENT ANTIREFLET \u00c0 L\u2019INT\u00c9RIEUR COURONNE EN ACIER \u00c0 VIS PERSONNALIS\u00c9E FOND DU BO\u00ceTIER","breadcrumb":{"@id":"https:\/\/www.eberhard-co-watches.ch\/fr\/product\/tazio-nuvolari-31175-01-cpt\/#breadcrumb"},"inLanguage":"fr-FR","potentialAction":[{"@type":"ReadAction","target":["https:\/\/www.eberhard-co-watches.ch\/fr\/product\/tazio-nuvolari-31175-01-cpt\/"]}]},{"@type":"ImageObject","inLanguage":"fr-FR","@id":"https:\/\/www.eberhard-co-watches.ch\/fr\/product\/tazio-nuvolari-31175-01-cpt\/#primaryimage","url":"https:\/\/www.eberhard-co-watches.ch\/wp-content\/uploads\/2026\/04\/31175-31176.01-CPT_IMMAGINE-PRODOTTO.png","contentUrl":"https:\/\/www.eberhard-co-watches.ch\/wp-content\/uploads\/2026\/04\/31175-31176.01-CPT_IMMAGINE-PRODOTTO.png","width":1000,"height":1000},{"@type":"BreadcrumbList","@id":"https:\/\/www.eberhard-co-watches.ch\/fr\/product\/tazio-nuvolari-31175-01-cpt\/#breadcrumb","itemListElement":[{"@type":"ListItem","position":1,"name":"Negozio","item":"https:\/\/www.eberhard-co-watches.ch\/negozio\/"},{"@type":"ListItem","position":2,"name":"TAZIO NUVOLARI 31175.01 CPT"}]},{"@type":"WebSite","@id":"https:\/\/www.eberhard-co-watches.ch\/fr\/#website","url":"https:\/\/www.eberhard-co-watches.ch\/fr\/","name":"Eberhard &amp; Co.","description":"","publisher":{"@id":"https:\/\/www.eberhard-co-watches.ch\/fr\/#organization"},"potentialAction":[{"@type":"SearchAction","target":{"@type":"EntryPoint","urlTemplate":"https:\/\/www.eberhard-co-watches.ch\/fr\/?s={search_term_string}"},"query-input":{"@type":"PropertyValueSpecification","valueRequired":true,"valueName":"search_term_string"}}],"inLanguage":"fr-FR"},{"@type":"Organization","@id":"https:\/\/www.eberhard-co-watches.ch\/fr\/#organization","name":"Eberhard & Co. Watches","url":"https:\/\/www.eberhard-co-watches.ch\/fr\/","logo":{"@type":"ImageObject","inLanguage":"fr-FR","@id":"https:\/\/www.eberhard-co-watches.ch\/fr\/#\/schema\/logo\/image\/","url":"","contentUrl":"","caption":"Eberhard & Co. Watches"},"image":{"@id":"https:\/\/www.eberhard-co-watches.ch\/fr\/#\/schema\/logo\/image\/"}}]}},"_links":{"self":[{"href":"https:\/\/www.eberhard-co-watches.ch\/fr\/wp-json\/wp\/v2\/product\/101344"}],"collection":[{"href":"https:\/\/www.eberhard-co-watches.ch\/fr\/wp-json\/wp\/v2\/product"}],"about":[{"href":"https:\/\/www.eberhard-co-watches.ch\/fr\/wp-json\/wp\/v2\/types\/product"}],"wp:featuredmedia":[{"embeddable":true,"href":"https:\/\/www.eberhard-co-watches.ch\/fr\/wp-json\/wp\/v2\/media\/101447"}],"wp:attachment":[{"href":"https:\/\/www.eberhard-co-watches.ch\/fr\/wp-json\/wp\/v2\/media?parent=101344"}],"wp:term":[{"taxonomy":"product_cat","embeddable":true,"href":"https:\/\/www.eberhard-co-watches.ch\/fr\/wp-json\/wp\/v2\/product_cat?post=101344"},{"taxonomy":"product_tag","embeddable":true,"href":"https:\/\/www.eberhard-co-watches.ch\/fr\/wp-json\/wp\/v2\/product_tag?post=101344"},{"taxonomy":"collection","embeddable":true,"href":"https:\/\/www.eberhard-co-watches.ch\/fr\/wp-json\/wp\/v2\/collection?post=101344"}],"curies":[{"name":"wp","href":"https:\/\/api.w.org\/{rel}","templated":true}]}}