{"id":32139,"date":"2016-03-14T16:25:41","date_gmt":"2016-03-14T15:25:41","guid":{"rendered":"https:\/\/www.eberhard-co-watches.ch\/prodotto\/aiglon-grande-taille-42030-02s-struzzo\/"},"modified":"2024-11-29T02:43:13","modified_gmt":"2024-11-29T01:43:13","slug":"aiglon-grande-taille-42030-02s-struzzo","status":"publish","type":"product","link":"https:\/\/www.eberhard-co-watches.ch\/fr\/product\/aiglon-grande-taille-42030-02s-struzzo\/","title":{"rendered":"AIGLON GRANDE TAILLE 42030.02\/S struzzo"},"content":{"rendered":"<p>Mouvement m\u00e9canique \u00e0 remontage automatique<\/p>\n<p>Verre saphir, antireflet<\/p>\n<p>Couronne \u00e0 vis<\/p>\n<p>Lunette polie, en or rouge 18 ct.<\/p>\n<p>Fond du bo\u00eetier poli, serr\u00e9 par 6 vis<\/p>\n<p>Bracelet en crocodile<\/p>\n<p>Boucle E&amp;Co.<\/p>\n","protected":false},"excerpt":{"rendered":"<p>Mouvement m\u00e9canique \u00e0 remontage automatique Verre saphir, antireflet Couronne \u00e0 vis Lunette polie, en or rouge 18 ct. Fond du bo\u00eetier poli, serr\u00e9 par 6 vis Bracelet en crocodile Boucle E&amp;Co.<\/p>\n","protected":false},"featured_media":0,"template":"","meta":{"_acf_changed":false,"_seopress_robots_primary_cat":"","_seopress_titles_title":"","_seopress_titles_desc":"","_seopress_robots_index":"","inline_featured_image":false},"product_cat":[106],"product_tag":[],"collection":[483],"class_list":{"0":"post-32139","1":"product","2":"type-product","3":"status-publish","5":"product_cat-non-classifiee","6":"collection-grande-taille-aiglon-fr","8":"first","9":"instock","10":"shipping-taxable","11":"product-type-simple"},"acf":[],"yoast_head":"<!-- This site is optimized with the Yoast SEO plugin v23.9 - https:\/\/yoast.com\/wordpress\/plugins\/seo\/ -->\n<title>AIGLON GRANDE TAILLE 42030.02\/S struzzo - Eberhard &amp; Co.<\/title>\n<meta name=\"description\" content=\"Mouvement m\u00e9canique \u00e0 remontage automatique Verre saphir, antireflet Couronne \u00e0 vis Lunette polie, en or rouge 18 ct. Fond du bo\u00eetier poli, serr\u00e9 par 6\" \/>\n<meta name=\"robots\" content=\"index, follow, max-snippet:-1, max-image-preview:large, max-video-preview:-1\" \/>\n<link rel=\"canonical\" href=\"https:\/\/www.eberhard-co-watches.ch\/fr\/product\/aiglon-grande-taille-42030-02s-struzzo\/\" \/>\n<meta property=\"og:locale\" content=\"fr_FR\" \/>\n<meta property=\"og:type\" content=\"article\" \/>\n<meta property=\"og:title\" content=\"AIGLON GRANDE TAILLE 42030.02\/S struzzo - Eberhard &amp; Co.\" \/>\n<meta property=\"og:description\" content=\"Mouvement m\u00e9canique \u00e0 remontage automatique Verre saphir, antireflet Couronne \u00e0 vis Lunette polie, en or rouge 18 ct. Fond du bo\u00eetier poli, serr\u00e9 par 6\" \/>\n<meta property=\"og:url\" content=\"https:\/\/www.eberhard-co-watches.ch\/fr\/product\/aiglon-grande-taille-42030-02s-struzzo\/\" \/>\n<meta property=\"og:site_name\" content=\"Eberhard &amp; Co.\" \/>\n<meta property=\"article:modified_time\" content=\"2024-11-29T01:43:13+00:00\" \/>\n<meta name=\"twitter:card\" content=\"summary_large_image\" \/>\n<script type=\"application\/ld+json\" class=\"yoast-schema-graph\">{\"@context\":\"https:\/\/schema.org\",\"@graph\":[{\"@type\":\"WebPage\",\"@id\":\"https:\/\/www.eberhard-co-watches.ch\/fr\/product\/aiglon-grande-taille-42030-02s-struzzo\/\",\"url\":\"https:\/\/www.eberhard-co-watches.ch\/fr\/product\/aiglon-grande-taille-42030-02s-struzzo\/\",\"name\":\"AIGLON GRANDE TAILLE 42030.02\/S struzzo - Eberhard &amp; Co.\",\"isPartOf\":{\"@id\":\"https:\/\/www.eberhard-co-watches.ch\/fr\/#website\"},\"datePublished\":\"2016-03-14T15:25:41+00:00\",\"dateModified\":\"2024-11-29T01:43:13+00:00\",\"description\":\"Mouvement m\u00e9canique \u00e0 remontage automatique Verre saphir, antireflet Couronne \u00e0 vis Lunette polie, en or rouge 18 ct. Fond du bo\u00eetier poli, serr\u00e9 par 6\",\"breadcrumb\":{\"@id\":\"https:\/\/www.eberhard-co-watches.ch\/fr\/product\/aiglon-grande-taille-42030-02s-struzzo\/#breadcrumb\"},\"inLanguage\":\"fr-FR\",\"potentialAction\":[{\"@type\":\"ReadAction\",\"target\":[\"https:\/\/www.eberhard-co-watches.ch\/fr\/product\/aiglon-grande-taille-42030-02s-struzzo\/\"]}]},{\"@type\":\"BreadcrumbList\",\"@id\":\"https:\/\/www.eberhard-co-watches.ch\/fr\/product\/aiglon-grande-taille-42030-02s-struzzo\/#breadcrumb\",\"itemListElement\":[{\"@type\":\"ListItem\",\"position\":1,\"name\":\"Negozio\",\"item\":\"https:\/\/www.eberhard-co-watches.ch\/negozio\/\"},{\"@type\":\"ListItem\",\"position\":2,\"name\":\"AIGLON GRANDE TAILLE 42030.02\/S struzzo\"}]},{\"@type\":\"WebSite\",\"@id\":\"https:\/\/www.eberhard-co-watches.ch\/fr\/#website\",\"url\":\"https:\/\/www.eberhard-co-watches.ch\/fr\/\",\"name\":\"Eberhard &amp; Co.\",\"description\":\"\",\"publisher\":{\"@id\":\"https:\/\/www.eberhard-co-watches.ch\/fr\/#organization\"},\"potentialAction\":[{\"@type\":\"SearchAction\",\"target\":{\"@type\":\"EntryPoint\",\"urlTemplate\":\"https:\/\/www.eberhard-co-watches.ch\/fr\/?s={search_term_string}\"},\"query-input\":{\"@type\":\"PropertyValueSpecification\",\"valueRequired\":true,\"valueName\":\"search_term_string\"}}],\"inLanguage\":\"fr-FR\"},{\"@type\":\"Organization\",\"@id\":\"https:\/\/www.eberhard-co-watches.ch\/fr\/#organization\",\"name\":\"Eberhard & Co. Watches\",\"url\":\"https:\/\/www.eberhard-co-watches.ch\/fr\/\",\"logo\":{\"@type\":\"ImageObject\",\"inLanguage\":\"fr-FR\",\"@id\":\"https:\/\/www.eberhard-co-watches.ch\/fr\/#\/schema\/logo\/image\/\",\"url\":\"\",\"contentUrl\":\"\",\"caption\":\"Eberhard & Co. Watches\"},\"image\":{\"@id\":\"https:\/\/www.eberhard-co-watches.ch\/fr\/#\/schema\/logo\/image\/\"}}]}<\/script>\n<!-- \/ Yoast SEO plugin. -->","yoast_head_json":{"title":"AIGLON GRANDE TAILLE 42030.02\/S struzzo - Eberhard &amp; Co.","description":"Mouvement m\u00e9canique \u00e0 remontage automatique Verre saphir, antireflet Couronne \u00e0 vis Lunette polie, en or rouge 18 ct. Fond du bo\u00eetier poli, serr\u00e9 par 6","robots":{"index":"index","follow":"follow","max-snippet":"max-snippet:-1","max-image-preview":"max-image-preview:large","max-video-preview":"max-video-preview:-1"},"canonical":"https:\/\/www.eberhard-co-watches.ch\/fr\/product\/aiglon-grande-taille-42030-02s-struzzo\/","og_locale":"fr_FR","og_type":"article","og_title":"AIGLON GRANDE TAILLE 42030.02\/S struzzo - Eberhard &amp; Co.","og_description":"Mouvement m\u00e9canique \u00e0 remontage automatique Verre saphir, antireflet Couronne \u00e0 vis Lunette polie, en or rouge 18 ct. Fond du bo\u00eetier poli, serr\u00e9 par 6","og_url":"https:\/\/www.eberhard-co-watches.ch\/fr\/product\/aiglon-grande-taille-42030-02s-struzzo\/","og_site_name":"Eberhard &amp; Co.","article_modified_time":"2024-11-29T01:43:13+00:00","twitter_card":"summary_large_image","schema":{"@context":"https:\/\/schema.org","@graph":[{"@type":"WebPage","@id":"https:\/\/www.eberhard-co-watches.ch\/fr\/product\/aiglon-grande-taille-42030-02s-struzzo\/","url":"https:\/\/www.eberhard-co-watches.ch\/fr\/product\/aiglon-grande-taille-42030-02s-struzzo\/","name":"AIGLON GRANDE TAILLE 42030.02\/S struzzo - Eberhard &amp; Co.","isPartOf":{"@id":"https:\/\/www.eberhard-co-watches.ch\/fr\/#website"},"datePublished":"2016-03-14T15:25:41+00:00","dateModified":"2024-11-29T01:43:13+00:00","description":"Mouvement m\u00e9canique \u00e0 remontage automatique Verre saphir, antireflet Couronne \u00e0 vis Lunette polie, en or rouge 18 ct. Fond du bo\u00eetier poli, serr\u00e9 par 6","breadcrumb":{"@id":"https:\/\/www.eberhard-co-watches.ch\/fr\/product\/aiglon-grande-taille-42030-02s-struzzo\/#breadcrumb"},"inLanguage":"fr-FR","potentialAction":[{"@type":"ReadAction","target":["https:\/\/www.eberhard-co-watches.ch\/fr\/product\/aiglon-grande-taille-42030-02s-struzzo\/"]}]},{"@type":"BreadcrumbList","@id":"https:\/\/www.eberhard-co-watches.ch\/fr\/product\/aiglon-grande-taille-42030-02s-struzzo\/#breadcrumb","itemListElement":[{"@type":"ListItem","position":1,"name":"Negozio","item":"https:\/\/www.eberhard-co-watches.ch\/negozio\/"},{"@type":"ListItem","position":2,"name":"AIGLON GRANDE TAILLE 42030.02\/S struzzo"}]},{"@type":"WebSite","@id":"https:\/\/www.eberhard-co-watches.ch\/fr\/#website","url":"https:\/\/www.eberhard-co-watches.ch\/fr\/","name":"Eberhard &amp; Co.","description":"","publisher":{"@id":"https:\/\/www.eberhard-co-watches.ch\/fr\/#organization"},"potentialAction":[{"@type":"SearchAction","target":{"@type":"EntryPoint","urlTemplate":"https:\/\/www.eberhard-co-watches.ch\/fr\/?s={search_term_string}"},"query-input":{"@type":"PropertyValueSpecification","valueRequired":true,"valueName":"search_term_string"}}],"inLanguage":"fr-FR"},{"@type":"Organization","@id":"https:\/\/www.eberhard-co-watches.ch\/fr\/#organization","name":"Eberhard & Co. Watches","url":"https:\/\/www.eberhard-co-watches.ch\/fr\/","logo":{"@type":"ImageObject","inLanguage":"fr-FR","@id":"https:\/\/www.eberhard-co-watches.ch\/fr\/#\/schema\/logo\/image\/","url":"","contentUrl":"","caption":"Eberhard & Co. Watches"},"image":{"@id":"https:\/\/www.eberhard-co-watches.ch\/fr\/#\/schema\/logo\/image\/"}}]}},"_links":{"self":[{"href":"https:\/\/www.eberhard-co-watches.ch\/fr\/wp-json\/wp\/v2\/product\/32139"}],"collection":[{"href":"https:\/\/www.eberhard-co-watches.ch\/fr\/wp-json\/wp\/v2\/product"}],"about":[{"href":"https:\/\/www.eberhard-co-watches.ch\/fr\/wp-json\/wp\/v2\/types\/product"}],"wp:attachment":[{"href":"https:\/\/www.eberhard-co-watches.ch\/fr\/wp-json\/wp\/v2\/media?parent=32139"}],"wp:term":[{"taxonomy":"product_cat","embeddable":true,"href":"https:\/\/www.eberhard-co-watches.ch\/fr\/wp-json\/wp\/v2\/product_cat?post=32139"},{"taxonomy":"product_tag","embeddable":true,"href":"https:\/\/www.eberhard-co-watches.ch\/fr\/wp-json\/wp\/v2\/product_tag?post=32139"},{"taxonomy":"collection","embeddable":true,"href":"https:\/\/www.eberhard-co-watches.ch\/fr\/wp-json\/wp\/v2\/collection?post=32139"}],"curies":[{"name":"wp","href":"https:\/\/api.w.org\/{rel}","templated":true}]}}