{"id":33856,"date":"2021-10-21T15:26:18","date_gmt":"2021-10-21T13:26:18","guid":{"rendered":"https:\/\/www.eberhard-co-watches.ch\/prodotto\/chrono-4-21-42-31073-04-cn\/"},"modified":"2025-02-04T19:36:18","modified_gmt":"2025-02-04T18:36:18","slug":"chrono-4-21-42-31073-04-cn","status":"publish","type":"product","link":"https:\/\/www.eberhard-co-watches.ch\/fr\/product\/chrono-4-21-42-31073-04-cn\/","title":{"rendered":"CHRONO 4 &#8220;21-42&#8221; 31073.04 CN"},"content":{"rendered":"<p>CHRONOGRAPHE M\u00c9CANIQUE \u00c0 REMONTAGE AUTOMATIQUE<br \/>\nDISPOSITIF EBERHARD &amp; CO. AVEC 4 COMPTEURS ALIGN\u00c9S<\/p>\n<p>VERRE SAPHIR CONVEXE AVEC TRAITEMENT ANTIREFLET \u00c0 L\u2019INT\u00c9RIEUR<\/p>\n<p>COURONNE EN ACIER \u00c0 VIS AVEC PYRAMIDES EN RELIEF EN C\u00c9RAMIQUE, PERSONNALIS\u00c9E<\/p>\n<p>FOND DU BO\u00ceTIER FIX\u00c9 PAR 6 VIS PERSONNALIS\u00c9<\/p>\n<p>BRACELET EN ACIER CHAQUE<\/p>\n","protected":false},"excerpt":{"rendered":"<p>CHRONOGRAPHE M\u00c9CANIQUE \u00c0 REMONTAGE AUTOMATIQUE DISPOSITIF EBERHARD &amp; CO. AVEC 4 COMPTEURS ALIGN\u00c9S VERRE SAPHIR CONVEXE AVEC TRAITEMENT ANTIREFLET \u00c0 L\u2019INT\u00c9RIEUR COURONNE EN ACIER \u00c0 VIS AVEC PYRAMIDES EN RELIEF EN C\u00c9RAMIQUE, PERSONNALIS\u00c9E FOND DU BO\u00ceTIER FIX\u00c9 PAR 6 VIS PERSONNALIS\u00c9 BRACELET EN ACIER CHAQUE<\/p>\n","protected":false},"featured_media":102898,"template":"","meta":{"_acf_changed":false,"_seopress_robots_primary_cat":"","_seopress_titles_title":"","_seopress_titles_desc":"","_seopress_robots_index":"","inline_featured_image":false},"product_cat":[106],"product_tag":[],"collection":[513],"class_list":{"0":"post-33856","1":"product","2":"type-product","3":"status-publish","4":"has-post-thumbnail","6":"product_cat-non-classifiee","7":"collection-chrono-4-21-42-fr","9":"first","10":"instock","11":"shipping-taxable","12":"purchasable","13":"product-type-simple"},"acf":[],"yoast_head":"<!-- This site is optimized with the Yoast SEO plugin v23.9 - https:\/\/yoast.com\/wordpress\/plugins\/seo\/ -->\n<title>CHRONO 4 &quot;21-42&quot; 31073.04 CN - Eberhard &amp; Co.<\/title>\n<meta name=\"description\" content=\"CHRONOGRAPHE M\u00c9CANIQUE \u00c0 REMONTAGE AUTOMATIQUE DISPOSITIF EBERHARD &amp; CO. AVEC 4 COMPTEURS ALIGN\u00c9S VERRE SAPHIR CONVEXE AVEC TRAITEMENT ANTIREFLET \u00c0\" \/>\n<meta name=\"robots\" content=\"index, follow, max-snippet:-1, max-image-preview:large, max-video-preview:-1\" \/>\n<link rel=\"canonical\" href=\"https:\/\/www.eberhard-co-watches.ch\/fr\/product\/chrono-4-21-42-31073-04-cn\/\" \/>\n<meta property=\"og:locale\" content=\"fr_FR\" \/>\n<meta property=\"og:type\" content=\"article\" \/>\n<meta property=\"og:title\" content=\"CHRONO 4 &quot;21-42&quot; 31073.04 CN - Eberhard &amp; Co.\" \/>\n<meta property=\"og:description\" content=\"CHRONOGRAPHE M\u00c9CANIQUE \u00c0 REMONTAGE AUTOMATIQUE DISPOSITIF EBERHARD &amp; CO. AVEC 4 COMPTEURS ALIGN\u00c9S VERRE SAPHIR CONVEXE AVEC TRAITEMENT ANTIREFLET \u00c0\" \/>\n<meta property=\"og:url\" content=\"https:\/\/www.eberhard-co-watches.ch\/fr\/product\/chrono-4-21-42-31073-04-cn\/\" \/>\n<meta property=\"og:site_name\" content=\"Eberhard &amp; Co.\" \/>\n<meta property=\"article:modified_time\" content=\"2025-02-04T18:36:18+00:00\" \/>\n<meta name=\"twitter:card\" content=\"summary_large_image\" \/>\n<script type=\"application\/ld+json\" class=\"yoast-schema-graph\">{\"@context\":\"https:\/\/schema.org\",\"@graph\":[{\"@type\":\"WebPage\",\"@id\":\"https:\/\/www.eberhard-co-watches.ch\/fr\/product\/chrono-4-21-42-31073-04-cn\/\",\"url\":\"https:\/\/www.eberhard-co-watches.ch\/fr\/product\/chrono-4-21-42-31073-04-cn\/\",\"name\":\"CHRONO 4 \\\"21-42\\\" 31073.04 CN - Eberhard &amp; Co.\",\"isPartOf\":{\"@id\":\"https:\/\/www.eberhard-co-watches.ch\/fr\/#website\"},\"primaryImageOfPage\":{\"@id\":\"https:\/\/www.eberhard-co-watches.ch\/fr\/product\/chrono-4-21-42-31073-04-cn\/#primaryimage\"},\"image\":{\"@id\":\"https:\/\/www.eberhard-co-watches.ch\/fr\/product\/chrono-4-21-42-31073-04-cn\/#primaryimage\"},\"thumbnailUrl\":\"https:\/\/www.eberhard-co-watches.ch\/wp-content\/uploads\/2021\/10\/243.png\",\"datePublished\":\"2021-10-21T13:26:18+00:00\",\"dateModified\":\"2025-02-04T18:36:18+00:00\",\"description\":\"CHRONOGRAPHE M\u00c9CANIQUE \u00c0 REMONTAGE AUTOMATIQUE DISPOSITIF EBERHARD &amp; CO. AVEC 4 COMPTEURS ALIGN\u00c9S VERRE SAPHIR CONVEXE AVEC TRAITEMENT ANTIREFLET \u00c0\",\"breadcrumb\":{\"@id\":\"https:\/\/www.eberhard-co-watches.ch\/fr\/product\/chrono-4-21-42-31073-04-cn\/#breadcrumb\"},\"inLanguage\":\"fr-FR\",\"potentialAction\":[{\"@type\":\"ReadAction\",\"target\":[\"https:\/\/www.eberhard-co-watches.ch\/fr\/product\/chrono-4-21-42-31073-04-cn\/\"]}]},{\"@type\":\"ImageObject\",\"inLanguage\":\"fr-FR\",\"@id\":\"https:\/\/www.eberhard-co-watches.ch\/fr\/product\/chrono-4-21-42-31073-04-cn\/#primaryimage\",\"url\":\"https:\/\/www.eberhard-co-watches.ch\/wp-content\/uploads\/2021\/10\/243.png\",\"contentUrl\":\"https:\/\/www.eberhard-co-watches.ch\/wp-content\/uploads\/2021\/10\/243.png\",\"width\":1000,\"height\":1000},{\"@type\":\"BreadcrumbList\",\"@id\":\"https:\/\/www.eberhard-co-watches.ch\/fr\/product\/chrono-4-21-42-31073-04-cn\/#breadcrumb\",\"itemListElement\":[{\"@type\":\"ListItem\",\"position\":1,\"name\":\"Negozio\",\"item\":\"https:\/\/www.eberhard-co-watches.ch\/negozio\/\"},{\"@type\":\"ListItem\",\"position\":2,\"name\":\"CHRONO 4 &#8220;21-42&#8221; 31073.04 CN\"}]},{\"@type\":\"WebSite\",\"@id\":\"https:\/\/www.eberhard-co-watches.ch\/fr\/#website\",\"url\":\"https:\/\/www.eberhard-co-watches.ch\/fr\/\",\"name\":\"Eberhard &amp; Co.\",\"description\":\"\",\"publisher\":{\"@id\":\"https:\/\/www.eberhard-co-watches.ch\/fr\/#organization\"},\"potentialAction\":[{\"@type\":\"SearchAction\",\"target\":{\"@type\":\"EntryPoint\",\"urlTemplate\":\"https:\/\/www.eberhard-co-watches.ch\/fr\/?s={search_term_string}\"},\"query-input\":{\"@type\":\"PropertyValueSpecification\",\"valueRequired\":true,\"valueName\":\"search_term_string\"}}],\"inLanguage\":\"fr-FR\"},{\"@type\":\"Organization\",\"@id\":\"https:\/\/www.eberhard-co-watches.ch\/fr\/#organization\",\"name\":\"Eberhard & Co. Watches\",\"url\":\"https:\/\/www.eberhard-co-watches.ch\/fr\/\",\"logo\":{\"@type\":\"ImageObject\",\"inLanguage\":\"fr-FR\",\"@id\":\"https:\/\/www.eberhard-co-watches.ch\/fr\/#\/schema\/logo\/image\/\",\"url\":\"\",\"contentUrl\":\"\",\"caption\":\"Eberhard & Co. Watches\"},\"image\":{\"@id\":\"https:\/\/www.eberhard-co-watches.ch\/fr\/#\/schema\/logo\/image\/\"}}]}<\/script>\n<!-- \/ Yoast SEO plugin. -->","yoast_head_json":{"title":"CHRONO 4 \"21-42\" 31073.04 CN - Eberhard &amp; Co.","description":"CHRONOGRAPHE M\u00c9CANIQUE \u00c0 REMONTAGE AUTOMATIQUE DISPOSITIF EBERHARD &amp; CO. AVEC 4 COMPTEURS ALIGN\u00c9S VERRE SAPHIR CONVEXE AVEC TRAITEMENT ANTIREFLET \u00c0","robots":{"index":"index","follow":"follow","max-snippet":"max-snippet:-1","max-image-preview":"max-image-preview:large","max-video-preview":"max-video-preview:-1"},"canonical":"https:\/\/www.eberhard-co-watches.ch\/fr\/product\/chrono-4-21-42-31073-04-cn\/","og_locale":"fr_FR","og_type":"article","og_title":"CHRONO 4 \"21-42\" 31073.04 CN - Eberhard &amp; Co.","og_description":"CHRONOGRAPHE M\u00c9CANIQUE \u00c0 REMONTAGE AUTOMATIQUE DISPOSITIF EBERHARD &amp; CO. AVEC 4 COMPTEURS ALIGN\u00c9S VERRE SAPHIR CONVEXE AVEC TRAITEMENT ANTIREFLET \u00c0","og_url":"https:\/\/www.eberhard-co-watches.ch\/fr\/product\/chrono-4-21-42-31073-04-cn\/","og_site_name":"Eberhard &amp; Co.","article_modified_time":"2025-02-04T18:36:18+00:00","twitter_card":"summary_large_image","schema":{"@context":"https:\/\/schema.org","@graph":[{"@type":"WebPage","@id":"https:\/\/www.eberhard-co-watches.ch\/fr\/product\/chrono-4-21-42-31073-04-cn\/","url":"https:\/\/www.eberhard-co-watches.ch\/fr\/product\/chrono-4-21-42-31073-04-cn\/","name":"CHRONO 4 \"21-42\" 31073.04 CN - Eberhard &amp; Co.","isPartOf":{"@id":"https:\/\/www.eberhard-co-watches.ch\/fr\/#website"},"primaryImageOfPage":{"@id":"https:\/\/www.eberhard-co-watches.ch\/fr\/product\/chrono-4-21-42-31073-04-cn\/#primaryimage"},"image":{"@id":"https:\/\/www.eberhard-co-watches.ch\/fr\/product\/chrono-4-21-42-31073-04-cn\/#primaryimage"},"thumbnailUrl":"https:\/\/www.eberhard-co-watches.ch\/wp-content\/uploads\/2021\/10\/243.png","datePublished":"2021-10-21T13:26:18+00:00","dateModified":"2025-02-04T18:36:18+00:00","description":"CHRONOGRAPHE M\u00c9CANIQUE \u00c0 REMONTAGE AUTOMATIQUE DISPOSITIF EBERHARD &amp; CO. AVEC 4 COMPTEURS ALIGN\u00c9S VERRE SAPHIR CONVEXE AVEC TRAITEMENT ANTIREFLET \u00c0","breadcrumb":{"@id":"https:\/\/www.eberhard-co-watches.ch\/fr\/product\/chrono-4-21-42-31073-04-cn\/#breadcrumb"},"inLanguage":"fr-FR","potentialAction":[{"@type":"ReadAction","target":["https:\/\/www.eberhard-co-watches.ch\/fr\/product\/chrono-4-21-42-31073-04-cn\/"]}]},{"@type":"ImageObject","inLanguage":"fr-FR","@id":"https:\/\/www.eberhard-co-watches.ch\/fr\/product\/chrono-4-21-42-31073-04-cn\/#primaryimage","url":"https:\/\/www.eberhard-co-watches.ch\/wp-content\/uploads\/2021\/10\/243.png","contentUrl":"https:\/\/www.eberhard-co-watches.ch\/wp-content\/uploads\/2021\/10\/243.png","width":1000,"height":1000},{"@type":"BreadcrumbList","@id":"https:\/\/www.eberhard-co-watches.ch\/fr\/product\/chrono-4-21-42-31073-04-cn\/#breadcrumb","itemListElement":[{"@type":"ListItem","position":1,"name":"Negozio","item":"https:\/\/www.eberhard-co-watches.ch\/negozio\/"},{"@type":"ListItem","position":2,"name":"CHRONO 4 &#8220;21-42&#8221; 31073.04 CN"}]},{"@type":"WebSite","@id":"https:\/\/www.eberhard-co-watches.ch\/fr\/#website","url":"https:\/\/www.eberhard-co-watches.ch\/fr\/","name":"Eberhard &amp; Co.","description":"","publisher":{"@id":"https:\/\/www.eberhard-co-watches.ch\/fr\/#organization"},"potentialAction":[{"@type":"SearchAction","target":{"@type":"EntryPoint","urlTemplate":"https:\/\/www.eberhard-co-watches.ch\/fr\/?s={search_term_string}"},"query-input":{"@type":"PropertyValueSpecification","valueRequired":true,"valueName":"search_term_string"}}],"inLanguage":"fr-FR"},{"@type":"Organization","@id":"https:\/\/www.eberhard-co-watches.ch\/fr\/#organization","name":"Eberhard & Co. Watches","url":"https:\/\/www.eberhard-co-watches.ch\/fr\/","logo":{"@type":"ImageObject","inLanguage":"fr-FR","@id":"https:\/\/www.eberhard-co-watches.ch\/fr\/#\/schema\/logo\/image\/","url":"","contentUrl":"","caption":"Eberhard & Co. Watches"},"image":{"@id":"https:\/\/www.eberhard-co-watches.ch\/fr\/#\/schema\/logo\/image\/"}}]}},"_links":{"self":[{"href":"https:\/\/www.eberhard-co-watches.ch\/fr\/wp-json\/wp\/v2\/product\/33856"}],"collection":[{"href":"https:\/\/www.eberhard-co-watches.ch\/fr\/wp-json\/wp\/v2\/product"}],"about":[{"href":"https:\/\/www.eberhard-co-watches.ch\/fr\/wp-json\/wp\/v2\/types\/product"}],"wp:featuredmedia":[{"embeddable":true,"href":"https:\/\/www.eberhard-co-watches.ch\/fr\/wp-json\/wp\/v2\/media\/102898"}],"wp:attachment":[{"href":"https:\/\/www.eberhard-co-watches.ch\/fr\/wp-json\/wp\/v2\/media?parent=33856"}],"wp:term":[{"taxonomy":"product_cat","embeddable":true,"href":"https:\/\/www.eberhard-co-watches.ch\/fr\/wp-json\/wp\/v2\/product_cat?post=33856"},{"taxonomy":"product_tag","embeddable":true,"href":"https:\/\/www.eberhard-co-watches.ch\/fr\/wp-json\/wp\/v2\/product_tag?post=33856"},{"taxonomy":"collection","embeddable":true,"href":"https:\/\/www.eberhard-co-watches.ch\/fr\/wp-json\/wp\/v2\/collection?post=33856"}],"curies":[{"name":"wp","href":"https:\/\/api.w.org\/{rel}","templated":true}]}}