{"id":34072,"date":"2023-09-04T18:24:52","date_gmt":"2023-09-04T16:24:52","guid":{"rendered":"https:\/\/www.eberhard-co-watches.ch\/prodotto\/chrono-4-pards-31080\/"},"modified":"2025-02-04T20:11:11","modified_gmt":"2025-02-04T19:11:11","slug":"chrono-4-pards-31080","status":"publish","type":"product","link":"https:\/\/www.eberhard-co-watches.ch\/fr\/product\/chrono-4-pards-31080\/","title":{"rendered":"CHRONO 4 PARDS 31080.01 CP"},"content":{"rendered":"<p>CHRONOGRAPHE M\u00c9CANIQUE \u00c0 REMONTAGE AUTOMATIQUE<br \/>\nDISPOSITIF EBERHARD &amp; CO. AVEC 4 COMPTEURS ALIGN\u00c9S<\/p>\n<p>\u00c9DITION LIMIT\u00c9E \u00c0 75 EXEMPLAIRES<\/p>\n<p>VERRE SAPHIR CONVEXE AVEC TRAITEMENT ANTIREFLET SUR LA SURFACE INTERNE<\/p>\n<p>COURONNE EN ACIER \u00c0 VIS AVEC MOTIFS EN PYRAMIDE EN RELIEF, REV\u00caTEMENT DLC (DLC-BROWNZ), PERSONNALIS\u00c9E<\/p>\n<p>FOND FIX\u00c9 PAR 6 VIS, PERSONNALIS\u00c9, AVEC REV\u00caTEMENT DLC (DLC-BROWNZ)<\/p>\n<p>BRACELET EN CUIR<\/p>\n<p>BOUCLE EN ACIER AVEC REV\u00caTEMENT DLC (DLC-BROWNZ), PERSONNALIS\u00c9E<\/p>\n","protected":false},"excerpt":{"rendered":"<p>CHRONOGRAPHE M\u00c9CANIQUE \u00c0 REMONTAGE AUTOMATIQUE DISPOSITIF EBERHARD &amp; CO. AVEC 4 COMPTEURS ALIGN\u00c9S \u00c9DITION LIMIT\u00c9E \u00c0 75 EXEMPLAIRES VERRE SAPHIR CONVEXE AVEC TRAITEMENT ANTIREFLET SUR LA SURFACE INTERNE COURONNE EN ACIER \u00c0 VIS AVEC MOTIFS EN PYRAMIDE EN RELIEF, REV\u00caTEMENT DLC (DLC-BROWNZ), PERSONNALIS\u00c9E FOND FIX\u00c9 PAR 6 VIS, PERSONNALIS\u00c9, AVEC REV\u00caTEMENT DLC (DLC-BROWNZ) BRACELET EN [&hellip;]<\/p>\n","protected":false},"featured_media":0,"template":"","meta":{"_acf_changed":false,"_seopress_robots_primary_cat":"","_seopress_titles_title":"","_seopress_titles_desc":"","_seopress_robots_index":"","inline_featured_image":false},"product_cat":[106],"product_tag":[],"collection":[513],"class_list":{"0":"post-34072","1":"product","2":"type-product","3":"status-publish","5":"product_cat-non-classifiee","6":"collection-chrono-4-21-42-fr","8":"first","9":"instock","10":"shipping-taxable","11":"purchasable","12":"product-type-simple"},"acf":[],"yoast_head":"<!-- This site is optimized with the Yoast SEO plugin v23.9 - https:\/\/yoast.com\/wordpress\/plugins\/seo\/ -->\n<title>CHRONO 4 PARDS 31080.01 CP - Eberhard &amp; Co.<\/title>\n<meta name=\"description\" content=\"CHRONOGRAPHE M\u00c9CANIQUE \u00c0 REMONTAGE AUTOMATIQUE DISPOSITIF EBERHARD &amp; CO. AVEC 4 COMPTEURS ALIGN\u00c9S \u00c9DITION LIMIT\u00c9E \u00c0 75 EXEMPLAIRES VERRE SAPHIR\" \/>\n<meta name=\"robots\" content=\"index, follow, max-snippet:-1, max-image-preview:large, max-video-preview:-1\" \/>\n<link rel=\"canonical\" href=\"https:\/\/www.eberhard-co-watches.ch\/fr\/product\/chrono-4-pards-31080\/\" \/>\n<meta property=\"og:locale\" content=\"fr_FR\" \/>\n<meta property=\"og:type\" content=\"article\" \/>\n<meta property=\"og:title\" content=\"CHRONO 4 PARDS 31080.01 CP - Eberhard &amp; Co.\" \/>\n<meta property=\"og:description\" content=\"CHRONOGRAPHE M\u00c9CANIQUE \u00c0 REMONTAGE AUTOMATIQUE DISPOSITIF EBERHARD &amp; CO. AVEC 4 COMPTEURS ALIGN\u00c9S \u00c9DITION LIMIT\u00c9E \u00c0 75 EXEMPLAIRES VERRE SAPHIR\" \/>\n<meta property=\"og:url\" content=\"https:\/\/www.eberhard-co-watches.ch\/fr\/product\/chrono-4-pards-31080\/\" \/>\n<meta property=\"og:site_name\" content=\"Eberhard &amp; Co.\" \/>\n<meta property=\"article:modified_time\" content=\"2025-02-04T19:11:11+00:00\" \/>\n<meta name=\"twitter:card\" content=\"summary_large_image\" \/>\n<script type=\"application\/ld+json\" class=\"yoast-schema-graph\">{\"@context\":\"https:\/\/schema.org\",\"@graph\":[{\"@type\":\"WebPage\",\"@id\":\"https:\/\/www.eberhard-co-watches.ch\/fr\/product\/chrono-4-pards-31080\/\",\"url\":\"https:\/\/www.eberhard-co-watches.ch\/fr\/product\/chrono-4-pards-31080\/\",\"name\":\"CHRONO 4 PARDS 31080.01 CP - Eberhard &amp; Co.\",\"isPartOf\":{\"@id\":\"https:\/\/www.eberhard-co-watches.ch\/fr\/#website\"},\"datePublished\":\"2023-09-04T16:24:52+00:00\",\"dateModified\":\"2025-02-04T19:11:11+00:00\",\"description\":\"CHRONOGRAPHE M\u00c9CANIQUE \u00c0 REMONTAGE AUTOMATIQUE DISPOSITIF EBERHARD &amp; CO. AVEC 4 COMPTEURS ALIGN\u00c9S \u00c9DITION LIMIT\u00c9E \u00c0 75 EXEMPLAIRES VERRE SAPHIR\",\"breadcrumb\":{\"@id\":\"https:\/\/www.eberhard-co-watches.ch\/fr\/product\/chrono-4-pards-31080\/#breadcrumb\"},\"inLanguage\":\"fr-FR\",\"potentialAction\":[{\"@type\":\"ReadAction\",\"target\":[\"https:\/\/www.eberhard-co-watches.ch\/fr\/product\/chrono-4-pards-31080\/\"]}]},{\"@type\":\"BreadcrumbList\",\"@id\":\"https:\/\/www.eberhard-co-watches.ch\/fr\/product\/chrono-4-pards-31080\/#breadcrumb\",\"itemListElement\":[{\"@type\":\"ListItem\",\"position\":1,\"name\":\"Negozio\",\"item\":\"https:\/\/www.eberhard-co-watches.ch\/negozio\/\"},{\"@type\":\"ListItem\",\"position\":2,\"name\":\"CHRONO 4 PARDS 31080.01 CP\"}]},{\"@type\":\"WebSite\",\"@id\":\"https:\/\/www.eberhard-co-watches.ch\/fr\/#website\",\"url\":\"https:\/\/www.eberhard-co-watches.ch\/fr\/\",\"name\":\"Eberhard &amp; Co.\",\"description\":\"\",\"publisher\":{\"@id\":\"https:\/\/www.eberhard-co-watches.ch\/fr\/#organization\"},\"potentialAction\":[{\"@type\":\"SearchAction\",\"target\":{\"@type\":\"EntryPoint\",\"urlTemplate\":\"https:\/\/www.eberhard-co-watches.ch\/fr\/?s={search_term_string}\"},\"query-input\":{\"@type\":\"PropertyValueSpecification\",\"valueRequired\":true,\"valueName\":\"search_term_string\"}}],\"inLanguage\":\"fr-FR\"},{\"@type\":\"Organization\",\"@id\":\"https:\/\/www.eberhard-co-watches.ch\/fr\/#organization\",\"name\":\"Eberhard & Co. Watches\",\"url\":\"https:\/\/www.eberhard-co-watches.ch\/fr\/\",\"logo\":{\"@type\":\"ImageObject\",\"inLanguage\":\"fr-FR\",\"@id\":\"https:\/\/www.eberhard-co-watches.ch\/fr\/#\/schema\/logo\/image\/\",\"url\":\"\",\"contentUrl\":\"\",\"caption\":\"Eberhard & Co. Watches\"},\"image\":{\"@id\":\"https:\/\/www.eberhard-co-watches.ch\/fr\/#\/schema\/logo\/image\/\"}}]}<\/script>\n<!-- \/ Yoast SEO plugin. -->","yoast_head_json":{"title":"CHRONO 4 PARDS 31080.01 CP - Eberhard &amp; Co.","description":"CHRONOGRAPHE M\u00c9CANIQUE \u00c0 REMONTAGE AUTOMATIQUE DISPOSITIF EBERHARD &amp; CO. AVEC 4 COMPTEURS ALIGN\u00c9S \u00c9DITION LIMIT\u00c9E \u00c0 75 EXEMPLAIRES VERRE SAPHIR","robots":{"index":"index","follow":"follow","max-snippet":"max-snippet:-1","max-image-preview":"max-image-preview:large","max-video-preview":"max-video-preview:-1"},"canonical":"https:\/\/www.eberhard-co-watches.ch\/fr\/product\/chrono-4-pards-31080\/","og_locale":"fr_FR","og_type":"article","og_title":"CHRONO 4 PARDS 31080.01 CP - Eberhard &amp; Co.","og_description":"CHRONOGRAPHE M\u00c9CANIQUE \u00c0 REMONTAGE AUTOMATIQUE DISPOSITIF EBERHARD &amp; CO. AVEC 4 COMPTEURS ALIGN\u00c9S \u00c9DITION LIMIT\u00c9E \u00c0 75 EXEMPLAIRES VERRE SAPHIR","og_url":"https:\/\/www.eberhard-co-watches.ch\/fr\/product\/chrono-4-pards-31080\/","og_site_name":"Eberhard &amp; Co.","article_modified_time":"2025-02-04T19:11:11+00:00","twitter_card":"summary_large_image","schema":{"@context":"https:\/\/schema.org","@graph":[{"@type":"WebPage","@id":"https:\/\/www.eberhard-co-watches.ch\/fr\/product\/chrono-4-pards-31080\/","url":"https:\/\/www.eberhard-co-watches.ch\/fr\/product\/chrono-4-pards-31080\/","name":"CHRONO 4 PARDS 31080.01 CP - Eberhard &amp; Co.","isPartOf":{"@id":"https:\/\/www.eberhard-co-watches.ch\/fr\/#website"},"datePublished":"2023-09-04T16:24:52+00:00","dateModified":"2025-02-04T19:11:11+00:00","description":"CHRONOGRAPHE M\u00c9CANIQUE \u00c0 REMONTAGE AUTOMATIQUE DISPOSITIF EBERHARD &amp; CO. AVEC 4 COMPTEURS ALIGN\u00c9S \u00c9DITION LIMIT\u00c9E \u00c0 75 EXEMPLAIRES VERRE SAPHIR","breadcrumb":{"@id":"https:\/\/www.eberhard-co-watches.ch\/fr\/product\/chrono-4-pards-31080\/#breadcrumb"},"inLanguage":"fr-FR","potentialAction":[{"@type":"ReadAction","target":["https:\/\/www.eberhard-co-watches.ch\/fr\/product\/chrono-4-pards-31080\/"]}]},{"@type":"BreadcrumbList","@id":"https:\/\/www.eberhard-co-watches.ch\/fr\/product\/chrono-4-pards-31080\/#breadcrumb","itemListElement":[{"@type":"ListItem","position":1,"name":"Negozio","item":"https:\/\/www.eberhard-co-watches.ch\/negozio\/"},{"@type":"ListItem","position":2,"name":"CHRONO 4 PARDS 31080.01 CP"}]},{"@type":"WebSite","@id":"https:\/\/www.eberhard-co-watches.ch\/fr\/#website","url":"https:\/\/www.eberhard-co-watches.ch\/fr\/","name":"Eberhard &amp; Co.","description":"","publisher":{"@id":"https:\/\/www.eberhard-co-watches.ch\/fr\/#organization"},"potentialAction":[{"@type":"SearchAction","target":{"@type":"EntryPoint","urlTemplate":"https:\/\/www.eberhard-co-watches.ch\/fr\/?s={search_term_string}"},"query-input":{"@type":"PropertyValueSpecification","valueRequired":true,"valueName":"search_term_string"}}],"inLanguage":"fr-FR"},{"@type":"Organization","@id":"https:\/\/www.eberhard-co-watches.ch\/fr\/#organization","name":"Eberhard & Co. Watches","url":"https:\/\/www.eberhard-co-watches.ch\/fr\/","logo":{"@type":"ImageObject","inLanguage":"fr-FR","@id":"https:\/\/www.eberhard-co-watches.ch\/fr\/#\/schema\/logo\/image\/","url":"","contentUrl":"","caption":"Eberhard & Co. Watches"},"image":{"@id":"https:\/\/www.eberhard-co-watches.ch\/fr\/#\/schema\/logo\/image\/"}}]}},"_links":{"self":[{"href":"https:\/\/www.eberhard-co-watches.ch\/fr\/wp-json\/wp\/v2\/product\/34072"}],"collection":[{"href":"https:\/\/www.eberhard-co-watches.ch\/fr\/wp-json\/wp\/v2\/product"}],"about":[{"href":"https:\/\/www.eberhard-co-watches.ch\/fr\/wp-json\/wp\/v2\/types\/product"}],"wp:attachment":[{"href":"https:\/\/www.eberhard-co-watches.ch\/fr\/wp-json\/wp\/v2\/media?parent=34072"}],"wp:term":[{"taxonomy":"product_cat","embeddable":true,"href":"https:\/\/www.eberhard-co-watches.ch\/fr\/wp-json\/wp\/v2\/product_cat?post=34072"},{"taxonomy":"product_tag","embeddable":true,"href":"https:\/\/www.eberhard-co-watches.ch\/fr\/wp-json\/wp\/v2\/product_tag?post=34072"},{"taxonomy":"collection","embeddable":true,"href":"https:\/\/www.eberhard-co-watches.ch\/fr\/wp-json\/wp\/v2\/collection?post=34072"}],"curies":[{"name":"wp","href":"https:\/\/api.w.org\/{rel}","templated":true}]}}