{"id":35665,"date":"2021-06-07T14:57:31","date_gmt":"2021-06-07T12:57:31","guid":{"rendered":"https:\/\/www.eberhard-co-watches.ch\/prodotto\/scientigraf-41043-01\/"},"modified":"2025-01-23T09:39:09","modified_gmt":"2025-01-23T08:39:09","slug":"scientigraf-41043-01","status":"publish","type":"product","link":"https:\/\/www.eberhard-co-watches.ch\/fr\/product\/scientigraf-41043-01\/","title":{"rendered":"SCIENTIGRAF 41043.01"},"content":{"rendered":"<p>M\u00c9CANIQUE \u00c0 REMONTAGE AUTOMATIQUE<\/p>\n<p>VERRE SAPHIR CONVEXE EXCAV\u00c9 AVEC TRAITEMENT ANTIREFLET \u00c0 L\u2019INT\u00c9RIEUR<\/p>\n<p>COURONNE EN ACIER \u00c0 VIS PERSONNALIS\u00c9E<\/p>\n<p>FOND DU BO\u00ceTIER VISS\u00c9 PERSONNALIS\u00c9 AVEC LE DESIGN DE 1961 INSPIR\u00c9 PAR LES CHAMPS MAGN\u00c9TIQUES<\/p>\n<p>BRACELET EN CUIR D\u00c9PERLANT AVEC DES SURPIQ\u00dbRES CONTRAST\u00c9ES<\/p>\n<p>BOUCLE EN ACIER PERSONNALIS\u00c9E<\/p>\n<p>OPTIONNEL:<br \/>\nFERMETURE D\u00c9PLOYANTE D\u00c9CLIC\u00ae<\/p>\n","protected":false},"excerpt":{"rendered":"<p>M\u00c9CANIQUE \u00c0 REMONTAGE AUTOMATIQUE VERRE SAPHIR CONVEXE EXCAV\u00c9 AVEC TRAITEMENT ANTIREFLET \u00c0 L\u2019INT\u00c9RIEUR COURONNE EN ACIER \u00c0 VIS PERSONNALIS\u00c9E FOND DU BO\u00ceTIER VISS\u00c9 PERSONNALIS\u00c9 AVEC LE DESIGN DE 1961 INSPIR\u00c9 PAR LES CHAMPS MAGN\u00c9TIQUES BRACELET EN CUIR D\u00c9PERLANT AVEC DES SURPIQ\u00dbRES CONTRAST\u00c9ES BOUCLE EN ACIER PERSONNALIS\u00c9E OPTIONNEL: FERMETURE D\u00c9PLOYANTE D\u00c9CLIC\u00ae<\/p>\n","protected":false},"featured_media":102654,"template":"","meta":{"_acf_changed":false,"_seopress_robots_primary_cat":"","_seopress_titles_title":"","_seopress_titles_desc":"","_seopress_robots_index":"","inline_featured_image":false},"product_cat":[106],"product_tag":[],"collection":[599],"class_list":{"0":"post-35665","1":"product","2":"type-product","3":"status-publish","4":"has-post-thumbnail","6":"product_cat-non-classifiee","7":"collection-scientigraf-scientigraf-fr","9":"first","10":"instock","11":"shipping-taxable","12":"purchasable","13":"product-type-simple"},"acf":[],"yoast_head":"<!-- This site is optimized with the Yoast SEO plugin v23.9 - https:\/\/yoast.com\/wordpress\/plugins\/seo\/ -->\n<title>SCIENTIGRAF 41043.01 - Eberhard &amp; Co.<\/title>\n<meta name=\"description\" content=\"M\u00c9CANIQUE \u00c0 REMONTAGE AUTOMATIQUE VERRE SAPHIR CONVEXE EXCAV\u00c9 AVEC TRAITEMENT ANTIREFLET \u00c0 L\u2019INT\u00c9RIEUR COURONNE EN ACIER \u00c0 VIS PERSONNALIS\u00c9E FOND DU\" \/>\n<meta name=\"robots\" content=\"index, follow, max-snippet:-1, max-image-preview:large, max-video-preview:-1\" \/>\n<link rel=\"canonical\" href=\"https:\/\/www.eberhard-co-watches.ch\/fr\/product\/scientigraf-41043-01\/\" \/>\n<meta property=\"og:locale\" content=\"fr_FR\" \/>\n<meta property=\"og:type\" content=\"article\" \/>\n<meta property=\"og:title\" content=\"SCIENTIGRAF 41043.01 - Eberhard &amp; Co.\" \/>\n<meta property=\"og:description\" content=\"M\u00c9CANIQUE \u00c0 REMONTAGE AUTOMATIQUE VERRE SAPHIR CONVEXE EXCAV\u00c9 AVEC TRAITEMENT ANTIREFLET \u00c0 L\u2019INT\u00c9RIEUR COURONNE EN ACIER \u00c0 VIS PERSONNALIS\u00c9E FOND DU\" \/>\n<meta property=\"og:url\" content=\"https:\/\/www.eberhard-co-watches.ch\/fr\/product\/scientigraf-41043-01\/\" \/>\n<meta property=\"og:site_name\" content=\"Eberhard &amp; Co.\" \/>\n<meta property=\"article:modified_time\" content=\"2025-01-23T08:39:09+00:00\" \/>\n<meta name=\"twitter:card\" content=\"summary_large_image\" \/>\n<script type=\"application\/ld+json\" class=\"yoast-schema-graph\">{\"@context\":\"https:\/\/schema.org\",\"@graph\":[{\"@type\":\"WebPage\",\"@id\":\"https:\/\/www.eberhard-co-watches.ch\/fr\/product\/scientigraf-41043-01\/\",\"url\":\"https:\/\/www.eberhard-co-watches.ch\/fr\/product\/scientigraf-41043-01\/\",\"name\":\"SCIENTIGRAF 41043.01 - Eberhard &amp; Co.\",\"isPartOf\":{\"@id\":\"https:\/\/www.eberhard-co-watches.ch\/fr\/#website\"},\"primaryImageOfPage\":{\"@id\":\"https:\/\/www.eberhard-co-watches.ch\/fr\/product\/scientigraf-41043-01\/#primaryimage\"},\"image\":{\"@id\":\"https:\/\/www.eberhard-co-watches.ch\/fr\/product\/scientigraf-41043-01\/#primaryimage\"},\"thumbnailUrl\":\"https:\/\/www.eberhard-co-watches.ch\/wp-content\/uploads\/2021\/06\/DETTAGLI-SITO_ok-9.png\",\"datePublished\":\"2021-06-07T12:57:31+00:00\",\"dateModified\":\"2025-01-23T08:39:09+00:00\",\"description\":\"M\u00c9CANIQUE \u00c0 REMONTAGE AUTOMATIQUE VERRE SAPHIR CONVEXE EXCAV\u00c9 AVEC TRAITEMENT ANTIREFLET \u00c0 L\u2019INT\u00c9RIEUR COURONNE EN ACIER \u00c0 VIS PERSONNALIS\u00c9E FOND DU\",\"breadcrumb\":{\"@id\":\"https:\/\/www.eberhard-co-watches.ch\/fr\/product\/scientigraf-41043-01\/#breadcrumb\"},\"inLanguage\":\"fr-FR\",\"potentialAction\":[{\"@type\":\"ReadAction\",\"target\":[\"https:\/\/www.eberhard-co-watches.ch\/fr\/product\/scientigraf-41043-01\/\"]}]},{\"@type\":\"ImageObject\",\"inLanguage\":\"fr-FR\",\"@id\":\"https:\/\/www.eberhard-co-watches.ch\/fr\/product\/scientigraf-41043-01\/#primaryimage\",\"url\":\"https:\/\/www.eberhard-co-watches.ch\/wp-content\/uploads\/2021\/06\/DETTAGLI-SITO_ok-9.png\",\"contentUrl\":\"https:\/\/www.eberhard-co-watches.ch\/wp-content\/uploads\/2021\/06\/DETTAGLI-SITO_ok-9.png\",\"width\":1000,\"height\":1000},{\"@type\":\"BreadcrumbList\",\"@id\":\"https:\/\/www.eberhard-co-watches.ch\/fr\/product\/scientigraf-41043-01\/#breadcrumb\",\"itemListElement\":[{\"@type\":\"ListItem\",\"position\":1,\"name\":\"Negozio\",\"item\":\"https:\/\/www.eberhard-co-watches.ch\/negozio\/\"},{\"@type\":\"ListItem\",\"position\":2,\"name\":\"SCIENTIGRAF 41043.01\"}]},{\"@type\":\"WebSite\",\"@id\":\"https:\/\/www.eberhard-co-watches.ch\/fr\/#website\",\"url\":\"https:\/\/www.eberhard-co-watches.ch\/fr\/\",\"name\":\"Eberhard &amp; Co.\",\"description\":\"\",\"publisher\":{\"@id\":\"https:\/\/www.eberhard-co-watches.ch\/fr\/#organization\"},\"potentialAction\":[{\"@type\":\"SearchAction\",\"target\":{\"@type\":\"EntryPoint\",\"urlTemplate\":\"https:\/\/www.eberhard-co-watches.ch\/fr\/?s={search_term_string}\"},\"query-input\":{\"@type\":\"PropertyValueSpecification\",\"valueRequired\":true,\"valueName\":\"search_term_string\"}}],\"inLanguage\":\"fr-FR\"},{\"@type\":\"Organization\",\"@id\":\"https:\/\/www.eberhard-co-watches.ch\/fr\/#organization\",\"name\":\"Eberhard & Co. Watches\",\"url\":\"https:\/\/www.eberhard-co-watches.ch\/fr\/\",\"logo\":{\"@type\":\"ImageObject\",\"inLanguage\":\"fr-FR\",\"@id\":\"https:\/\/www.eberhard-co-watches.ch\/fr\/#\/schema\/logo\/image\/\",\"url\":\"\",\"contentUrl\":\"\",\"caption\":\"Eberhard & Co. Watches\"},\"image\":{\"@id\":\"https:\/\/www.eberhard-co-watches.ch\/fr\/#\/schema\/logo\/image\/\"}}]}<\/script>\n<!-- \/ Yoast SEO plugin. -->","yoast_head_json":{"title":"SCIENTIGRAF 41043.01 - Eberhard &amp; Co.","description":"M\u00c9CANIQUE \u00c0 REMONTAGE AUTOMATIQUE VERRE SAPHIR CONVEXE EXCAV\u00c9 AVEC TRAITEMENT ANTIREFLET \u00c0 L\u2019INT\u00c9RIEUR COURONNE EN ACIER \u00c0 VIS PERSONNALIS\u00c9E FOND DU","robots":{"index":"index","follow":"follow","max-snippet":"max-snippet:-1","max-image-preview":"max-image-preview:large","max-video-preview":"max-video-preview:-1"},"canonical":"https:\/\/www.eberhard-co-watches.ch\/fr\/product\/scientigraf-41043-01\/","og_locale":"fr_FR","og_type":"article","og_title":"SCIENTIGRAF 41043.01 - Eberhard &amp; Co.","og_description":"M\u00c9CANIQUE \u00c0 REMONTAGE AUTOMATIQUE VERRE SAPHIR CONVEXE EXCAV\u00c9 AVEC TRAITEMENT ANTIREFLET \u00c0 L\u2019INT\u00c9RIEUR COURONNE EN ACIER \u00c0 VIS PERSONNALIS\u00c9E FOND DU","og_url":"https:\/\/www.eberhard-co-watches.ch\/fr\/product\/scientigraf-41043-01\/","og_site_name":"Eberhard &amp; Co.","article_modified_time":"2025-01-23T08:39:09+00:00","twitter_card":"summary_large_image","schema":{"@context":"https:\/\/schema.org","@graph":[{"@type":"WebPage","@id":"https:\/\/www.eberhard-co-watches.ch\/fr\/product\/scientigraf-41043-01\/","url":"https:\/\/www.eberhard-co-watches.ch\/fr\/product\/scientigraf-41043-01\/","name":"SCIENTIGRAF 41043.01 - Eberhard &amp; Co.","isPartOf":{"@id":"https:\/\/www.eberhard-co-watches.ch\/fr\/#website"},"primaryImageOfPage":{"@id":"https:\/\/www.eberhard-co-watches.ch\/fr\/product\/scientigraf-41043-01\/#primaryimage"},"image":{"@id":"https:\/\/www.eberhard-co-watches.ch\/fr\/product\/scientigraf-41043-01\/#primaryimage"},"thumbnailUrl":"https:\/\/www.eberhard-co-watches.ch\/wp-content\/uploads\/2021\/06\/DETTAGLI-SITO_ok-9.png","datePublished":"2021-06-07T12:57:31+00:00","dateModified":"2025-01-23T08:39:09+00:00","description":"M\u00c9CANIQUE \u00c0 REMONTAGE AUTOMATIQUE VERRE SAPHIR CONVEXE EXCAV\u00c9 AVEC TRAITEMENT ANTIREFLET \u00c0 L\u2019INT\u00c9RIEUR COURONNE EN ACIER \u00c0 VIS PERSONNALIS\u00c9E FOND DU","breadcrumb":{"@id":"https:\/\/www.eberhard-co-watches.ch\/fr\/product\/scientigraf-41043-01\/#breadcrumb"},"inLanguage":"fr-FR","potentialAction":[{"@type":"ReadAction","target":["https:\/\/www.eberhard-co-watches.ch\/fr\/product\/scientigraf-41043-01\/"]}]},{"@type":"ImageObject","inLanguage":"fr-FR","@id":"https:\/\/www.eberhard-co-watches.ch\/fr\/product\/scientigraf-41043-01\/#primaryimage","url":"https:\/\/www.eberhard-co-watches.ch\/wp-content\/uploads\/2021\/06\/DETTAGLI-SITO_ok-9.png","contentUrl":"https:\/\/www.eberhard-co-watches.ch\/wp-content\/uploads\/2021\/06\/DETTAGLI-SITO_ok-9.png","width":1000,"height":1000},{"@type":"BreadcrumbList","@id":"https:\/\/www.eberhard-co-watches.ch\/fr\/product\/scientigraf-41043-01\/#breadcrumb","itemListElement":[{"@type":"ListItem","position":1,"name":"Negozio","item":"https:\/\/www.eberhard-co-watches.ch\/negozio\/"},{"@type":"ListItem","position":2,"name":"SCIENTIGRAF 41043.01"}]},{"@type":"WebSite","@id":"https:\/\/www.eberhard-co-watches.ch\/fr\/#website","url":"https:\/\/www.eberhard-co-watches.ch\/fr\/","name":"Eberhard &amp; Co.","description":"","publisher":{"@id":"https:\/\/www.eberhard-co-watches.ch\/fr\/#organization"},"potentialAction":[{"@type":"SearchAction","target":{"@type":"EntryPoint","urlTemplate":"https:\/\/www.eberhard-co-watches.ch\/fr\/?s={search_term_string}"},"query-input":{"@type":"PropertyValueSpecification","valueRequired":true,"valueName":"search_term_string"}}],"inLanguage":"fr-FR"},{"@type":"Organization","@id":"https:\/\/www.eberhard-co-watches.ch\/fr\/#organization","name":"Eberhard & Co. Watches","url":"https:\/\/www.eberhard-co-watches.ch\/fr\/","logo":{"@type":"ImageObject","inLanguage":"fr-FR","@id":"https:\/\/www.eberhard-co-watches.ch\/fr\/#\/schema\/logo\/image\/","url":"","contentUrl":"","caption":"Eberhard & Co. Watches"},"image":{"@id":"https:\/\/www.eberhard-co-watches.ch\/fr\/#\/schema\/logo\/image\/"}}]}},"_links":{"self":[{"href":"https:\/\/www.eberhard-co-watches.ch\/fr\/wp-json\/wp\/v2\/product\/35665"}],"collection":[{"href":"https:\/\/www.eberhard-co-watches.ch\/fr\/wp-json\/wp\/v2\/product"}],"about":[{"href":"https:\/\/www.eberhard-co-watches.ch\/fr\/wp-json\/wp\/v2\/types\/product"}],"wp:featuredmedia":[{"embeddable":true,"href":"https:\/\/www.eberhard-co-watches.ch\/fr\/wp-json\/wp\/v2\/media\/102654"}],"wp:attachment":[{"href":"https:\/\/www.eberhard-co-watches.ch\/fr\/wp-json\/wp\/v2\/media?parent=35665"}],"wp:term":[{"taxonomy":"product_cat","embeddable":true,"href":"https:\/\/www.eberhard-co-watches.ch\/fr\/wp-json\/wp\/v2\/product_cat?post=35665"},{"taxonomy":"product_tag","embeddable":true,"href":"https:\/\/www.eberhard-co-watches.ch\/fr\/wp-json\/wp\/v2\/product_tag?post=35665"},{"taxonomy":"collection","embeddable":true,"href":"https:\/\/www.eberhard-co-watches.ch\/fr\/wp-json\/wp\/v2\/collection?post=35665"}],"curies":[{"name":"wp","href":"https:\/\/api.w.org\/{rel}","templated":true}]}}