{"id":35783,"date":"2018-03-12T17:11:15","date_gmt":"2018-03-12T16:11:15","guid":{"rendered":"https:\/\/www.eberhard-co-watches.ch\/prodotto\/scafograf-100-41039-02-cioccolato-gomma\/"},"modified":"2025-04-29T19:22:28","modified_gmt":"2025-04-29T17:22:28","slug":"scafograf-100-41039-02-cioccolato-gomma","status":"publish","type":"product","link":"https:\/\/www.eberhard-co-watches.ch\/fr\/product\/scafograf-100-41039-02-cioccolato-gomma\/","title":{"rendered":"SCAFOGRAF 100 41039.02 CIOCCOLATO (gomma)"},"content":{"rendered":"<p>M\u00c9CANIQUE \u00c0 REMONTAGE AUTOMATIQUE<\/p>\n<p>VERRE SAPHIR CONVEXE ANTIREFLET<\/p>\n<p>COURONNE EN ACIER PERSONNALIS\u00c9E<\/p>\n<p>FOND DU BO\u00ceTIER VISS\u00c9 PERSONNALIS\u00c9 AVEC UNE \u00c9TOILE DE MER GRAV\u00c9E<\/p>\n<p>BRACELET EN GOMME, INT\u00c9GR\u00c9, PERSONNALIS\u00c9<\/p>\n<p>BOUCLE EN ACIER PERSONNALIS\u00c9E<\/p>\n","protected":false},"excerpt":{"rendered":"<p>M\u00c9CANIQUE \u00c0 REMONTAGE AUTOMATIQUE VERRE SAPHIR CONVEXE ANTIREFLET COURONNE EN ACIER PERSONNALIS\u00c9E FOND DU BO\u00ceTIER VISS\u00c9 PERSONNALIS\u00c9 AVEC UNE \u00c9TOILE DE MER GRAV\u00c9E BRACELET EN GOMME, INT\u00c9GR\u00c9, PERSONNALIS\u00c9 BOUCLE EN ACIER PERSONNALIS\u00c9E<\/p>\n","protected":false},"featured_media":0,"template":"","meta":{"_acf_changed":false,"_seopress_robots_primary_cat":"none","_seopress_titles_title":"","_seopress_titles_desc":"","_seopress_robots_index":"","inline_featured_image":false},"product_cat":[194],"product_tag":[],"collection":[624],"class_list":{"0":"post-35783","1":"product","2":"type-product","3":"status-publish","5":"product_cat-uncategorized-fr","6":"collection-100-fr","8":"first","9":"instock","10":"shipping-taxable","11":"purchasable","12":"product-type-simple"},"acf":[],"yoast_head":"<!-- This site is optimized with the Yoast SEO plugin v23.9 - https:\/\/yoast.com\/wordpress\/plugins\/seo\/ -->\n<title>SCAFOGRAF 100 41039.02 CIOCCOLATO (gomma) - Eberhard &amp; Co.<\/title>\n<meta name=\"description\" content=\"M\u00c9CANIQUE \u00c0 REMONTAGE AUTOMATIQUE VERRE SAPHIR CONVEXE ANTIREFLET COURONNE EN ACIER PERSONNALIS\u00c9E FOND DU BO\u00ceTIER VISS\u00c9 PERSONNALIS\u00c9 AVEC UNE \u00c9TOILE DE\" \/>\n<meta name=\"robots\" content=\"index, follow, max-snippet:-1, max-image-preview:large, max-video-preview:-1\" \/>\n<link rel=\"canonical\" href=\"https:\/\/www.eberhard-co-watches.ch\/fr\/product\/scafograf-100-41039-02-cioccolato-gomma\/\" \/>\n<meta property=\"og:locale\" content=\"fr_FR\" \/>\n<meta property=\"og:type\" content=\"article\" \/>\n<meta property=\"og:title\" content=\"SCAFOGRAF 100 41039.02 CIOCCOLATO (gomma) - Eberhard &amp; Co.\" \/>\n<meta property=\"og:description\" content=\"M\u00c9CANIQUE \u00c0 REMONTAGE AUTOMATIQUE VERRE SAPHIR CONVEXE ANTIREFLET COURONNE EN ACIER PERSONNALIS\u00c9E FOND DU BO\u00ceTIER VISS\u00c9 PERSONNALIS\u00c9 AVEC UNE \u00c9TOILE DE\" \/>\n<meta property=\"og:url\" content=\"https:\/\/www.eberhard-co-watches.ch\/fr\/product\/scafograf-100-41039-02-cioccolato-gomma\/\" \/>\n<meta property=\"og:site_name\" content=\"Eberhard &amp; Co.\" \/>\n<meta property=\"article:modified_time\" content=\"2025-04-29T17:22:28+00:00\" \/>\n<meta name=\"twitter:card\" content=\"summary_large_image\" \/>\n<script type=\"application\/ld+json\" class=\"yoast-schema-graph\">{\"@context\":\"https:\/\/schema.org\",\"@graph\":[{\"@type\":\"WebPage\",\"@id\":\"https:\/\/www.eberhard-co-watches.ch\/fr\/product\/scafograf-100-41039-02-cioccolato-gomma\/\",\"url\":\"https:\/\/www.eberhard-co-watches.ch\/fr\/product\/scafograf-100-41039-02-cioccolato-gomma\/\",\"name\":\"SCAFOGRAF 100 41039.02 CIOCCOLATO (gomma) - Eberhard &amp; Co.\",\"isPartOf\":{\"@id\":\"https:\/\/www.eberhard-co-watches.ch\/fr\/#website\"},\"datePublished\":\"2018-03-12T16:11:15+00:00\",\"dateModified\":\"2025-04-29T17:22:28+00:00\",\"description\":\"M\u00c9CANIQUE \u00c0 REMONTAGE AUTOMATIQUE VERRE SAPHIR CONVEXE ANTIREFLET COURONNE EN ACIER PERSONNALIS\u00c9E FOND DU BO\u00ceTIER VISS\u00c9 PERSONNALIS\u00c9 AVEC UNE \u00c9TOILE DE\",\"breadcrumb\":{\"@id\":\"https:\/\/www.eberhard-co-watches.ch\/fr\/product\/scafograf-100-41039-02-cioccolato-gomma\/#breadcrumb\"},\"inLanguage\":\"fr-FR\",\"potentialAction\":[{\"@type\":\"ReadAction\",\"target\":[\"https:\/\/www.eberhard-co-watches.ch\/fr\/product\/scafograf-100-41039-02-cioccolato-gomma\/\"]}]},{\"@type\":\"BreadcrumbList\",\"@id\":\"https:\/\/www.eberhard-co-watches.ch\/fr\/product\/scafograf-100-41039-02-cioccolato-gomma\/#breadcrumb\",\"itemListElement\":[{\"@type\":\"ListItem\",\"position\":1,\"name\":\"Negozio\",\"item\":\"https:\/\/www.eberhard-co-watches.ch\/negozio\/\"},{\"@type\":\"ListItem\",\"position\":2,\"name\":\"SCAFOGRAF 100 41039.02 CIOCCOLATO (gomma)\"}]},{\"@type\":\"WebSite\",\"@id\":\"https:\/\/www.eberhard-co-watches.ch\/fr\/#website\",\"url\":\"https:\/\/www.eberhard-co-watches.ch\/fr\/\",\"name\":\"Eberhard &amp; Co.\",\"description\":\"\",\"publisher\":{\"@id\":\"https:\/\/www.eberhard-co-watches.ch\/fr\/#organization\"},\"potentialAction\":[{\"@type\":\"SearchAction\",\"target\":{\"@type\":\"EntryPoint\",\"urlTemplate\":\"https:\/\/www.eberhard-co-watches.ch\/fr\/?s={search_term_string}\"},\"query-input\":{\"@type\":\"PropertyValueSpecification\",\"valueRequired\":true,\"valueName\":\"search_term_string\"}}],\"inLanguage\":\"fr-FR\"},{\"@type\":\"Organization\",\"@id\":\"https:\/\/www.eberhard-co-watches.ch\/fr\/#organization\",\"name\":\"Eberhard & Co. Watches\",\"url\":\"https:\/\/www.eberhard-co-watches.ch\/fr\/\",\"logo\":{\"@type\":\"ImageObject\",\"inLanguage\":\"fr-FR\",\"@id\":\"https:\/\/www.eberhard-co-watches.ch\/fr\/#\/schema\/logo\/image\/\",\"url\":\"\",\"contentUrl\":\"\",\"caption\":\"Eberhard & Co. Watches\"},\"image\":{\"@id\":\"https:\/\/www.eberhard-co-watches.ch\/fr\/#\/schema\/logo\/image\/\"}}]}<\/script>\n<!-- \/ Yoast SEO plugin. -->","yoast_head_json":{"title":"SCAFOGRAF 100 41039.02 CIOCCOLATO (gomma) - Eberhard &amp; Co.","description":"M\u00c9CANIQUE \u00c0 REMONTAGE AUTOMATIQUE VERRE SAPHIR CONVEXE ANTIREFLET COURONNE EN ACIER PERSONNALIS\u00c9E FOND DU BO\u00ceTIER VISS\u00c9 PERSONNALIS\u00c9 AVEC UNE \u00c9TOILE DE","robots":{"index":"index","follow":"follow","max-snippet":"max-snippet:-1","max-image-preview":"max-image-preview:large","max-video-preview":"max-video-preview:-1"},"canonical":"https:\/\/www.eberhard-co-watches.ch\/fr\/product\/scafograf-100-41039-02-cioccolato-gomma\/","og_locale":"fr_FR","og_type":"article","og_title":"SCAFOGRAF 100 41039.02 CIOCCOLATO (gomma) - Eberhard &amp; Co.","og_description":"M\u00c9CANIQUE \u00c0 REMONTAGE AUTOMATIQUE VERRE SAPHIR CONVEXE ANTIREFLET COURONNE EN ACIER PERSONNALIS\u00c9E FOND DU BO\u00ceTIER VISS\u00c9 PERSONNALIS\u00c9 AVEC UNE \u00c9TOILE DE","og_url":"https:\/\/www.eberhard-co-watches.ch\/fr\/product\/scafograf-100-41039-02-cioccolato-gomma\/","og_site_name":"Eberhard &amp; Co.","article_modified_time":"2025-04-29T17:22:28+00:00","twitter_card":"summary_large_image","schema":{"@context":"https:\/\/schema.org","@graph":[{"@type":"WebPage","@id":"https:\/\/www.eberhard-co-watches.ch\/fr\/product\/scafograf-100-41039-02-cioccolato-gomma\/","url":"https:\/\/www.eberhard-co-watches.ch\/fr\/product\/scafograf-100-41039-02-cioccolato-gomma\/","name":"SCAFOGRAF 100 41039.02 CIOCCOLATO (gomma) - Eberhard &amp; Co.","isPartOf":{"@id":"https:\/\/www.eberhard-co-watches.ch\/fr\/#website"},"datePublished":"2018-03-12T16:11:15+00:00","dateModified":"2025-04-29T17:22:28+00:00","description":"M\u00c9CANIQUE \u00c0 REMONTAGE AUTOMATIQUE VERRE SAPHIR CONVEXE ANTIREFLET COURONNE EN ACIER PERSONNALIS\u00c9E FOND DU BO\u00ceTIER VISS\u00c9 PERSONNALIS\u00c9 AVEC UNE \u00c9TOILE DE","breadcrumb":{"@id":"https:\/\/www.eberhard-co-watches.ch\/fr\/product\/scafograf-100-41039-02-cioccolato-gomma\/#breadcrumb"},"inLanguage":"fr-FR","potentialAction":[{"@type":"ReadAction","target":["https:\/\/www.eberhard-co-watches.ch\/fr\/product\/scafograf-100-41039-02-cioccolato-gomma\/"]}]},{"@type":"BreadcrumbList","@id":"https:\/\/www.eberhard-co-watches.ch\/fr\/product\/scafograf-100-41039-02-cioccolato-gomma\/#breadcrumb","itemListElement":[{"@type":"ListItem","position":1,"name":"Negozio","item":"https:\/\/www.eberhard-co-watches.ch\/negozio\/"},{"@type":"ListItem","position":2,"name":"SCAFOGRAF 100 41039.02 CIOCCOLATO (gomma)"}]},{"@type":"WebSite","@id":"https:\/\/www.eberhard-co-watches.ch\/fr\/#website","url":"https:\/\/www.eberhard-co-watches.ch\/fr\/","name":"Eberhard &amp; Co.","description":"","publisher":{"@id":"https:\/\/www.eberhard-co-watches.ch\/fr\/#organization"},"potentialAction":[{"@type":"SearchAction","target":{"@type":"EntryPoint","urlTemplate":"https:\/\/www.eberhard-co-watches.ch\/fr\/?s={search_term_string}"},"query-input":{"@type":"PropertyValueSpecification","valueRequired":true,"valueName":"search_term_string"}}],"inLanguage":"fr-FR"},{"@type":"Organization","@id":"https:\/\/www.eberhard-co-watches.ch\/fr\/#organization","name":"Eberhard & Co. Watches","url":"https:\/\/www.eberhard-co-watches.ch\/fr\/","logo":{"@type":"ImageObject","inLanguage":"fr-FR","@id":"https:\/\/www.eberhard-co-watches.ch\/fr\/#\/schema\/logo\/image\/","url":"","contentUrl":"","caption":"Eberhard & Co. Watches"},"image":{"@id":"https:\/\/www.eberhard-co-watches.ch\/fr\/#\/schema\/logo\/image\/"}}]}},"_links":{"self":[{"href":"https:\/\/www.eberhard-co-watches.ch\/fr\/wp-json\/wp\/v2\/product\/35783"}],"collection":[{"href":"https:\/\/www.eberhard-co-watches.ch\/fr\/wp-json\/wp\/v2\/product"}],"about":[{"href":"https:\/\/www.eberhard-co-watches.ch\/fr\/wp-json\/wp\/v2\/types\/product"}],"wp:attachment":[{"href":"https:\/\/www.eberhard-co-watches.ch\/fr\/wp-json\/wp\/v2\/media?parent=35783"}],"wp:term":[{"taxonomy":"product_cat","embeddable":true,"href":"https:\/\/www.eberhard-co-watches.ch\/fr\/wp-json\/wp\/v2\/product_cat?post=35783"},{"taxonomy":"product_tag","embeddable":true,"href":"https:\/\/www.eberhard-co-watches.ch\/fr\/wp-json\/wp\/v2\/product_tag?post=35783"},{"taxonomy":"collection","embeddable":true,"href":"https:\/\/www.eberhard-co-watches.ch\/fr\/wp-json\/wp\/v2\/collection?post=35783"}],"curies":[{"name":"wp","href":"https:\/\/api.w.org\/{rel}","templated":true}]}}