{"id":36449,"date":"2021-09-03T16:16:27","date_gmt":"2021-09-03T14:16:27","guid":{"rendered":"https:\/\/www.eberhard-co-watches.ch\/prodotto\/zagor-limited-edition\/"},"modified":"2024-08-10T03:28:59","modified_gmt":"2024-08-10T01:28:59","slug":"zagor-limited-edition","status":"publish","type":"product","link":"https:\/\/www.eberhard-co-watches.ch\/fr\/product\/zagor-limited-edition\/","title":{"rendered":"ZAGOR LIMITED EDITION"},"content":{"rendered":"<p>AUTOMATIQUE ACIER<\/p>\n<p>CHRONOGRAPHE M\u00c9CANIQUE AUTOMATIQUE<\/p>\n<p>VERRE SAPHIR CONVEXE ANTIREFLET<\/p>\n<p>COURONNE \u00c0 VIS<\/p>\n<p>FOND DU BO\u020aTIER EN ACIER, PERSONNALIS\u00c9 AVEC LA HACHE DE ZAGOR (LE TOMAHAWK) GRAV\u00c9E, RAPPELANT L\u2019EMBLEME DU HEROS.<\/p>\n<p>BRACELET EN CUIR VINTAGE<\/p>\n<p>BOUCLE EN ACIER \u2013 E&amp;C.<\/p>\n<p>\u00c9DITION LIMIT\u00c9E \u00c0 120 EXEMPLAIRES<\/p>\n","protected":false},"excerpt":{"rendered":"<p>AUTOMATIQUE ACIER CHRONOGRAPHE M\u00c9CANIQUE AUTOMATIQUE VERRE SAPHIR CONVEXE ANTIREFLET COURONNE \u00c0 VIS FOND DU BO\u020aTIER EN ACIER, PERSONNALIS\u00c9 AVEC LA HACHE DE ZAGOR (LE TOMAHAWK) GRAV\u00c9E, RAPPELANT L\u2019EMBLEME DU HEROS. BRACELET EN CUIR VINTAGE BOUCLE EN ACIER \u2013 E&amp;C. \u00c9DITION LIMIT\u00c9E \u00c0 120 EXEMPLAIRES<\/p>\n","protected":false},"featured_media":0,"template":"","meta":{"_acf_changed":false,"_seopress_robots_primary_cat":"","_seopress_titles_title":"","_seopress_titles_desc":"","_seopress_robots_index":"","inline_featured_image":false},"product_cat":[106],"product_tag":[],"collection":[],"class_list":{"0":"post-36449","1":"product","2":"type-product","3":"status-publish","5":"product_cat-non-classifiee","7":"first","8":"instock","9":"shipping-taxable","10":"product-type-simple"},"acf":[],"yoast_head":"<!-- This site is optimized with the Yoast SEO plugin v23.9 - https:\/\/yoast.com\/wordpress\/plugins\/seo\/ -->\n<title>ZAGOR LIMITED EDITION - Eberhard &amp; Co.<\/title>\n<meta name=\"description\" content=\"AUTOMATIQUE ACIER CHRONOGRAPHE M\u00c9CANIQUE AUTOMATIQUE VERRE SAPHIR CONVEXE ANTIREFLET COURONNE \u00c0 VIS FOND DU BO\u020aTIER EN ACIER, PERSONNALIS\u00c9 AVEC LA HACHE\" \/>\n<meta name=\"robots\" content=\"index, follow, max-snippet:-1, max-image-preview:large, max-video-preview:-1\" \/>\n<link rel=\"canonical\" href=\"https:\/\/www.eberhard-co-watches.ch\/fr\/product\/zagor-limited-edition\/\" \/>\n<meta property=\"og:locale\" content=\"fr_FR\" \/>\n<meta property=\"og:type\" content=\"article\" \/>\n<meta property=\"og:title\" content=\"ZAGOR LIMITED EDITION - Eberhard &amp; Co.\" \/>\n<meta property=\"og:description\" content=\"AUTOMATIQUE ACIER CHRONOGRAPHE M\u00c9CANIQUE AUTOMATIQUE VERRE SAPHIR CONVEXE ANTIREFLET COURONNE \u00c0 VIS FOND DU BO\u020aTIER EN ACIER, PERSONNALIS\u00c9 AVEC LA HACHE\" \/>\n<meta property=\"og:url\" content=\"https:\/\/www.eberhard-co-watches.ch\/fr\/product\/zagor-limited-edition\/\" \/>\n<meta property=\"og:site_name\" content=\"Eberhard &amp; Co.\" \/>\n<meta property=\"article:modified_time\" content=\"2024-08-10T01:28:59+00:00\" \/>\n<meta name=\"twitter:card\" content=\"summary_large_image\" \/>\n<script type=\"application\/ld+json\" class=\"yoast-schema-graph\">{\"@context\":\"https:\/\/schema.org\",\"@graph\":[{\"@type\":\"WebPage\",\"@id\":\"https:\/\/www.eberhard-co-watches.ch\/fr\/product\/zagor-limited-edition\/\",\"url\":\"https:\/\/www.eberhard-co-watches.ch\/fr\/product\/zagor-limited-edition\/\",\"name\":\"ZAGOR LIMITED EDITION - Eberhard &amp; Co.\",\"isPartOf\":{\"@id\":\"https:\/\/www.eberhard-co-watches.ch\/fr\/#website\"},\"datePublished\":\"2021-09-03T14:16:27+00:00\",\"dateModified\":\"2024-08-10T01:28:59+00:00\",\"description\":\"AUTOMATIQUE ACIER CHRONOGRAPHE M\u00c9CANIQUE AUTOMATIQUE VERRE SAPHIR CONVEXE ANTIREFLET COURONNE \u00c0 VIS FOND DU BO\u020aTIER EN ACIER, PERSONNALIS\u00c9 AVEC LA HACHE\",\"breadcrumb\":{\"@id\":\"https:\/\/www.eberhard-co-watches.ch\/fr\/product\/zagor-limited-edition\/#breadcrumb\"},\"inLanguage\":\"fr-FR\",\"potentialAction\":[{\"@type\":\"ReadAction\",\"target\":[\"https:\/\/www.eberhard-co-watches.ch\/fr\/product\/zagor-limited-edition\/\"]}]},{\"@type\":\"BreadcrumbList\",\"@id\":\"https:\/\/www.eberhard-co-watches.ch\/fr\/product\/zagor-limited-edition\/#breadcrumb\",\"itemListElement\":[{\"@type\":\"ListItem\",\"position\":1,\"name\":\"Negozio\",\"item\":\"https:\/\/www.eberhard-co-watches.ch\/negozio\/\"},{\"@type\":\"ListItem\",\"position\":2,\"name\":\"ZAGOR LIMITED EDITION\"}]},{\"@type\":\"WebSite\",\"@id\":\"https:\/\/www.eberhard-co-watches.ch\/fr\/#website\",\"url\":\"https:\/\/www.eberhard-co-watches.ch\/fr\/\",\"name\":\"Eberhard &amp; Co.\",\"description\":\"\",\"publisher\":{\"@id\":\"https:\/\/www.eberhard-co-watches.ch\/fr\/#organization\"},\"potentialAction\":[{\"@type\":\"SearchAction\",\"target\":{\"@type\":\"EntryPoint\",\"urlTemplate\":\"https:\/\/www.eberhard-co-watches.ch\/fr\/?s={search_term_string}\"},\"query-input\":{\"@type\":\"PropertyValueSpecification\",\"valueRequired\":true,\"valueName\":\"search_term_string\"}}],\"inLanguage\":\"fr-FR\"},{\"@type\":\"Organization\",\"@id\":\"https:\/\/www.eberhard-co-watches.ch\/fr\/#organization\",\"name\":\"Eberhard & Co. Watches\",\"url\":\"https:\/\/www.eberhard-co-watches.ch\/fr\/\",\"logo\":{\"@type\":\"ImageObject\",\"inLanguage\":\"fr-FR\",\"@id\":\"https:\/\/www.eberhard-co-watches.ch\/fr\/#\/schema\/logo\/image\/\",\"url\":\"\",\"contentUrl\":\"\",\"caption\":\"Eberhard & Co. Watches\"},\"image\":{\"@id\":\"https:\/\/www.eberhard-co-watches.ch\/fr\/#\/schema\/logo\/image\/\"}}]}<\/script>\n<!-- \/ Yoast SEO plugin. -->","yoast_head_json":{"title":"ZAGOR LIMITED EDITION - Eberhard &amp; Co.","description":"AUTOMATIQUE ACIER CHRONOGRAPHE M\u00c9CANIQUE AUTOMATIQUE VERRE SAPHIR CONVEXE ANTIREFLET COURONNE \u00c0 VIS FOND DU BO\u020aTIER EN ACIER, PERSONNALIS\u00c9 AVEC LA HACHE","robots":{"index":"index","follow":"follow","max-snippet":"max-snippet:-1","max-image-preview":"max-image-preview:large","max-video-preview":"max-video-preview:-1"},"canonical":"https:\/\/www.eberhard-co-watches.ch\/fr\/product\/zagor-limited-edition\/","og_locale":"fr_FR","og_type":"article","og_title":"ZAGOR LIMITED EDITION - Eberhard &amp; Co.","og_description":"AUTOMATIQUE ACIER CHRONOGRAPHE M\u00c9CANIQUE AUTOMATIQUE VERRE SAPHIR CONVEXE ANTIREFLET COURONNE \u00c0 VIS FOND DU BO\u020aTIER EN ACIER, PERSONNALIS\u00c9 AVEC LA HACHE","og_url":"https:\/\/www.eberhard-co-watches.ch\/fr\/product\/zagor-limited-edition\/","og_site_name":"Eberhard &amp; Co.","article_modified_time":"2024-08-10T01:28:59+00:00","twitter_card":"summary_large_image","schema":{"@context":"https:\/\/schema.org","@graph":[{"@type":"WebPage","@id":"https:\/\/www.eberhard-co-watches.ch\/fr\/product\/zagor-limited-edition\/","url":"https:\/\/www.eberhard-co-watches.ch\/fr\/product\/zagor-limited-edition\/","name":"ZAGOR LIMITED EDITION - Eberhard &amp; Co.","isPartOf":{"@id":"https:\/\/www.eberhard-co-watches.ch\/fr\/#website"},"datePublished":"2021-09-03T14:16:27+00:00","dateModified":"2024-08-10T01:28:59+00:00","description":"AUTOMATIQUE ACIER CHRONOGRAPHE M\u00c9CANIQUE AUTOMATIQUE VERRE SAPHIR CONVEXE ANTIREFLET COURONNE \u00c0 VIS FOND DU BO\u020aTIER EN ACIER, PERSONNALIS\u00c9 AVEC LA HACHE","breadcrumb":{"@id":"https:\/\/www.eberhard-co-watches.ch\/fr\/product\/zagor-limited-edition\/#breadcrumb"},"inLanguage":"fr-FR","potentialAction":[{"@type":"ReadAction","target":["https:\/\/www.eberhard-co-watches.ch\/fr\/product\/zagor-limited-edition\/"]}]},{"@type":"BreadcrumbList","@id":"https:\/\/www.eberhard-co-watches.ch\/fr\/product\/zagor-limited-edition\/#breadcrumb","itemListElement":[{"@type":"ListItem","position":1,"name":"Negozio","item":"https:\/\/www.eberhard-co-watches.ch\/negozio\/"},{"@type":"ListItem","position":2,"name":"ZAGOR LIMITED EDITION"}]},{"@type":"WebSite","@id":"https:\/\/www.eberhard-co-watches.ch\/fr\/#website","url":"https:\/\/www.eberhard-co-watches.ch\/fr\/","name":"Eberhard &amp; Co.","description":"","publisher":{"@id":"https:\/\/www.eberhard-co-watches.ch\/fr\/#organization"},"potentialAction":[{"@type":"SearchAction","target":{"@type":"EntryPoint","urlTemplate":"https:\/\/www.eberhard-co-watches.ch\/fr\/?s={search_term_string}"},"query-input":{"@type":"PropertyValueSpecification","valueRequired":true,"valueName":"search_term_string"}}],"inLanguage":"fr-FR"},{"@type":"Organization","@id":"https:\/\/www.eberhard-co-watches.ch\/fr\/#organization","name":"Eberhard & Co. Watches","url":"https:\/\/www.eberhard-co-watches.ch\/fr\/","logo":{"@type":"ImageObject","inLanguage":"fr-FR","@id":"https:\/\/www.eberhard-co-watches.ch\/fr\/#\/schema\/logo\/image\/","url":"","contentUrl":"","caption":"Eberhard & Co. Watches"},"image":{"@id":"https:\/\/www.eberhard-co-watches.ch\/fr\/#\/schema\/logo\/image\/"}}]}},"_links":{"self":[{"href":"https:\/\/www.eberhard-co-watches.ch\/fr\/wp-json\/wp\/v2\/product\/36449"}],"collection":[{"href":"https:\/\/www.eberhard-co-watches.ch\/fr\/wp-json\/wp\/v2\/product"}],"about":[{"href":"https:\/\/www.eberhard-co-watches.ch\/fr\/wp-json\/wp\/v2\/types\/product"}],"wp:attachment":[{"href":"https:\/\/www.eberhard-co-watches.ch\/fr\/wp-json\/wp\/v2\/media?parent=36449"}],"wp:term":[{"taxonomy":"product_cat","embeddable":true,"href":"https:\/\/www.eberhard-co-watches.ch\/fr\/wp-json\/wp\/v2\/product_cat?post=36449"},{"taxonomy":"product_tag","embeddable":true,"href":"https:\/\/www.eberhard-co-watches.ch\/fr\/wp-json\/wp\/v2\/product_tag?post=36449"},{"taxonomy":"collection","embeddable":true,"href":"https:\/\/www.eberhard-co-watches.ch\/fr\/wp-json\/wp\/v2\/collection?post=36449"}],"curies":[{"name":"wp","href":"https:\/\/api.w.org\/{rel}","templated":true}]}}