{"id":37409,"date":"2014-03-06T12:44:10","date_gmt":"2014-03-06T11:44:10","guid":{"rendered":"https:\/\/www.eberhard-co-watches.ch\/prodotto\/chrono-4-basic-30058-30158-1\/"},"modified":"2024-09-01T03:33:16","modified_gmt":"2024-09-01T01:33:16","slug":"chrono-4-basic-30058-30158-1","status":"publish","type":"product","link":"https:\/\/www.eberhard-co-watches.ch\/fr\/product\/chrono-4-basic-30058-30158-1\/","title":{"rendered":"CHRONO 4 30058 \/ 30158.1"},"content":{"rendered":"<p>CHRONOGRAPHE M\u00c9CANIQUE<br \/>\nAUTOMATIQUE<br \/>\nDISPOSITIF EBERHARD &amp; CO.<br \/>\nAVEC 4 COMPTEURS ALIGN\u00c9S<\/p>\n<p>VERRE SAPHIR BOMB\u00c9<br \/>\nANTIREFLET<\/p>\n<p>COURONNE \u00c0 VIS EN OR ROSE 18 CT.<\/p>\n<p>POUSSOIRS EN OR ROSE 18 CT.<\/p>\n<p>FOND DU BO\u020aTIER SERR\u00c9 PAR 8 VIS<\/p>\n<p>BRACELET EN CROCODILE<\/p>\n<p>BOUCLE EN OR ROSE 18 CT. \u2013 E&amp;CO.<\/p>\n<p>OPTION\u00a0:<br \/>\nFERMETURE D\u00c9PLOYANTE D\u00c9CLIC\u00ae<br \/>\nEN OR ROSE 18 CT.<\/p>\n","protected":false},"excerpt":{"rendered":"<p>CHRONOGRAPHE M\u00c9CANIQUE AUTOMATIQUE DISPOSITIF EBERHARD &amp; CO. AVEC 4 COMPTEURS ALIGN\u00c9S VERRE SAPHIR BOMB\u00c9 ANTIREFLET COURONNE \u00c0 VIS EN OR ROSE 18 CT. POUSSOIRS EN OR ROSE 18 CT. FOND DU BO\u020aTIER SERR\u00c9 PAR 8 VIS BRACELET EN CROCODILE BOUCLE EN OR ROSE 18 CT. \u2013 E&amp;CO. OPTION\u00a0: FERMETURE D\u00c9PLOYANTE D\u00c9CLIC\u00ae EN OR ROSE 18 [&hellip;]<\/p>\n","protected":false},"featured_media":0,"template":"","meta":{"_acf_changed":false,"_seopress_robots_primary_cat":"","_seopress_titles_title":"","_seopress_titles_desc":"","_seopress_robots_index":"","inline_featured_image":false},"product_cat":[194],"product_tag":[],"collection":[674],"class_list":{"0":"post-37409","1":"product","2":"type-product","3":"status-publish","5":"product_cat-uncategorized-fr","6":"collection-basic-chrono-4-fr","8":"first","9":"instock","10":"shipping-taxable","11":"product-type-simple"},"acf":[],"yoast_head":"<!-- This site is optimized with the Yoast SEO plugin v23.9 - https:\/\/yoast.com\/wordpress\/plugins\/seo\/ -->\n<title>CHRONO 4 30058 \/ 30158.1 - Eberhard &amp; Co.<\/title>\n<meta name=\"description\" content=\"CHRONOGRAPHE M\u00c9CANIQUE AUTOMATIQUE DISPOSITIF EBERHARD &amp; CO. AVEC 4 COMPTEURS ALIGN\u00c9S VERRE SAPHIR BOMB\u00c9 ANTIREFLET COURONNE \u00c0 VIS EN OR ROSE 18 CT.\" \/>\n<meta name=\"robots\" content=\"index, follow, max-snippet:-1, max-image-preview:large, max-video-preview:-1\" \/>\n<link rel=\"canonical\" href=\"https:\/\/www.eberhard-co-watches.ch\/fr\/product\/chrono-4-basic-30058-30158-1\/\" \/>\n<meta property=\"og:locale\" content=\"fr_FR\" \/>\n<meta property=\"og:type\" content=\"article\" \/>\n<meta property=\"og:title\" content=\"CHRONO 4 30058 \/ 30158.1 - Eberhard &amp; Co.\" \/>\n<meta property=\"og:description\" content=\"CHRONOGRAPHE M\u00c9CANIQUE AUTOMATIQUE DISPOSITIF EBERHARD &amp; CO. AVEC 4 COMPTEURS ALIGN\u00c9S VERRE SAPHIR BOMB\u00c9 ANTIREFLET COURONNE \u00c0 VIS EN OR ROSE 18 CT.\" \/>\n<meta property=\"og:url\" content=\"https:\/\/www.eberhard-co-watches.ch\/fr\/product\/chrono-4-basic-30058-30158-1\/\" \/>\n<meta property=\"og:site_name\" content=\"Eberhard &amp; Co.\" \/>\n<meta property=\"article:modified_time\" content=\"2024-09-01T01:33:16+00:00\" \/>\n<meta name=\"twitter:card\" content=\"summary_large_image\" \/>\n<script type=\"application\/ld+json\" class=\"yoast-schema-graph\">{\"@context\":\"https:\/\/schema.org\",\"@graph\":[{\"@type\":\"WebPage\",\"@id\":\"https:\/\/www.eberhard-co-watches.ch\/fr\/product\/chrono-4-basic-30058-30158-1\/\",\"url\":\"https:\/\/www.eberhard-co-watches.ch\/fr\/product\/chrono-4-basic-30058-30158-1\/\",\"name\":\"CHRONO 4 30058 \/ 30158.1 - Eberhard &amp; Co.\",\"isPartOf\":{\"@id\":\"https:\/\/www.eberhard-co-watches.ch\/fr\/#website\"},\"datePublished\":\"2014-03-06T11:44:10+00:00\",\"dateModified\":\"2024-09-01T01:33:16+00:00\",\"description\":\"CHRONOGRAPHE M\u00c9CANIQUE AUTOMATIQUE DISPOSITIF EBERHARD &amp; CO. AVEC 4 COMPTEURS ALIGN\u00c9S VERRE SAPHIR BOMB\u00c9 ANTIREFLET COURONNE \u00c0 VIS EN OR ROSE 18 CT.\",\"breadcrumb\":{\"@id\":\"https:\/\/www.eberhard-co-watches.ch\/fr\/product\/chrono-4-basic-30058-30158-1\/#breadcrumb\"},\"inLanguage\":\"fr-FR\",\"potentialAction\":[{\"@type\":\"ReadAction\",\"target\":[\"https:\/\/www.eberhard-co-watches.ch\/fr\/product\/chrono-4-basic-30058-30158-1\/\"]}]},{\"@type\":\"BreadcrumbList\",\"@id\":\"https:\/\/www.eberhard-co-watches.ch\/fr\/product\/chrono-4-basic-30058-30158-1\/#breadcrumb\",\"itemListElement\":[{\"@type\":\"ListItem\",\"position\":1,\"name\":\"Negozio\",\"item\":\"https:\/\/www.eberhard-co-watches.ch\/negozio\/\"},{\"@type\":\"ListItem\",\"position\":2,\"name\":\"CHRONO 4 30058 \/ 30158.1\"}]},{\"@type\":\"WebSite\",\"@id\":\"https:\/\/www.eberhard-co-watches.ch\/fr\/#website\",\"url\":\"https:\/\/www.eberhard-co-watches.ch\/fr\/\",\"name\":\"Eberhard &amp; Co.\",\"description\":\"\",\"publisher\":{\"@id\":\"https:\/\/www.eberhard-co-watches.ch\/fr\/#organization\"},\"potentialAction\":[{\"@type\":\"SearchAction\",\"target\":{\"@type\":\"EntryPoint\",\"urlTemplate\":\"https:\/\/www.eberhard-co-watches.ch\/fr\/?s={search_term_string}\"},\"query-input\":{\"@type\":\"PropertyValueSpecification\",\"valueRequired\":true,\"valueName\":\"search_term_string\"}}],\"inLanguage\":\"fr-FR\"},{\"@type\":\"Organization\",\"@id\":\"https:\/\/www.eberhard-co-watches.ch\/fr\/#organization\",\"name\":\"Eberhard & Co. Watches\",\"url\":\"https:\/\/www.eberhard-co-watches.ch\/fr\/\",\"logo\":{\"@type\":\"ImageObject\",\"inLanguage\":\"fr-FR\",\"@id\":\"https:\/\/www.eberhard-co-watches.ch\/fr\/#\/schema\/logo\/image\/\",\"url\":\"\",\"contentUrl\":\"\",\"caption\":\"Eberhard & Co. Watches\"},\"image\":{\"@id\":\"https:\/\/www.eberhard-co-watches.ch\/fr\/#\/schema\/logo\/image\/\"}}]}<\/script>\n<!-- \/ Yoast SEO plugin. -->","yoast_head_json":{"title":"CHRONO 4 30058 \/ 30158.1 - Eberhard &amp; Co.","description":"CHRONOGRAPHE M\u00c9CANIQUE AUTOMATIQUE DISPOSITIF EBERHARD &amp; CO. AVEC 4 COMPTEURS ALIGN\u00c9S VERRE SAPHIR BOMB\u00c9 ANTIREFLET COURONNE \u00c0 VIS EN OR ROSE 18 CT.","robots":{"index":"index","follow":"follow","max-snippet":"max-snippet:-1","max-image-preview":"max-image-preview:large","max-video-preview":"max-video-preview:-1"},"canonical":"https:\/\/www.eberhard-co-watches.ch\/fr\/product\/chrono-4-basic-30058-30158-1\/","og_locale":"fr_FR","og_type":"article","og_title":"CHRONO 4 30058 \/ 30158.1 - Eberhard &amp; Co.","og_description":"CHRONOGRAPHE M\u00c9CANIQUE AUTOMATIQUE DISPOSITIF EBERHARD &amp; CO. AVEC 4 COMPTEURS ALIGN\u00c9S VERRE SAPHIR BOMB\u00c9 ANTIREFLET COURONNE \u00c0 VIS EN OR ROSE 18 CT.","og_url":"https:\/\/www.eberhard-co-watches.ch\/fr\/product\/chrono-4-basic-30058-30158-1\/","og_site_name":"Eberhard &amp; Co.","article_modified_time":"2024-09-01T01:33:16+00:00","twitter_card":"summary_large_image","schema":{"@context":"https:\/\/schema.org","@graph":[{"@type":"WebPage","@id":"https:\/\/www.eberhard-co-watches.ch\/fr\/product\/chrono-4-basic-30058-30158-1\/","url":"https:\/\/www.eberhard-co-watches.ch\/fr\/product\/chrono-4-basic-30058-30158-1\/","name":"CHRONO 4 30058 \/ 30158.1 - Eberhard &amp; Co.","isPartOf":{"@id":"https:\/\/www.eberhard-co-watches.ch\/fr\/#website"},"datePublished":"2014-03-06T11:44:10+00:00","dateModified":"2024-09-01T01:33:16+00:00","description":"CHRONOGRAPHE M\u00c9CANIQUE AUTOMATIQUE DISPOSITIF EBERHARD &amp; CO. AVEC 4 COMPTEURS ALIGN\u00c9S VERRE SAPHIR BOMB\u00c9 ANTIREFLET COURONNE \u00c0 VIS EN OR ROSE 18 CT.","breadcrumb":{"@id":"https:\/\/www.eberhard-co-watches.ch\/fr\/product\/chrono-4-basic-30058-30158-1\/#breadcrumb"},"inLanguage":"fr-FR","potentialAction":[{"@type":"ReadAction","target":["https:\/\/www.eberhard-co-watches.ch\/fr\/product\/chrono-4-basic-30058-30158-1\/"]}]},{"@type":"BreadcrumbList","@id":"https:\/\/www.eberhard-co-watches.ch\/fr\/product\/chrono-4-basic-30058-30158-1\/#breadcrumb","itemListElement":[{"@type":"ListItem","position":1,"name":"Negozio","item":"https:\/\/www.eberhard-co-watches.ch\/negozio\/"},{"@type":"ListItem","position":2,"name":"CHRONO 4 30058 \/ 30158.1"}]},{"@type":"WebSite","@id":"https:\/\/www.eberhard-co-watches.ch\/fr\/#website","url":"https:\/\/www.eberhard-co-watches.ch\/fr\/","name":"Eberhard &amp; Co.","description":"","publisher":{"@id":"https:\/\/www.eberhard-co-watches.ch\/fr\/#organization"},"potentialAction":[{"@type":"SearchAction","target":{"@type":"EntryPoint","urlTemplate":"https:\/\/www.eberhard-co-watches.ch\/fr\/?s={search_term_string}"},"query-input":{"@type":"PropertyValueSpecification","valueRequired":true,"valueName":"search_term_string"}}],"inLanguage":"fr-FR"},{"@type":"Organization","@id":"https:\/\/www.eberhard-co-watches.ch\/fr\/#organization","name":"Eberhard & Co. Watches","url":"https:\/\/www.eberhard-co-watches.ch\/fr\/","logo":{"@type":"ImageObject","inLanguage":"fr-FR","@id":"https:\/\/www.eberhard-co-watches.ch\/fr\/#\/schema\/logo\/image\/","url":"","contentUrl":"","caption":"Eberhard & Co. Watches"},"image":{"@id":"https:\/\/www.eberhard-co-watches.ch\/fr\/#\/schema\/logo\/image\/"}}]}},"_links":{"self":[{"href":"https:\/\/www.eberhard-co-watches.ch\/fr\/wp-json\/wp\/v2\/product\/37409"}],"collection":[{"href":"https:\/\/www.eberhard-co-watches.ch\/fr\/wp-json\/wp\/v2\/product"}],"about":[{"href":"https:\/\/www.eberhard-co-watches.ch\/fr\/wp-json\/wp\/v2\/types\/product"}],"wp:attachment":[{"href":"https:\/\/www.eberhard-co-watches.ch\/fr\/wp-json\/wp\/v2\/media?parent=37409"}],"wp:term":[{"taxonomy":"product_cat","embeddable":true,"href":"https:\/\/www.eberhard-co-watches.ch\/fr\/wp-json\/wp\/v2\/product_cat?post=37409"},{"taxonomy":"product_tag","embeddable":true,"href":"https:\/\/www.eberhard-co-watches.ch\/fr\/wp-json\/wp\/v2\/product_tag?post=37409"},{"taxonomy":"collection","embeddable":true,"href":"https:\/\/www.eberhard-co-watches.ch\/fr\/wp-json\/wp\/v2\/collection?post=37409"}],"curies":[{"name":"wp","href":"https:\/\/api.w.org\/{rel}","templated":true}]}}