{"id":38226,"date":"2019-05-20T10:47:54","date_gmt":"2019-05-20T08:47:54","guid":{"rendered":"https:\/\/www.eberhard-co-watches.ch\/prodotto\/31070-quadrifoglio-verde\/"},"modified":"2024-09-03T23:32:55","modified_gmt":"2024-09-03T21:32:55","slug":"31070-quadrifoglio-verde","status":"publish","type":"product","link":"https:\/\/www.eberhard-co-watches.ch\/fr\/product\/31070-quadrifoglio-verde\/","title":{"rendered":"31070 \u2013 QUADRIFOGLIO VERDE"},"content":{"rendered":"<p>Chronographe acier automatique<\/p>\n<p>Verre saphir, avec traitement anti-reflets sur la face\u00a0int\u00e9rieure<\/p>\n<p>Couronne en acier, \u00e0 vis, \u00e9tanche, personnalis\u00e9e E<\/p>\n<p>Fond en acier fix\u00e9 par 8 vis, personnalis\u00e9 par des\u00a0incisions<\/p>\n<p>Bracelet en tissu techno noir, caoutchout\u00e9, \u00e9tanche et personnalis\u00e9 avec une\u00a0d\u00e9coration en relief.<\/p>\n<p>Coutures et passants de couleur rouge.<\/p>\n<p>En option:<br \/>\nfermeture d\u00e9ployante D\u00e9clic\u00ae<\/p>\n","protected":false},"excerpt":{"rendered":"<p>Chronographe acier automatique Verre saphir, avec traitement anti-reflets sur la face\u00a0int\u00e9rieure Couronne en acier, \u00e0 vis, \u00e9tanche, personnalis\u00e9e E Fond en acier fix\u00e9 par 8 vis, personnalis\u00e9 par des\u00a0incisions Bracelet en tissu techno noir, caoutchout\u00e9, \u00e9tanche et personnalis\u00e9 avec une\u00a0d\u00e9coration en relief. Coutures et passants de couleur rouge. En option: fermeture d\u00e9ployante D\u00e9clic\u00ae<\/p>\n","protected":false},"featured_media":0,"template":"","meta":{"_acf_changed":false,"_seopress_robots_primary_cat":"","_seopress_titles_title":"","_seopress_titles_desc":"","_seopress_robots_index":"","inline_featured_image":false},"product_cat":[194],"product_tag":[],"collection":[],"class_list":{"0":"post-38226","1":"product","2":"type-product","3":"status-publish","5":"product_cat-uncategorized-fr","7":"first","8":"outofstock","9":"shipping-taxable","10":"product-type-simple"},"acf":[],"yoast_head":"<!-- This site is optimized with the Yoast SEO plugin v23.9 - https:\/\/yoast.com\/wordpress\/plugins\/seo\/ -->\n<title>31070 \u2013 QUADRIFOGLIO VERDE - Eberhard &amp; Co.<\/title>\n<meta name=\"description\" content=\"Chronographe acier automatique Verre saphir, avec traitement anti-reflets sur la face\u00a0int\u00e9rieure Couronne en acier, \u00e0 vis, \u00e9tanche, personnalis\u00e9e E Fond\" \/>\n<meta name=\"robots\" content=\"index, follow, max-snippet:-1, max-image-preview:large, max-video-preview:-1\" \/>\n<link rel=\"canonical\" href=\"https:\/\/www.eberhard-co-watches.ch\/fr\/product\/31070-quadrifoglio-verde\/\" \/>\n<meta property=\"og:locale\" content=\"fr_FR\" \/>\n<meta property=\"og:type\" content=\"article\" \/>\n<meta property=\"og:title\" content=\"31070 \u2013 QUADRIFOGLIO VERDE - Eberhard &amp; Co.\" \/>\n<meta property=\"og:description\" content=\"Chronographe acier automatique Verre saphir, avec traitement anti-reflets sur la face\u00a0int\u00e9rieure Couronne en acier, \u00e0 vis, \u00e9tanche, personnalis\u00e9e E Fond\" \/>\n<meta property=\"og:url\" content=\"https:\/\/www.eberhard-co-watches.ch\/fr\/product\/31070-quadrifoglio-verde\/\" \/>\n<meta property=\"og:site_name\" content=\"Eberhard &amp; Co.\" \/>\n<meta property=\"article:modified_time\" content=\"2024-09-03T21:32:55+00:00\" \/>\n<meta name=\"twitter:card\" content=\"summary_large_image\" \/>\n<script type=\"application\/ld+json\" class=\"yoast-schema-graph\">{\"@context\":\"https:\/\/schema.org\",\"@graph\":[{\"@type\":\"WebPage\",\"@id\":\"https:\/\/www.eberhard-co-watches.ch\/fr\/product\/31070-quadrifoglio-verde\/\",\"url\":\"https:\/\/www.eberhard-co-watches.ch\/fr\/product\/31070-quadrifoglio-verde\/\",\"name\":\"31070 \u2013 QUADRIFOGLIO VERDE - Eberhard &amp; Co.\",\"isPartOf\":{\"@id\":\"https:\/\/www.eberhard-co-watches.ch\/fr\/#website\"},\"datePublished\":\"2019-05-20T08:47:54+00:00\",\"dateModified\":\"2024-09-03T21:32:55+00:00\",\"description\":\"Chronographe acier automatique Verre saphir, avec traitement anti-reflets sur la face\u00a0int\u00e9rieure Couronne en acier, \u00e0 vis, \u00e9tanche, personnalis\u00e9e E Fond\",\"breadcrumb\":{\"@id\":\"https:\/\/www.eberhard-co-watches.ch\/fr\/product\/31070-quadrifoglio-verde\/#breadcrumb\"},\"inLanguage\":\"fr-FR\",\"potentialAction\":[{\"@type\":\"ReadAction\",\"target\":[\"https:\/\/www.eberhard-co-watches.ch\/fr\/product\/31070-quadrifoglio-verde\/\"]}]},{\"@type\":\"BreadcrumbList\",\"@id\":\"https:\/\/www.eberhard-co-watches.ch\/fr\/product\/31070-quadrifoglio-verde\/#breadcrumb\",\"itemListElement\":[{\"@type\":\"ListItem\",\"position\":1,\"name\":\"Negozio\",\"item\":\"https:\/\/www.eberhard-co-watches.ch\/negozio\/\"},{\"@type\":\"ListItem\",\"position\":2,\"name\":\"31070 \u2013 QUADRIFOGLIO VERDE\"}]},{\"@type\":\"WebSite\",\"@id\":\"https:\/\/www.eberhard-co-watches.ch\/fr\/#website\",\"url\":\"https:\/\/www.eberhard-co-watches.ch\/fr\/\",\"name\":\"Eberhard &amp; Co.\",\"description\":\"\",\"publisher\":{\"@id\":\"https:\/\/www.eberhard-co-watches.ch\/fr\/#organization\"},\"potentialAction\":[{\"@type\":\"SearchAction\",\"target\":{\"@type\":\"EntryPoint\",\"urlTemplate\":\"https:\/\/www.eberhard-co-watches.ch\/fr\/?s={search_term_string}\"},\"query-input\":{\"@type\":\"PropertyValueSpecification\",\"valueRequired\":true,\"valueName\":\"search_term_string\"}}],\"inLanguage\":\"fr-FR\"},{\"@type\":\"Organization\",\"@id\":\"https:\/\/www.eberhard-co-watches.ch\/fr\/#organization\",\"name\":\"Eberhard & Co. Watches\",\"url\":\"https:\/\/www.eberhard-co-watches.ch\/fr\/\",\"logo\":{\"@type\":\"ImageObject\",\"inLanguage\":\"fr-FR\",\"@id\":\"https:\/\/www.eberhard-co-watches.ch\/fr\/#\/schema\/logo\/image\/\",\"url\":\"https:\/\/www.eberhard-co-watches.ch\/wp-content\/uploads\/2026\/05\/cropped-favico-eb.png\",\"contentUrl\":\"https:\/\/www.eberhard-co-watches.ch\/wp-content\/uploads\/2026\/05\/cropped-favico-eb.png\",\"width\":512,\"height\":512,\"caption\":\"Eberhard & Co. Watches\"},\"image\":{\"@id\":\"https:\/\/www.eberhard-co-watches.ch\/fr\/#\/schema\/logo\/image\/\"}}]}<\/script>\n<!-- \/ Yoast SEO plugin. -->","yoast_head_json":{"title":"31070 \u2013 QUADRIFOGLIO VERDE - Eberhard &amp; Co.","description":"Chronographe acier automatique Verre saphir, avec traitement anti-reflets sur la face\u00a0int\u00e9rieure Couronne en acier, \u00e0 vis, \u00e9tanche, personnalis\u00e9e E Fond","robots":{"index":"index","follow":"follow","max-snippet":"max-snippet:-1","max-image-preview":"max-image-preview:large","max-video-preview":"max-video-preview:-1"},"canonical":"https:\/\/www.eberhard-co-watches.ch\/fr\/product\/31070-quadrifoglio-verde\/","og_locale":"fr_FR","og_type":"article","og_title":"31070 \u2013 QUADRIFOGLIO VERDE - Eberhard &amp; Co.","og_description":"Chronographe acier automatique Verre saphir, avec traitement anti-reflets sur la face\u00a0int\u00e9rieure Couronne en acier, \u00e0 vis, \u00e9tanche, personnalis\u00e9e E Fond","og_url":"https:\/\/www.eberhard-co-watches.ch\/fr\/product\/31070-quadrifoglio-verde\/","og_site_name":"Eberhard &amp; Co.","article_modified_time":"2024-09-03T21:32:55+00:00","twitter_card":"summary_large_image","schema":{"@context":"https:\/\/schema.org","@graph":[{"@type":"WebPage","@id":"https:\/\/www.eberhard-co-watches.ch\/fr\/product\/31070-quadrifoglio-verde\/","url":"https:\/\/www.eberhard-co-watches.ch\/fr\/product\/31070-quadrifoglio-verde\/","name":"31070 \u2013 QUADRIFOGLIO VERDE - Eberhard &amp; Co.","isPartOf":{"@id":"https:\/\/www.eberhard-co-watches.ch\/fr\/#website"},"datePublished":"2019-05-20T08:47:54+00:00","dateModified":"2024-09-03T21:32:55+00:00","description":"Chronographe acier automatique Verre saphir, avec traitement anti-reflets sur la face\u00a0int\u00e9rieure Couronne en acier, \u00e0 vis, \u00e9tanche, personnalis\u00e9e E Fond","breadcrumb":{"@id":"https:\/\/www.eberhard-co-watches.ch\/fr\/product\/31070-quadrifoglio-verde\/#breadcrumb"},"inLanguage":"fr-FR","potentialAction":[{"@type":"ReadAction","target":["https:\/\/www.eberhard-co-watches.ch\/fr\/product\/31070-quadrifoglio-verde\/"]}]},{"@type":"BreadcrumbList","@id":"https:\/\/www.eberhard-co-watches.ch\/fr\/product\/31070-quadrifoglio-verde\/#breadcrumb","itemListElement":[{"@type":"ListItem","position":1,"name":"Negozio","item":"https:\/\/www.eberhard-co-watches.ch\/negozio\/"},{"@type":"ListItem","position":2,"name":"31070 \u2013 QUADRIFOGLIO VERDE"}]},{"@type":"WebSite","@id":"https:\/\/www.eberhard-co-watches.ch\/fr\/#website","url":"https:\/\/www.eberhard-co-watches.ch\/fr\/","name":"Eberhard &amp; Co.","description":"","publisher":{"@id":"https:\/\/www.eberhard-co-watches.ch\/fr\/#organization"},"potentialAction":[{"@type":"SearchAction","target":{"@type":"EntryPoint","urlTemplate":"https:\/\/www.eberhard-co-watches.ch\/fr\/?s={search_term_string}"},"query-input":{"@type":"PropertyValueSpecification","valueRequired":true,"valueName":"search_term_string"}}],"inLanguage":"fr-FR"},{"@type":"Organization","@id":"https:\/\/www.eberhard-co-watches.ch\/fr\/#organization","name":"Eberhard & Co. Watches","url":"https:\/\/www.eberhard-co-watches.ch\/fr\/","logo":{"@type":"ImageObject","inLanguage":"fr-FR","@id":"https:\/\/www.eberhard-co-watches.ch\/fr\/#\/schema\/logo\/image\/","url":"https:\/\/www.eberhard-co-watches.ch\/wp-content\/uploads\/2026\/05\/cropped-favico-eb.png","contentUrl":"https:\/\/www.eberhard-co-watches.ch\/wp-content\/uploads\/2026\/05\/cropped-favico-eb.png","width":512,"height":512,"caption":"Eberhard & Co. Watches"},"image":{"@id":"https:\/\/www.eberhard-co-watches.ch\/fr\/#\/schema\/logo\/image\/"}}]}},"_links":{"self":[{"href":"https:\/\/www.eberhard-co-watches.ch\/fr\/wp-json\/wp\/v2\/product\/38226"}],"collection":[{"href":"https:\/\/www.eberhard-co-watches.ch\/fr\/wp-json\/wp\/v2\/product"}],"about":[{"href":"https:\/\/www.eberhard-co-watches.ch\/fr\/wp-json\/wp\/v2\/types\/product"}],"wp:attachment":[{"href":"https:\/\/www.eberhard-co-watches.ch\/fr\/wp-json\/wp\/v2\/media?parent=38226"}],"wp:term":[{"taxonomy":"product_cat","embeddable":true,"href":"https:\/\/www.eberhard-co-watches.ch\/fr\/wp-json\/wp\/v2\/product_cat?post=38226"},{"taxonomy":"product_tag","embeddable":true,"href":"https:\/\/www.eberhard-co-watches.ch\/fr\/wp-json\/wp\/v2\/product_tag?post=38226"},{"taxonomy":"collection","embeddable":true,"href":"https:\/\/www.eberhard-co-watches.ch\/fr\/wp-json\/wp\/v2\/collection?post=38226"}],"curies":[{"name":"wp","href":"https:\/\/api.w.org\/{rel}","templated":true}]}}