{"id":44791,"date":"2024-11-12T05:20:18","date_gmt":"2024-11-12T04:20:18","guid":{"rendered":"https:\/\/www.eberhard-co-watches.ch\/?post_type=product&#038;p=44791"},"modified":"2025-06-27T14:33:44","modified_gmt":"2025-06-27T12:33:44","slug":"aiglon-grande-taille-41030-11-se-ca2","status":"publish","type":"product","link":"https:\/\/www.eberhard-co-watches.ch\/fr\/product\/aiglon-grande-taille-41030-11-se-ca2\/","title":{"rendered":"AIGLON GRANDE TAILLE 41030.11 SE CA2C"},"content":{"rendered":"<p class=\"p1\">M\u00c9CANIQUE \u00c0 REMONTAGE AUTOMATIQUE<\/p>\n<p class=\"p1\">VERRE SAPHIR ANTIREFLET<\/p>\n<p class=\"p1\">COURONNE EN ACIER \u00c0 VIS, PERSONNALIS\u00c9E<\/p>\n<p class=\"p1\">FOND DU BO\u00ceTIER FIX\u00c9 PAR 6 VIS, PERSONNALIS\u00c9<\/p>\n<p class=\"p1\">BRACELET CHABLIS EN ACIER AVEC FERMETURE\u00a02CLICK\u00ae<\/p>\n","protected":false},"excerpt":{"rendered":"<p>M\u00c9CANIQUE \u00c0 REMONTAGE AUTOMATIQUE VERRE SAPHIR ANTIREFLET COURONNE EN ACIER \u00c0 VIS, PERSONNALIS\u00c9E FOND DU BO\u00ceTIER FIX\u00c9 PAR 6 VIS, PERSONNALIS\u00c9 BRACELET CHABLIS EN ACIER AVEC FERMETURE\u00a02CLICK\u00ae<\/p>\n","protected":false},"featured_media":0,"template":"","meta":{"_acf_changed":false,"_seopress_robots_primary_cat":"none","_seopress_titles_title":"","_seopress_titles_desc":"","_seopress_robots_index":"","inline_featured_image":false},"product_cat":[106],"product_tag":[],"collection":[483],"class_list":{"0":"post-44791","1":"product","2":"type-product","3":"status-publish","5":"product_cat-non-classifiee","6":"collection-grande-taille-aiglon-fr","8":"first","9":"instock","10":"shipping-taxable","11":"purchasable","12":"product-type-simple"},"acf":[],"yoast_head":"<!-- This site is optimized with the Yoast SEO plugin v23.9 - https:\/\/yoast.com\/wordpress\/plugins\/seo\/ -->\n<title>AIGLON GRANDE TAILLE 41030.11 SE CA2C - Eberhard &amp; Co.<\/title>\n<meta name=\"description\" content=\"M\u00c9CANIQUE \u00c0 REMONTAGE AUTOMATIQUE VERRE SAPHIR ANTIREFLET COURONNE EN ACIER \u00c0 VIS, PERSONNALIS\u00c9E FOND DU BO\u00ceTIER FIX\u00c9 PAR 6 VIS, PERSONNALIS\u00c9 BRACELET\" \/>\n<meta name=\"robots\" content=\"index, follow, max-snippet:-1, max-image-preview:large, max-video-preview:-1\" \/>\n<link rel=\"canonical\" href=\"https:\/\/www.eberhard-co-watches.ch\/fr\/product\/aiglon-grande-taille-41030-11-se-ca2\/\" \/>\n<meta property=\"og:locale\" content=\"fr_FR\" \/>\n<meta property=\"og:type\" content=\"article\" \/>\n<meta property=\"og:title\" content=\"AIGLON GRANDE TAILLE 41030.11 SE CA2C - Eberhard &amp; Co.\" \/>\n<meta property=\"og:description\" content=\"M\u00c9CANIQUE \u00c0 REMONTAGE AUTOMATIQUE VERRE SAPHIR ANTIREFLET COURONNE EN ACIER \u00c0 VIS, PERSONNALIS\u00c9E FOND DU BO\u00ceTIER FIX\u00c9 PAR 6 VIS, PERSONNALIS\u00c9 BRACELET\" \/>\n<meta property=\"og:url\" content=\"https:\/\/www.eberhard-co-watches.ch\/fr\/product\/aiglon-grande-taille-41030-11-se-ca2\/\" \/>\n<meta property=\"og:site_name\" content=\"Eberhard &amp; Co.\" \/>\n<meta property=\"article:modified_time\" content=\"2025-06-27T12:33:44+00:00\" \/>\n<meta name=\"twitter:card\" content=\"summary_large_image\" \/>\n<script type=\"application\/ld+json\" class=\"yoast-schema-graph\">{\"@context\":\"https:\/\/schema.org\",\"@graph\":[{\"@type\":\"WebPage\",\"@id\":\"https:\/\/www.eberhard-co-watches.ch\/fr\/product\/aiglon-grande-taille-41030-11-se-ca2\/\",\"url\":\"https:\/\/www.eberhard-co-watches.ch\/fr\/product\/aiglon-grande-taille-41030-11-se-ca2\/\",\"name\":\"AIGLON GRANDE TAILLE 41030.11 SE CA2C - Eberhard &amp; Co.\",\"isPartOf\":{\"@id\":\"https:\/\/www.eberhard-co-watches.ch\/fr\/#website\"},\"datePublished\":\"2024-11-12T04:20:18+00:00\",\"dateModified\":\"2025-06-27T12:33:44+00:00\",\"description\":\"M\u00c9CANIQUE \u00c0 REMONTAGE AUTOMATIQUE VERRE SAPHIR ANTIREFLET COURONNE EN ACIER \u00c0 VIS, PERSONNALIS\u00c9E FOND DU BO\u00ceTIER FIX\u00c9 PAR 6 VIS, PERSONNALIS\u00c9 BRACELET\",\"breadcrumb\":{\"@id\":\"https:\/\/www.eberhard-co-watches.ch\/fr\/product\/aiglon-grande-taille-41030-11-se-ca2\/#breadcrumb\"},\"inLanguage\":\"fr-FR\",\"potentialAction\":[{\"@type\":\"ReadAction\",\"target\":[\"https:\/\/www.eberhard-co-watches.ch\/fr\/product\/aiglon-grande-taille-41030-11-se-ca2\/\"]}]},{\"@type\":\"BreadcrumbList\",\"@id\":\"https:\/\/www.eberhard-co-watches.ch\/fr\/product\/aiglon-grande-taille-41030-11-se-ca2\/#breadcrumb\",\"itemListElement\":[{\"@type\":\"ListItem\",\"position\":1,\"name\":\"Negozio\",\"item\":\"https:\/\/www.eberhard-co-watches.ch\/negozio\/\"},{\"@type\":\"ListItem\",\"position\":2,\"name\":\"AIGLON GRANDE TAILLE 41030.11 SE CA2C\"}]},{\"@type\":\"WebSite\",\"@id\":\"https:\/\/www.eberhard-co-watches.ch\/fr\/#website\",\"url\":\"https:\/\/www.eberhard-co-watches.ch\/fr\/\",\"name\":\"Eberhard &amp; Co.\",\"description\":\"\",\"publisher\":{\"@id\":\"https:\/\/www.eberhard-co-watches.ch\/fr\/#organization\"},\"potentialAction\":[{\"@type\":\"SearchAction\",\"target\":{\"@type\":\"EntryPoint\",\"urlTemplate\":\"https:\/\/www.eberhard-co-watches.ch\/fr\/?s={search_term_string}\"},\"query-input\":{\"@type\":\"PropertyValueSpecification\",\"valueRequired\":true,\"valueName\":\"search_term_string\"}}],\"inLanguage\":\"fr-FR\"},{\"@type\":\"Organization\",\"@id\":\"https:\/\/www.eberhard-co-watches.ch\/fr\/#organization\",\"name\":\"Eberhard & Co. Watches\",\"url\":\"https:\/\/www.eberhard-co-watches.ch\/fr\/\",\"logo\":{\"@type\":\"ImageObject\",\"inLanguage\":\"fr-FR\",\"@id\":\"https:\/\/www.eberhard-co-watches.ch\/fr\/#\/schema\/logo\/image\/\",\"url\":\"\",\"contentUrl\":\"\",\"caption\":\"Eberhard & Co. Watches\"},\"image\":{\"@id\":\"https:\/\/www.eberhard-co-watches.ch\/fr\/#\/schema\/logo\/image\/\"}}]}<\/script>\n<!-- \/ Yoast SEO plugin. -->","yoast_head_json":{"title":"AIGLON GRANDE TAILLE 41030.11 SE CA2C - Eberhard &amp; Co.","description":"M\u00c9CANIQUE \u00c0 REMONTAGE AUTOMATIQUE VERRE SAPHIR ANTIREFLET COURONNE EN ACIER \u00c0 VIS, PERSONNALIS\u00c9E FOND DU BO\u00ceTIER FIX\u00c9 PAR 6 VIS, PERSONNALIS\u00c9 BRACELET","robots":{"index":"index","follow":"follow","max-snippet":"max-snippet:-1","max-image-preview":"max-image-preview:large","max-video-preview":"max-video-preview:-1"},"canonical":"https:\/\/www.eberhard-co-watches.ch\/fr\/product\/aiglon-grande-taille-41030-11-se-ca2\/","og_locale":"fr_FR","og_type":"article","og_title":"AIGLON GRANDE TAILLE 41030.11 SE CA2C - Eberhard &amp; Co.","og_description":"M\u00c9CANIQUE \u00c0 REMONTAGE AUTOMATIQUE VERRE SAPHIR ANTIREFLET COURONNE EN ACIER \u00c0 VIS, PERSONNALIS\u00c9E FOND DU BO\u00ceTIER FIX\u00c9 PAR 6 VIS, PERSONNALIS\u00c9 BRACELET","og_url":"https:\/\/www.eberhard-co-watches.ch\/fr\/product\/aiglon-grande-taille-41030-11-se-ca2\/","og_site_name":"Eberhard &amp; Co.","article_modified_time":"2025-06-27T12:33:44+00:00","twitter_card":"summary_large_image","schema":{"@context":"https:\/\/schema.org","@graph":[{"@type":"WebPage","@id":"https:\/\/www.eberhard-co-watches.ch\/fr\/product\/aiglon-grande-taille-41030-11-se-ca2\/","url":"https:\/\/www.eberhard-co-watches.ch\/fr\/product\/aiglon-grande-taille-41030-11-se-ca2\/","name":"AIGLON GRANDE TAILLE 41030.11 SE CA2C - Eberhard &amp; Co.","isPartOf":{"@id":"https:\/\/www.eberhard-co-watches.ch\/fr\/#website"},"datePublished":"2024-11-12T04:20:18+00:00","dateModified":"2025-06-27T12:33:44+00:00","description":"M\u00c9CANIQUE \u00c0 REMONTAGE AUTOMATIQUE VERRE SAPHIR ANTIREFLET COURONNE EN ACIER \u00c0 VIS, PERSONNALIS\u00c9E FOND DU BO\u00ceTIER FIX\u00c9 PAR 6 VIS, PERSONNALIS\u00c9 BRACELET","breadcrumb":{"@id":"https:\/\/www.eberhard-co-watches.ch\/fr\/product\/aiglon-grande-taille-41030-11-se-ca2\/#breadcrumb"},"inLanguage":"fr-FR","potentialAction":[{"@type":"ReadAction","target":["https:\/\/www.eberhard-co-watches.ch\/fr\/product\/aiglon-grande-taille-41030-11-se-ca2\/"]}]},{"@type":"BreadcrumbList","@id":"https:\/\/www.eberhard-co-watches.ch\/fr\/product\/aiglon-grande-taille-41030-11-se-ca2\/#breadcrumb","itemListElement":[{"@type":"ListItem","position":1,"name":"Negozio","item":"https:\/\/www.eberhard-co-watches.ch\/negozio\/"},{"@type":"ListItem","position":2,"name":"AIGLON GRANDE TAILLE 41030.11 SE CA2C"}]},{"@type":"WebSite","@id":"https:\/\/www.eberhard-co-watches.ch\/fr\/#website","url":"https:\/\/www.eberhard-co-watches.ch\/fr\/","name":"Eberhard &amp; Co.","description":"","publisher":{"@id":"https:\/\/www.eberhard-co-watches.ch\/fr\/#organization"},"potentialAction":[{"@type":"SearchAction","target":{"@type":"EntryPoint","urlTemplate":"https:\/\/www.eberhard-co-watches.ch\/fr\/?s={search_term_string}"},"query-input":{"@type":"PropertyValueSpecification","valueRequired":true,"valueName":"search_term_string"}}],"inLanguage":"fr-FR"},{"@type":"Organization","@id":"https:\/\/www.eberhard-co-watches.ch\/fr\/#organization","name":"Eberhard & Co. Watches","url":"https:\/\/www.eberhard-co-watches.ch\/fr\/","logo":{"@type":"ImageObject","inLanguage":"fr-FR","@id":"https:\/\/www.eberhard-co-watches.ch\/fr\/#\/schema\/logo\/image\/","url":"","contentUrl":"","caption":"Eberhard & Co. Watches"},"image":{"@id":"https:\/\/www.eberhard-co-watches.ch\/fr\/#\/schema\/logo\/image\/"}}]}},"_links":{"self":[{"href":"https:\/\/www.eberhard-co-watches.ch\/fr\/wp-json\/wp\/v2\/product\/44791"}],"collection":[{"href":"https:\/\/www.eberhard-co-watches.ch\/fr\/wp-json\/wp\/v2\/product"}],"about":[{"href":"https:\/\/www.eberhard-co-watches.ch\/fr\/wp-json\/wp\/v2\/types\/product"}],"wp:attachment":[{"href":"https:\/\/www.eberhard-co-watches.ch\/fr\/wp-json\/wp\/v2\/media?parent=44791"}],"wp:term":[{"taxonomy":"product_cat","embeddable":true,"href":"https:\/\/www.eberhard-co-watches.ch\/fr\/wp-json\/wp\/v2\/product_cat?post=44791"},{"taxonomy":"product_tag","embeddable":true,"href":"https:\/\/www.eberhard-co-watches.ch\/fr\/wp-json\/wp\/v2\/product_tag?post=44791"},{"taxonomy":"collection","embeddable":true,"href":"https:\/\/www.eberhard-co-watches.ch\/fr\/wp-json\/wp\/v2\/collection?post=44791"}],"curies":[{"name":"wp","href":"https:\/\/api.w.org\/{rel}","templated":true}]}}