{"id":54395,"date":"2024-11-05T16:32:42","date_gmt":"2024-11-05T15:32:42","guid":{"rendered":"https:\/\/www.eberhard-co-watches.ch\/product\/eberhard-co-scafojacket-per-lei-capsule-collection\/"},"modified":"2025-05-06T17:05:39","modified_gmt":"2025-05-06T15:05:39","slug":"eberhard-co-scafojacket-per-lei-capsule-collection","status":"publish","type":"product","link":"https:\/\/www.eberhard-co-watches.ch\/fr\/product\/eberhard-co-scafojacket-per-lei-capsule-collection\/","title":{"rendered":"Scafojacket pour Femme<br> <h8>Collection Capsule<\/h8>"},"content":{"rendered":"<p>\u2013 Veste bleue en nylon trois couches respirant, d\u00e9perlant et coupe-vent<br \/>\n\u2013 Doublure int\u00e9rieure en polaire \u00ab 4 saisons \u00bb<br \/>\n\u2013 Rembourrage technique Thermore\u00ae<br \/>\n\u2013 Logos blancs brod\u00e9s<br \/>\n\u2013 Poignets r\u00e9glables avec fermeture velcro<br \/>\n\u2013 Taille \u00e9lastique prot\u00e9geant du vent et de l&#8217;eau<br \/>\n\u2013 Trois poches ext\u00e9rieures imperm\u00e9ables avec fermeture \u00e9clair et d\u00e9tails rouges<br \/>\n\u2013 Poche int\u00e9rieure avec fermeture velcro et logo Scafojacket<\/p>\n<p><a class=\"guidaTagliePopup\" href=\"#guida-taglie-lei-en\"><b>GUIDE DES TAILLES<\/b><\/a><\/p>\n<p>Cet article a une coupe ample.<b> <\/b><\/p>\n<p><span class=\"reso-testo\">RETOURS<br \/>\nCet article peut \u00eatre retourn\u00e9 aux frais de l&#8217;acheteur, dans son emballage d&#8217;origine, sous 14 jours \u00e0 compter de la date d&#8217;achat.<\/span><\/p>\n<p><span class=\"reso-testo\"><strong><a href=\"https:\/\/www.eberhard-co-watches.ch\/wp-content\/uploads\/2025\/02\/modulo-reso-ecommerce.pdf\" target=\"_blank\" rel=\"noopener noreferrer\">Cliquez ici<\/a><\/strong> pour t\u00e9l\u00e9charger le formulaire de retour.<\/span><\/p>\n","protected":false},"excerpt":{"rendered":"<p>\u2013 Veste bleue en nylon trois couches respirant, d\u00e9perlant et coupe-vent \u2013 Doublure int\u00e9rieure en polaire \u00ab 4 saisons \u00bb \u2013 Rembourrage technique Thermore\u00ae \u2013 Logos blancs brod\u00e9s \u2013 Poignets r\u00e9glables avec fermeture velcro \u2013 Taille \u00e9lastique prot\u00e9geant du vent et de l&#8217;eau \u2013 Trois poches ext\u00e9rieures imperm\u00e9ables avec fermeture \u00e9clair et d\u00e9tails rouges \u2013 [&hellip;]<\/p>\n","protected":false},"featured_media":42762,"template":"","meta":{"_acf_changed":false,"_seopress_robots_primary_cat":"none","_seopress_titles_title":"","_seopress_titles_desc":"","_seopress_robots_index":"","inline_featured_image":false},"product_cat":[920],"product_tag":[],"collection":[],"class_list":{"0":"post-54395","1":"product","2":"type-product","3":"status-publish","4":"has-post-thumbnail","6":"product_cat-scafojacket-fr","7":"product_shipping_class-scafojacket","9":"first","10":"instock","11":"shipping-taxable","12":"purchasable","13":"product-type-variable"},"acf":[],"yoast_head":"<!-- This site is optimized with the Yoast SEO plugin v23.9 - https:\/\/yoast.com\/wordpress\/plugins\/seo\/ -->\n<title>Scafojacket pour Femme Collection Capsule - Eberhard &amp; Co.<\/title>\n<meta name=\"description\" content=\"\u2013 Veste bleue en nylon trois couches respirant, d\u00e9perlant et coupe-vent \u2013 Doublure int\u00e9rieure en polaire \u00ab 4 saisons \u00bb \u2013 Rembourrage technique Thermore\u00ae \u2013\" \/>\n<meta name=\"robots\" content=\"index, follow, max-snippet:-1, max-image-preview:large, max-video-preview:-1\" \/>\n<link rel=\"canonical\" href=\"https:\/\/www.eberhard-co-watches.ch\/fr\/product\/eberhard-co-scafojacket-per-lei-capsule-collection\/\" \/>\n<meta property=\"og:locale\" content=\"fr_FR\" \/>\n<meta property=\"og:type\" content=\"article\" \/>\n<meta property=\"og:title\" content=\"Scafojacket pour Femme Collection Capsule - Eberhard &amp; Co.\" \/>\n<meta property=\"og:description\" content=\"\u2013 Veste bleue en nylon trois couches respirant, d\u00e9perlant et coupe-vent \u2013 Doublure int\u00e9rieure en polaire \u00ab 4 saisons \u00bb \u2013 Rembourrage technique Thermore\u00ae \u2013\" \/>\n<meta property=\"og:url\" content=\"https:\/\/www.eberhard-co-watches.ch\/fr\/product\/eberhard-co-scafojacket-per-lei-capsule-collection\/\" \/>\n<meta property=\"og:site_name\" content=\"Eberhard &amp; Co.\" \/>\n<meta property=\"article:modified_time\" content=\"2025-05-06T15:05:39+00:00\" \/>\n<meta property=\"og:image\" content=\"https:\/\/www.eberhard-co-watches.ch\/wp-content\/uploads\/2024\/11\/scafojacket-donna_intermedia.jpg\" \/>\n\t<meta property=\"og:image:width\" content=\"840\" \/>\n\t<meta property=\"og:image:height\" content=\"840\" \/>\n\t<meta property=\"og:image:type\" content=\"image\/jpeg\" \/>\n<meta name=\"twitter:card\" content=\"summary_large_image\" \/>\n<script type=\"application\/ld+json\" class=\"yoast-schema-graph\">{\"@context\":\"https:\/\/schema.org\",\"@graph\":[{\"@type\":\"WebPage\",\"@id\":\"https:\/\/www.eberhard-co-watches.ch\/fr\/product\/eberhard-co-scafojacket-per-lei-capsule-collection\/\",\"url\":\"https:\/\/www.eberhard-co-watches.ch\/fr\/product\/eberhard-co-scafojacket-per-lei-capsule-collection\/\",\"name\":\"Scafojacket pour Femme Collection Capsule - Eberhard &amp; Co.\",\"isPartOf\":{\"@id\":\"https:\/\/www.eberhard-co-watches.ch\/fr\/#website\"},\"primaryImageOfPage\":{\"@id\":\"https:\/\/www.eberhard-co-watches.ch\/fr\/product\/eberhard-co-scafojacket-per-lei-capsule-collection\/#primaryimage\"},\"image\":{\"@id\":\"https:\/\/www.eberhard-co-watches.ch\/fr\/product\/eberhard-co-scafojacket-per-lei-capsule-collection\/#primaryimage\"},\"thumbnailUrl\":\"https:\/\/www.eberhard-co-watches.ch\/wp-content\/uploads\/2024\/11\/scafojacket-donna_intermedia.jpg\",\"datePublished\":\"2024-11-05T15:32:42+00:00\",\"dateModified\":\"2025-05-06T15:05:39+00:00\",\"description\":\"\u2013 Veste bleue en nylon trois couches respirant, d\u00e9perlant et coupe-vent \u2013 Doublure int\u00e9rieure en polaire \u00ab 4 saisons \u00bb \u2013 Rembourrage technique Thermore\u00ae \u2013\",\"breadcrumb\":{\"@id\":\"https:\/\/www.eberhard-co-watches.ch\/fr\/product\/eberhard-co-scafojacket-per-lei-capsule-collection\/#breadcrumb\"},\"inLanguage\":\"fr-FR\",\"potentialAction\":[{\"@type\":\"ReadAction\",\"target\":[\"https:\/\/www.eberhard-co-watches.ch\/fr\/product\/eberhard-co-scafojacket-per-lei-capsule-collection\/\"]}]},{\"@type\":\"ImageObject\",\"inLanguage\":\"fr-FR\",\"@id\":\"https:\/\/www.eberhard-co-watches.ch\/fr\/product\/eberhard-co-scafojacket-per-lei-capsule-collection\/#primaryimage\",\"url\":\"https:\/\/www.eberhard-co-watches.ch\/wp-content\/uploads\/2024\/11\/scafojacket-donna_intermedia.jpg\",\"contentUrl\":\"https:\/\/www.eberhard-co-watches.ch\/wp-content\/uploads\/2024\/11\/scafojacket-donna_intermedia.jpg\",\"width\":840,\"height\":840},{\"@type\":\"BreadcrumbList\",\"@id\":\"https:\/\/www.eberhard-co-watches.ch\/fr\/product\/eberhard-co-scafojacket-per-lei-capsule-collection\/#breadcrumb\",\"itemListElement\":[{\"@type\":\"ListItem\",\"position\":1,\"name\":\"Negozio\",\"item\":\"https:\/\/www.eberhard-co-watches.ch\/negozio\/\"},{\"@type\":\"ListItem\",\"position\":2,\"name\":\"Scafojacket pour Femme Collection Capsule\"}]},{\"@type\":\"WebSite\",\"@id\":\"https:\/\/www.eberhard-co-watches.ch\/fr\/#website\",\"url\":\"https:\/\/www.eberhard-co-watches.ch\/fr\/\",\"name\":\"Eberhard &amp; Co.\",\"description\":\"\",\"publisher\":{\"@id\":\"https:\/\/www.eberhard-co-watches.ch\/fr\/#organization\"},\"potentialAction\":[{\"@type\":\"SearchAction\",\"target\":{\"@type\":\"EntryPoint\",\"urlTemplate\":\"https:\/\/www.eberhard-co-watches.ch\/fr\/?s={search_term_string}\"},\"query-input\":{\"@type\":\"PropertyValueSpecification\",\"valueRequired\":true,\"valueName\":\"search_term_string\"}}],\"inLanguage\":\"fr-FR\"},{\"@type\":\"Organization\",\"@id\":\"https:\/\/www.eberhard-co-watches.ch\/fr\/#organization\",\"name\":\"Eberhard & Co. Watches\",\"url\":\"https:\/\/www.eberhard-co-watches.ch\/fr\/\",\"logo\":{\"@type\":\"ImageObject\",\"inLanguage\":\"fr-FR\",\"@id\":\"https:\/\/www.eberhard-co-watches.ch\/fr\/#\/schema\/logo\/image\/\",\"url\":\"\",\"contentUrl\":\"\",\"caption\":\"Eberhard & Co. Watches\"},\"image\":{\"@id\":\"https:\/\/www.eberhard-co-watches.ch\/fr\/#\/schema\/logo\/image\/\"}}]}<\/script>\n<!-- \/ Yoast SEO plugin. -->","yoast_head_json":{"title":"Scafojacket pour Femme Collection Capsule - Eberhard &amp; Co.","description":"\u2013 Veste bleue en nylon trois couches respirant, d\u00e9perlant et coupe-vent \u2013 Doublure int\u00e9rieure en polaire \u00ab 4 saisons \u00bb \u2013 Rembourrage technique Thermore\u00ae \u2013","robots":{"index":"index","follow":"follow","max-snippet":"max-snippet:-1","max-image-preview":"max-image-preview:large","max-video-preview":"max-video-preview:-1"},"canonical":"https:\/\/www.eberhard-co-watches.ch\/fr\/product\/eberhard-co-scafojacket-per-lei-capsule-collection\/","og_locale":"fr_FR","og_type":"article","og_title":"Scafojacket pour Femme Collection Capsule - Eberhard &amp; Co.","og_description":"\u2013 Veste bleue en nylon trois couches respirant, d\u00e9perlant et coupe-vent \u2013 Doublure int\u00e9rieure en polaire \u00ab 4 saisons \u00bb \u2013 Rembourrage technique Thermore\u00ae \u2013","og_url":"https:\/\/www.eberhard-co-watches.ch\/fr\/product\/eberhard-co-scafojacket-per-lei-capsule-collection\/","og_site_name":"Eberhard &amp; Co.","article_modified_time":"2025-05-06T15:05:39+00:00","og_image":[{"width":840,"height":840,"url":"https:\/\/www.eberhard-co-watches.ch\/wp-content\/uploads\/2024\/11\/scafojacket-donna_intermedia.jpg","type":"image\/jpeg"}],"twitter_card":"summary_large_image","schema":{"@context":"https:\/\/schema.org","@graph":[{"@type":"WebPage","@id":"https:\/\/www.eberhard-co-watches.ch\/fr\/product\/eberhard-co-scafojacket-per-lei-capsule-collection\/","url":"https:\/\/www.eberhard-co-watches.ch\/fr\/product\/eberhard-co-scafojacket-per-lei-capsule-collection\/","name":"Scafojacket pour Femme Collection Capsule - Eberhard &amp; Co.","isPartOf":{"@id":"https:\/\/www.eberhard-co-watches.ch\/fr\/#website"},"primaryImageOfPage":{"@id":"https:\/\/www.eberhard-co-watches.ch\/fr\/product\/eberhard-co-scafojacket-per-lei-capsule-collection\/#primaryimage"},"image":{"@id":"https:\/\/www.eberhard-co-watches.ch\/fr\/product\/eberhard-co-scafojacket-per-lei-capsule-collection\/#primaryimage"},"thumbnailUrl":"https:\/\/www.eberhard-co-watches.ch\/wp-content\/uploads\/2024\/11\/scafojacket-donna_intermedia.jpg","datePublished":"2024-11-05T15:32:42+00:00","dateModified":"2025-05-06T15:05:39+00:00","description":"\u2013 Veste bleue en nylon trois couches respirant, d\u00e9perlant et coupe-vent \u2013 Doublure int\u00e9rieure en polaire \u00ab 4 saisons \u00bb \u2013 Rembourrage technique Thermore\u00ae \u2013","breadcrumb":{"@id":"https:\/\/www.eberhard-co-watches.ch\/fr\/product\/eberhard-co-scafojacket-per-lei-capsule-collection\/#breadcrumb"},"inLanguage":"fr-FR","potentialAction":[{"@type":"ReadAction","target":["https:\/\/www.eberhard-co-watches.ch\/fr\/product\/eberhard-co-scafojacket-per-lei-capsule-collection\/"]}]},{"@type":"ImageObject","inLanguage":"fr-FR","@id":"https:\/\/www.eberhard-co-watches.ch\/fr\/product\/eberhard-co-scafojacket-per-lei-capsule-collection\/#primaryimage","url":"https:\/\/www.eberhard-co-watches.ch\/wp-content\/uploads\/2024\/11\/scafojacket-donna_intermedia.jpg","contentUrl":"https:\/\/www.eberhard-co-watches.ch\/wp-content\/uploads\/2024\/11\/scafojacket-donna_intermedia.jpg","width":840,"height":840},{"@type":"BreadcrumbList","@id":"https:\/\/www.eberhard-co-watches.ch\/fr\/product\/eberhard-co-scafojacket-per-lei-capsule-collection\/#breadcrumb","itemListElement":[{"@type":"ListItem","position":1,"name":"Negozio","item":"https:\/\/www.eberhard-co-watches.ch\/negozio\/"},{"@type":"ListItem","position":2,"name":"Scafojacket pour Femme Collection Capsule"}]},{"@type":"WebSite","@id":"https:\/\/www.eberhard-co-watches.ch\/fr\/#website","url":"https:\/\/www.eberhard-co-watches.ch\/fr\/","name":"Eberhard &amp; Co.","description":"","publisher":{"@id":"https:\/\/www.eberhard-co-watches.ch\/fr\/#organization"},"potentialAction":[{"@type":"SearchAction","target":{"@type":"EntryPoint","urlTemplate":"https:\/\/www.eberhard-co-watches.ch\/fr\/?s={search_term_string}"},"query-input":{"@type":"PropertyValueSpecification","valueRequired":true,"valueName":"search_term_string"}}],"inLanguage":"fr-FR"},{"@type":"Organization","@id":"https:\/\/www.eberhard-co-watches.ch\/fr\/#organization","name":"Eberhard & Co. Watches","url":"https:\/\/www.eberhard-co-watches.ch\/fr\/","logo":{"@type":"ImageObject","inLanguage":"fr-FR","@id":"https:\/\/www.eberhard-co-watches.ch\/fr\/#\/schema\/logo\/image\/","url":"","contentUrl":"","caption":"Eberhard & Co. Watches"},"image":{"@id":"https:\/\/www.eberhard-co-watches.ch\/fr\/#\/schema\/logo\/image\/"}}]}},"_links":{"self":[{"href":"https:\/\/www.eberhard-co-watches.ch\/fr\/wp-json\/wp\/v2\/product\/54395"}],"collection":[{"href":"https:\/\/www.eberhard-co-watches.ch\/fr\/wp-json\/wp\/v2\/product"}],"about":[{"href":"https:\/\/www.eberhard-co-watches.ch\/fr\/wp-json\/wp\/v2\/types\/product"}],"wp:featuredmedia":[{"embeddable":true,"href":"https:\/\/www.eberhard-co-watches.ch\/fr\/wp-json\/wp\/v2\/media\/42762"}],"wp:attachment":[{"href":"https:\/\/www.eberhard-co-watches.ch\/fr\/wp-json\/wp\/v2\/media?parent=54395"}],"wp:term":[{"taxonomy":"product_cat","embeddable":true,"href":"https:\/\/www.eberhard-co-watches.ch\/fr\/wp-json\/wp\/v2\/product_cat?post=54395"},{"taxonomy":"product_tag","embeddable":true,"href":"https:\/\/www.eberhard-co-watches.ch\/fr\/wp-json\/wp\/v2\/product_tag?post=54395"},{"taxonomy":"collection","embeddable":true,"href":"https:\/\/www.eberhard-co-watches.ch\/fr\/wp-json\/wp\/v2\/collection?post=54395"}],"curies":[{"name":"wp","href":"https:\/\/api.w.org\/{rel}","templated":true}]}}