{"id":73499,"date":"2025-09-18T02:15:35","date_gmt":"2025-09-18T00:15:35","guid":{"rendered":"https:\/\/www.eberhard-co-watches.ch\/?post_type=product&#038;p=73499"},"modified":"2025-11-11T10:44:54","modified_gmt":"2025-11-11T09:44:54","slug":"contodat-chronographe-31156-03","status":"publish","type":"product","link":"https:\/\/www.eberhard-co-watches.ch\/fr\/product\/contodat-chronographe-31156-03\/","title":{"rendered":"CONTODAT CHRONOGRAPHE 31156.03"},"content":{"rendered":"<p>CHRONOGRAPHE MECANIQUE A REMONTAGE AUTOMATIQUE<\/p>\n<p>verre saphir creus\u00e9 et bomb\u00e9 avec traitement antireflets sur la surface interne<\/p>\n<p>COURONNE VISS\u00c9E EN ACIER, \u00e9tanche, PERSONNALIS\u00c9E<\/p>\n<p>FOND DU BO\u00ceTIER VISS\u00c9, FINITION SATIN\u00c9E AU CENTRE POLIE SUR LA ZONE EXT\u00c9RIEURE, PERSONNALIS\u00c9 AVEC des gravures dor\u00e9es et la phrase latine \u00ab UBI TU IBI EGO \u00bb<\/p>\n<p>BRACELET EN ACIER int\u00e9gr\u00e9 au boitier, avec alternance entre finition satin\u00e9e et polie<\/p>\n<p>BOUCLE DEPLOYANTE 2CLICK\u00ae, PERSONNALIS\u00c9E<\/p>\n","protected":false},"excerpt":{"rendered":"<p>CHRONOGRAPHE MECANIQUE A REMONTAGE AUTOMATIQUE verre saphir creus\u00e9 et bomb\u00e9 avec traitement antireflets sur la surface interne COURONNE VISS\u00c9E EN ACIER, \u00e9tanche, PERSONNALIS\u00c9E FOND DU BO\u00ceTIER VISS\u00c9, FINITION SATIN\u00c9E AU CENTRE POLIE SUR LA ZONE EXT\u00c9RIEURE, PERSONNALIS\u00c9 AVEC des gravures dor\u00e9es et la phrase latine \u00ab UBI TU IBI EGO \u00bb BRACELET EN ACIER int\u00e9gr\u00e9 [&hellip;]<\/p>\n","protected":false},"featured_media":100921,"template":"","meta":{"_acf_changed":false,"_seopress_robots_primary_cat":"none","_seopress_titles_title":"","_seopress_titles_desc":"","_seopress_robots_index":"","inline_featured_image":false},"product_cat":[106],"product_tag":[],"collection":[945],"class_list":{"0":"post-73499","1":"product","2":"type-product","3":"status-publish","4":"has-post-thumbnail","6":"product_cat-non-classifiee","7":"collection-contodat-chronographe-fr","9":"first","10":"instock","11":"shipping-taxable","12":"purchasable","13":"product-type-simple"},"acf":[],"yoast_head":"<!-- This site is optimized with the Yoast SEO plugin v23.9 - https:\/\/yoast.com\/wordpress\/plugins\/seo\/ -->\n<title>CONTODAT CHRONOGRAPHE 31156.03 - Eberhard &amp; Co.<\/title>\n<meta name=\"description\" content=\"CHRONOGRAPHE MECANIQUE A REMONTAGE AUTOMATIQUE verre saphir creus\u00e9 et bomb\u00e9 avec traitement antireflets sur la surface interne COURONNE VISS\u00c9E EN ACIER,\" \/>\n<meta name=\"robots\" content=\"index, follow, max-snippet:-1, max-image-preview:large, max-video-preview:-1\" \/>\n<link rel=\"canonical\" href=\"https:\/\/www.eberhard-co-watches.ch\/fr\/product\/contodat-chronographe-31156-03\/\" \/>\n<meta property=\"og:locale\" content=\"fr_FR\" \/>\n<meta property=\"og:type\" content=\"article\" \/>\n<meta property=\"og:title\" content=\"CONTODAT CHRONOGRAPHE 31156.03 - Eberhard &amp; Co.\" \/>\n<meta property=\"og:description\" content=\"CHRONOGRAPHE MECANIQUE A REMONTAGE AUTOMATIQUE verre saphir creus\u00e9 et bomb\u00e9 avec traitement antireflets sur la surface interne COURONNE VISS\u00c9E EN ACIER,\" \/>\n<meta property=\"og:url\" content=\"https:\/\/www.eberhard-co-watches.ch\/fr\/product\/contodat-chronographe-31156-03\/\" \/>\n<meta property=\"og:site_name\" content=\"Eberhard &amp; Co.\" \/>\n<meta property=\"article:modified_time\" content=\"2025-11-11T09:44:54+00:00\" \/>\n<meta name=\"twitter:card\" content=\"summary_large_image\" \/>\n<script type=\"application\/ld+json\" class=\"yoast-schema-graph\">{\"@context\":\"https:\/\/schema.org\",\"@graph\":[{\"@type\":\"WebPage\",\"@id\":\"https:\/\/www.eberhard-co-watches.ch\/fr\/product\/contodat-chronographe-31156-03\/\",\"url\":\"https:\/\/www.eberhard-co-watches.ch\/fr\/product\/contodat-chronographe-31156-03\/\",\"name\":\"CONTODAT CHRONOGRAPHE 31156.03 - Eberhard &amp; Co.\",\"isPartOf\":{\"@id\":\"https:\/\/www.eberhard-co-watches.ch\/fr\/#website\"},\"primaryImageOfPage\":{\"@id\":\"https:\/\/www.eberhard-co-watches.ch\/fr\/product\/contodat-chronographe-31156-03\/#primaryimage\"},\"image\":{\"@id\":\"https:\/\/www.eberhard-co-watches.ch\/fr\/product\/contodat-chronographe-31156-03\/#primaryimage\"},\"thumbnailUrl\":\"https:\/\/www.eberhard-co-watches.ch\/wp-content\/uploads\/2025\/09\/101.png\",\"datePublished\":\"2025-09-18T00:15:35+00:00\",\"dateModified\":\"2025-11-11T09:44:54+00:00\",\"description\":\"CHRONOGRAPHE MECANIQUE A REMONTAGE AUTOMATIQUE verre saphir creus\u00e9 et bomb\u00e9 avec traitement antireflets sur la surface interne COURONNE VISS\u00c9E EN ACIER,\",\"breadcrumb\":{\"@id\":\"https:\/\/www.eberhard-co-watches.ch\/fr\/product\/contodat-chronographe-31156-03\/#breadcrumb\"},\"inLanguage\":\"fr-FR\",\"potentialAction\":[{\"@type\":\"ReadAction\",\"target\":[\"https:\/\/www.eberhard-co-watches.ch\/fr\/product\/contodat-chronographe-31156-03\/\"]}]},{\"@type\":\"ImageObject\",\"inLanguage\":\"fr-FR\",\"@id\":\"https:\/\/www.eberhard-co-watches.ch\/fr\/product\/contodat-chronographe-31156-03\/#primaryimage\",\"url\":\"https:\/\/www.eberhard-co-watches.ch\/wp-content\/uploads\/2025\/09\/101.png\",\"contentUrl\":\"https:\/\/www.eberhard-co-watches.ch\/wp-content\/uploads\/2025\/09\/101.png\",\"width\":1000,\"height\":1000},{\"@type\":\"BreadcrumbList\",\"@id\":\"https:\/\/www.eberhard-co-watches.ch\/fr\/product\/contodat-chronographe-31156-03\/#breadcrumb\",\"itemListElement\":[{\"@type\":\"ListItem\",\"position\":1,\"name\":\"Negozio\",\"item\":\"https:\/\/www.eberhard-co-watches.ch\/negozio\/\"},{\"@type\":\"ListItem\",\"position\":2,\"name\":\"CONTODAT CHRONOGRAPHE 31156.03\"}]},{\"@type\":\"WebSite\",\"@id\":\"https:\/\/www.eberhard-co-watches.ch\/fr\/#website\",\"url\":\"https:\/\/www.eberhard-co-watches.ch\/fr\/\",\"name\":\"Eberhard &amp; Co.\",\"description\":\"\",\"publisher\":{\"@id\":\"https:\/\/www.eberhard-co-watches.ch\/fr\/#organization\"},\"potentialAction\":[{\"@type\":\"SearchAction\",\"target\":{\"@type\":\"EntryPoint\",\"urlTemplate\":\"https:\/\/www.eberhard-co-watches.ch\/fr\/?s={search_term_string}\"},\"query-input\":{\"@type\":\"PropertyValueSpecification\",\"valueRequired\":true,\"valueName\":\"search_term_string\"}}],\"inLanguage\":\"fr-FR\"},{\"@type\":\"Organization\",\"@id\":\"https:\/\/www.eberhard-co-watches.ch\/fr\/#organization\",\"name\":\"Eberhard & Co. Watches\",\"url\":\"https:\/\/www.eberhard-co-watches.ch\/fr\/\",\"logo\":{\"@type\":\"ImageObject\",\"inLanguage\":\"fr-FR\",\"@id\":\"https:\/\/www.eberhard-co-watches.ch\/fr\/#\/schema\/logo\/image\/\",\"url\":\"\",\"contentUrl\":\"\",\"caption\":\"Eberhard & Co. Watches\"},\"image\":{\"@id\":\"https:\/\/www.eberhard-co-watches.ch\/fr\/#\/schema\/logo\/image\/\"}}]}<\/script>\n<!-- \/ Yoast SEO plugin. -->","yoast_head_json":{"title":"CONTODAT CHRONOGRAPHE 31156.03 - Eberhard &amp; Co.","description":"CHRONOGRAPHE MECANIQUE A REMONTAGE AUTOMATIQUE verre saphir creus\u00e9 et bomb\u00e9 avec traitement antireflets sur la surface interne COURONNE VISS\u00c9E EN ACIER,","robots":{"index":"index","follow":"follow","max-snippet":"max-snippet:-1","max-image-preview":"max-image-preview:large","max-video-preview":"max-video-preview:-1"},"canonical":"https:\/\/www.eberhard-co-watches.ch\/fr\/product\/contodat-chronographe-31156-03\/","og_locale":"fr_FR","og_type":"article","og_title":"CONTODAT CHRONOGRAPHE 31156.03 - Eberhard &amp; Co.","og_description":"CHRONOGRAPHE MECANIQUE A REMONTAGE AUTOMATIQUE verre saphir creus\u00e9 et bomb\u00e9 avec traitement antireflets sur la surface interne COURONNE VISS\u00c9E EN ACIER,","og_url":"https:\/\/www.eberhard-co-watches.ch\/fr\/product\/contodat-chronographe-31156-03\/","og_site_name":"Eberhard &amp; Co.","article_modified_time":"2025-11-11T09:44:54+00:00","twitter_card":"summary_large_image","schema":{"@context":"https:\/\/schema.org","@graph":[{"@type":"WebPage","@id":"https:\/\/www.eberhard-co-watches.ch\/fr\/product\/contodat-chronographe-31156-03\/","url":"https:\/\/www.eberhard-co-watches.ch\/fr\/product\/contodat-chronographe-31156-03\/","name":"CONTODAT CHRONOGRAPHE 31156.03 - Eberhard &amp; Co.","isPartOf":{"@id":"https:\/\/www.eberhard-co-watches.ch\/fr\/#website"},"primaryImageOfPage":{"@id":"https:\/\/www.eberhard-co-watches.ch\/fr\/product\/contodat-chronographe-31156-03\/#primaryimage"},"image":{"@id":"https:\/\/www.eberhard-co-watches.ch\/fr\/product\/contodat-chronographe-31156-03\/#primaryimage"},"thumbnailUrl":"https:\/\/www.eberhard-co-watches.ch\/wp-content\/uploads\/2025\/09\/101.png","datePublished":"2025-09-18T00:15:35+00:00","dateModified":"2025-11-11T09:44:54+00:00","description":"CHRONOGRAPHE MECANIQUE A REMONTAGE AUTOMATIQUE verre saphir creus\u00e9 et bomb\u00e9 avec traitement antireflets sur la surface interne COURONNE VISS\u00c9E EN ACIER,","breadcrumb":{"@id":"https:\/\/www.eberhard-co-watches.ch\/fr\/product\/contodat-chronographe-31156-03\/#breadcrumb"},"inLanguage":"fr-FR","potentialAction":[{"@type":"ReadAction","target":["https:\/\/www.eberhard-co-watches.ch\/fr\/product\/contodat-chronographe-31156-03\/"]}]},{"@type":"ImageObject","inLanguage":"fr-FR","@id":"https:\/\/www.eberhard-co-watches.ch\/fr\/product\/contodat-chronographe-31156-03\/#primaryimage","url":"https:\/\/www.eberhard-co-watches.ch\/wp-content\/uploads\/2025\/09\/101.png","contentUrl":"https:\/\/www.eberhard-co-watches.ch\/wp-content\/uploads\/2025\/09\/101.png","width":1000,"height":1000},{"@type":"BreadcrumbList","@id":"https:\/\/www.eberhard-co-watches.ch\/fr\/product\/contodat-chronographe-31156-03\/#breadcrumb","itemListElement":[{"@type":"ListItem","position":1,"name":"Negozio","item":"https:\/\/www.eberhard-co-watches.ch\/negozio\/"},{"@type":"ListItem","position":2,"name":"CONTODAT CHRONOGRAPHE 31156.03"}]},{"@type":"WebSite","@id":"https:\/\/www.eberhard-co-watches.ch\/fr\/#website","url":"https:\/\/www.eberhard-co-watches.ch\/fr\/","name":"Eberhard &amp; Co.","description":"","publisher":{"@id":"https:\/\/www.eberhard-co-watches.ch\/fr\/#organization"},"potentialAction":[{"@type":"SearchAction","target":{"@type":"EntryPoint","urlTemplate":"https:\/\/www.eberhard-co-watches.ch\/fr\/?s={search_term_string}"},"query-input":{"@type":"PropertyValueSpecification","valueRequired":true,"valueName":"search_term_string"}}],"inLanguage":"fr-FR"},{"@type":"Organization","@id":"https:\/\/www.eberhard-co-watches.ch\/fr\/#organization","name":"Eberhard & Co. Watches","url":"https:\/\/www.eberhard-co-watches.ch\/fr\/","logo":{"@type":"ImageObject","inLanguage":"fr-FR","@id":"https:\/\/www.eberhard-co-watches.ch\/fr\/#\/schema\/logo\/image\/","url":"","contentUrl":"","caption":"Eberhard & Co. Watches"},"image":{"@id":"https:\/\/www.eberhard-co-watches.ch\/fr\/#\/schema\/logo\/image\/"}}]}},"_links":{"self":[{"href":"https:\/\/www.eberhard-co-watches.ch\/fr\/wp-json\/wp\/v2\/product\/73499"}],"collection":[{"href":"https:\/\/www.eberhard-co-watches.ch\/fr\/wp-json\/wp\/v2\/product"}],"about":[{"href":"https:\/\/www.eberhard-co-watches.ch\/fr\/wp-json\/wp\/v2\/types\/product"}],"wp:featuredmedia":[{"embeddable":true,"href":"https:\/\/www.eberhard-co-watches.ch\/fr\/wp-json\/wp\/v2\/media\/100921"}],"wp:attachment":[{"href":"https:\/\/www.eberhard-co-watches.ch\/fr\/wp-json\/wp\/v2\/media?parent=73499"}],"wp:term":[{"taxonomy":"product_cat","embeddable":true,"href":"https:\/\/www.eberhard-co-watches.ch\/fr\/wp-json\/wp\/v2\/product_cat?post=73499"},{"taxonomy":"product_tag","embeddable":true,"href":"https:\/\/www.eberhard-co-watches.ch\/fr\/wp-json\/wp\/v2\/product_tag?post=73499"},{"taxonomy":"collection","embeddable":true,"href":"https:\/\/www.eberhard-co-watches.ch\/fr\/wp-json\/wp\/v2\/collection?post=73499"}],"curies":[{"name":"wp","href":"https:\/\/api.w.org\/{rel}","templated":true}]}}