{"id":73541,"date":"2025-09-18T02:42:53","date_gmt":"2025-09-18T00:42:53","guid":{"rendered":"https:\/\/www.eberhard-co-watches.ch\/?post_type=product&#038;p=73541"},"modified":"2026-04-01T13:10:42","modified_gmt":"2026-04-01T11:10:42","slug":"contodat-automatic-41156-02","status":"publish","type":"product","link":"https:\/\/www.eberhard-co-watches.ch\/fr\/product\/contodat-automatic-41156-02\/","title":{"rendered":"CONTODAT AUTOMATIC 41156.02 CA2C"},"content":{"rendered":"<p>MECANIQUE A REMONTAGE AUTOMATIQUE<\/p>\n<p>verre saphir creus\u00e9 et bomb\u00e9 avec traitement antireflets sur la surface interne<\/p>\n<p>COURONNE VISS\u00c9E EN ACIER, \u00e9tanche, PERSONNALIS\u00c9E<\/p>\n<p>FOND DU BO\u00ceTIER VISS\u00c9, FINITION SATIN\u00c9E AU CENTRE POLIE SUR LA ZONE EXT\u00c9RIEURE, PERSONNALIS\u00c9 AVEC des gravures dor\u00e9es et la phrase latine \u00ab UBI TU IBI EGO \u00bb<\/p>\n<p>BRACELET EN ACIER int\u00e9gr\u00e9 au boitier, avec alternance entre finition satin\u00e9e et polie<\/p>\n<p>BOUCLE DEPLOYANTE 2CLICK\u00ae, PERSONNALIS\u00c9E<\/p>\n","protected":false},"excerpt":{"rendered":"<p>MECANIQUE A REMONTAGE AUTOMATIQUE verre saphir creus\u00e9 et bomb\u00e9 avec traitement antireflets sur la surface interne COURONNE VISS\u00c9E EN ACIER, \u00e9tanche, PERSONNALIS\u00c9E FOND DU BO\u00ceTIER VISS\u00c9, FINITION SATIN\u00c9E AU CENTRE POLIE SUR LA ZONE EXT\u00c9RIEURE, PERSONNALIS\u00c9 AVEC des gravures dor\u00e9es et la phrase latine \u00ab UBI TU IBI EGO \u00bb BRACELET EN ACIER int\u00e9gr\u00e9 au [&hellip;]<\/p>\n","protected":false},"featured_media":99691,"template":"","meta":{"_acf_changed":false,"_seopress_robots_primary_cat":"none","_seopress_titles_title":"","_seopress_titles_desc":"","_seopress_robots_index":"","inline_featured_image":false},"product_cat":[106],"product_tag":[],"collection":[943],"class_list":{"0":"post-73541","1":"product","2":"type-product","3":"status-publish","4":"has-post-thumbnail","6":"product_cat-non-classifiee","7":"collection-contodat-automatic-fr","9":"first","10":"instock","11":"shipping-taxable","12":"purchasable","13":"product-type-simple"},"acf":[],"yoast_head":"<!-- This site is optimized with the Yoast SEO plugin v23.9 - https:\/\/yoast.com\/wordpress\/plugins\/seo\/ -->\n<title>CONTODAT AUTOMATIC 41156.02 CA2C - Eberhard &amp; Co.<\/title>\n<meta name=\"description\" content=\"MECANIQUE A REMONTAGE AUTOMATIQUE verre saphir creus\u00e9 et bomb\u00e9 avec traitement antireflets sur la surface interne COURONNE VISS\u00c9E EN ACIER, \u00e9tanche,\" \/>\n<meta name=\"robots\" content=\"index, follow, max-snippet:-1, max-image-preview:large, max-video-preview:-1\" \/>\n<link rel=\"canonical\" href=\"https:\/\/www.eberhard-co-watches.ch\/fr\/product\/contodat-automatic-41156-02\/\" \/>\n<meta property=\"og:locale\" content=\"fr_FR\" \/>\n<meta property=\"og:type\" content=\"article\" \/>\n<meta property=\"og:title\" content=\"CONTODAT AUTOMATIC 41156.02 CA2C - Eberhard &amp; Co.\" \/>\n<meta property=\"og:description\" content=\"MECANIQUE A REMONTAGE AUTOMATIQUE verre saphir creus\u00e9 et bomb\u00e9 avec traitement antireflets sur la surface interne COURONNE VISS\u00c9E EN ACIER, \u00e9tanche,\" \/>\n<meta property=\"og:url\" content=\"https:\/\/www.eberhard-co-watches.ch\/fr\/product\/contodat-automatic-41156-02\/\" \/>\n<meta property=\"og:site_name\" content=\"Eberhard &amp; Co.\" \/>\n<meta property=\"article:modified_time\" content=\"2026-04-01T11:10:42+00:00\" \/>\n<meta property=\"og:image\" content=\"https:\/\/www.eberhard-co-watches.ch\/wp-content\/uploads\/2025\/09\/31.png\" \/>\n\t<meta property=\"og:image:width\" content=\"1000\" \/>\n\t<meta property=\"og:image:height\" content=\"1000\" \/>\n\t<meta property=\"og:image:type\" content=\"image\/png\" \/>\n<meta name=\"twitter:card\" content=\"summary_large_image\" \/>\n<script type=\"application\/ld+json\" class=\"yoast-schema-graph\">{\"@context\":\"https:\/\/schema.org\",\"@graph\":[{\"@type\":\"WebPage\",\"@id\":\"https:\/\/www.eberhard-co-watches.ch\/fr\/product\/contodat-automatic-41156-02\/\",\"url\":\"https:\/\/www.eberhard-co-watches.ch\/fr\/product\/contodat-automatic-41156-02\/\",\"name\":\"CONTODAT AUTOMATIC 41156.02 CA2C - Eberhard &amp; Co.\",\"isPartOf\":{\"@id\":\"https:\/\/www.eberhard-co-watches.ch\/fr\/#website\"},\"primaryImageOfPage\":{\"@id\":\"https:\/\/www.eberhard-co-watches.ch\/fr\/product\/contodat-automatic-41156-02\/#primaryimage\"},\"image\":{\"@id\":\"https:\/\/www.eberhard-co-watches.ch\/fr\/product\/contodat-automatic-41156-02\/#primaryimage\"},\"thumbnailUrl\":\"https:\/\/www.eberhard-co-watches.ch\/wp-content\/uploads\/2025\/09\/31.png\",\"datePublished\":\"2025-09-18T00:42:53+00:00\",\"dateModified\":\"2026-04-01T11:10:42+00:00\",\"description\":\"MECANIQUE A REMONTAGE AUTOMATIQUE verre saphir creus\u00e9 et bomb\u00e9 avec traitement antireflets sur la surface interne COURONNE VISS\u00c9E EN ACIER, \u00e9tanche,\",\"breadcrumb\":{\"@id\":\"https:\/\/www.eberhard-co-watches.ch\/fr\/product\/contodat-automatic-41156-02\/#breadcrumb\"},\"inLanguage\":\"fr-FR\",\"potentialAction\":[{\"@type\":\"ReadAction\",\"target\":[\"https:\/\/www.eberhard-co-watches.ch\/fr\/product\/contodat-automatic-41156-02\/\"]}]},{\"@type\":\"ImageObject\",\"inLanguage\":\"fr-FR\",\"@id\":\"https:\/\/www.eberhard-co-watches.ch\/fr\/product\/contodat-automatic-41156-02\/#primaryimage\",\"url\":\"https:\/\/www.eberhard-co-watches.ch\/wp-content\/uploads\/2025\/09\/31.png\",\"contentUrl\":\"https:\/\/www.eberhard-co-watches.ch\/wp-content\/uploads\/2025\/09\/31.png\",\"width\":1000,\"height\":1000},{\"@type\":\"BreadcrumbList\",\"@id\":\"https:\/\/www.eberhard-co-watches.ch\/fr\/product\/contodat-automatic-41156-02\/#breadcrumb\",\"itemListElement\":[{\"@type\":\"ListItem\",\"position\":1,\"name\":\"Negozio\",\"item\":\"https:\/\/www.eberhard-co-watches.ch\/negozio\/\"},{\"@type\":\"ListItem\",\"position\":2,\"name\":\"CONTODAT AUTOMATIC 41156.02 CA2C\"}]},{\"@type\":\"WebSite\",\"@id\":\"https:\/\/www.eberhard-co-watches.ch\/fr\/#website\",\"url\":\"https:\/\/www.eberhard-co-watches.ch\/fr\/\",\"name\":\"Eberhard &amp; Co.\",\"description\":\"\",\"publisher\":{\"@id\":\"https:\/\/www.eberhard-co-watches.ch\/fr\/#organization\"},\"potentialAction\":[{\"@type\":\"SearchAction\",\"target\":{\"@type\":\"EntryPoint\",\"urlTemplate\":\"https:\/\/www.eberhard-co-watches.ch\/fr\/?s={search_term_string}\"},\"query-input\":{\"@type\":\"PropertyValueSpecification\",\"valueRequired\":true,\"valueName\":\"search_term_string\"}}],\"inLanguage\":\"fr-FR\"},{\"@type\":\"Organization\",\"@id\":\"https:\/\/www.eberhard-co-watches.ch\/fr\/#organization\",\"name\":\"Eberhard & Co. Watches\",\"url\":\"https:\/\/www.eberhard-co-watches.ch\/fr\/\",\"logo\":{\"@type\":\"ImageObject\",\"inLanguage\":\"fr-FR\",\"@id\":\"https:\/\/www.eberhard-co-watches.ch\/fr\/#\/schema\/logo\/image\/\",\"url\":\"\",\"contentUrl\":\"\",\"caption\":\"Eberhard & Co. Watches\"},\"image\":{\"@id\":\"https:\/\/www.eberhard-co-watches.ch\/fr\/#\/schema\/logo\/image\/\"}}]}<\/script>\n<!-- \/ Yoast SEO plugin. -->","yoast_head_json":{"title":"CONTODAT AUTOMATIC 41156.02 CA2C - Eberhard &amp; Co.","description":"MECANIQUE A REMONTAGE AUTOMATIQUE verre saphir creus\u00e9 et bomb\u00e9 avec traitement antireflets sur la surface interne COURONNE VISS\u00c9E EN ACIER, \u00e9tanche,","robots":{"index":"index","follow":"follow","max-snippet":"max-snippet:-1","max-image-preview":"max-image-preview:large","max-video-preview":"max-video-preview:-1"},"canonical":"https:\/\/www.eberhard-co-watches.ch\/fr\/product\/contodat-automatic-41156-02\/","og_locale":"fr_FR","og_type":"article","og_title":"CONTODAT AUTOMATIC 41156.02 CA2C - Eberhard &amp; Co.","og_description":"MECANIQUE A REMONTAGE AUTOMATIQUE verre saphir creus\u00e9 et bomb\u00e9 avec traitement antireflets sur la surface interne COURONNE VISS\u00c9E EN ACIER, \u00e9tanche,","og_url":"https:\/\/www.eberhard-co-watches.ch\/fr\/product\/contodat-automatic-41156-02\/","og_site_name":"Eberhard &amp; Co.","article_modified_time":"2026-04-01T11:10:42+00:00","og_image":[{"width":1000,"height":1000,"url":"https:\/\/www.eberhard-co-watches.ch\/wp-content\/uploads\/2025\/09\/31.png","type":"image\/png"}],"twitter_card":"summary_large_image","schema":{"@context":"https:\/\/schema.org","@graph":[{"@type":"WebPage","@id":"https:\/\/www.eberhard-co-watches.ch\/fr\/product\/contodat-automatic-41156-02\/","url":"https:\/\/www.eberhard-co-watches.ch\/fr\/product\/contodat-automatic-41156-02\/","name":"CONTODAT AUTOMATIC 41156.02 CA2C - Eberhard &amp; Co.","isPartOf":{"@id":"https:\/\/www.eberhard-co-watches.ch\/fr\/#website"},"primaryImageOfPage":{"@id":"https:\/\/www.eberhard-co-watches.ch\/fr\/product\/contodat-automatic-41156-02\/#primaryimage"},"image":{"@id":"https:\/\/www.eberhard-co-watches.ch\/fr\/product\/contodat-automatic-41156-02\/#primaryimage"},"thumbnailUrl":"https:\/\/www.eberhard-co-watches.ch\/wp-content\/uploads\/2025\/09\/31.png","datePublished":"2025-09-18T00:42:53+00:00","dateModified":"2026-04-01T11:10:42+00:00","description":"MECANIQUE A REMONTAGE AUTOMATIQUE verre saphir creus\u00e9 et bomb\u00e9 avec traitement antireflets sur la surface interne COURONNE VISS\u00c9E EN ACIER, \u00e9tanche,","breadcrumb":{"@id":"https:\/\/www.eberhard-co-watches.ch\/fr\/product\/contodat-automatic-41156-02\/#breadcrumb"},"inLanguage":"fr-FR","potentialAction":[{"@type":"ReadAction","target":["https:\/\/www.eberhard-co-watches.ch\/fr\/product\/contodat-automatic-41156-02\/"]}]},{"@type":"ImageObject","inLanguage":"fr-FR","@id":"https:\/\/www.eberhard-co-watches.ch\/fr\/product\/contodat-automatic-41156-02\/#primaryimage","url":"https:\/\/www.eberhard-co-watches.ch\/wp-content\/uploads\/2025\/09\/31.png","contentUrl":"https:\/\/www.eberhard-co-watches.ch\/wp-content\/uploads\/2025\/09\/31.png","width":1000,"height":1000},{"@type":"BreadcrumbList","@id":"https:\/\/www.eberhard-co-watches.ch\/fr\/product\/contodat-automatic-41156-02\/#breadcrumb","itemListElement":[{"@type":"ListItem","position":1,"name":"Negozio","item":"https:\/\/www.eberhard-co-watches.ch\/negozio\/"},{"@type":"ListItem","position":2,"name":"CONTODAT AUTOMATIC 41156.02 CA2C"}]},{"@type":"WebSite","@id":"https:\/\/www.eberhard-co-watches.ch\/fr\/#website","url":"https:\/\/www.eberhard-co-watches.ch\/fr\/","name":"Eberhard &amp; Co.","description":"","publisher":{"@id":"https:\/\/www.eberhard-co-watches.ch\/fr\/#organization"},"potentialAction":[{"@type":"SearchAction","target":{"@type":"EntryPoint","urlTemplate":"https:\/\/www.eberhard-co-watches.ch\/fr\/?s={search_term_string}"},"query-input":{"@type":"PropertyValueSpecification","valueRequired":true,"valueName":"search_term_string"}}],"inLanguage":"fr-FR"},{"@type":"Organization","@id":"https:\/\/www.eberhard-co-watches.ch\/fr\/#organization","name":"Eberhard & Co. Watches","url":"https:\/\/www.eberhard-co-watches.ch\/fr\/","logo":{"@type":"ImageObject","inLanguage":"fr-FR","@id":"https:\/\/www.eberhard-co-watches.ch\/fr\/#\/schema\/logo\/image\/","url":"","contentUrl":"","caption":"Eberhard & Co. Watches"},"image":{"@id":"https:\/\/www.eberhard-co-watches.ch\/fr\/#\/schema\/logo\/image\/"}}]}},"_links":{"self":[{"href":"https:\/\/www.eberhard-co-watches.ch\/fr\/wp-json\/wp\/v2\/product\/73541"}],"collection":[{"href":"https:\/\/www.eberhard-co-watches.ch\/fr\/wp-json\/wp\/v2\/product"}],"about":[{"href":"https:\/\/www.eberhard-co-watches.ch\/fr\/wp-json\/wp\/v2\/types\/product"}],"wp:featuredmedia":[{"embeddable":true,"href":"https:\/\/www.eberhard-co-watches.ch\/fr\/wp-json\/wp\/v2\/media\/99691"}],"wp:attachment":[{"href":"https:\/\/www.eberhard-co-watches.ch\/fr\/wp-json\/wp\/v2\/media?parent=73541"}],"wp:term":[{"taxonomy":"product_cat","embeddable":true,"href":"https:\/\/www.eberhard-co-watches.ch\/fr\/wp-json\/wp\/v2\/product_cat?post=73541"},{"taxonomy":"product_tag","embeddable":true,"href":"https:\/\/www.eberhard-co-watches.ch\/fr\/wp-json\/wp\/v2\/product_tag?post=73541"},{"taxonomy":"collection","embeddable":true,"href":"https:\/\/www.eberhard-co-watches.ch\/fr\/wp-json\/wp\/v2\/collection?post=73541"}],"curies":[{"name":"wp","href":"https:\/\/api.w.org\/{rel}","templated":true}]}}