{"id":86715,"date":"2025-12-19T15:10:57","date_gmt":"2025-12-19T14:10:57","guid":{"rendered":"https:\/\/www.eberhard-co-watches.ch\/?post_type=product&#038;p=86715"},"modified":"2026-03-25T12:15:52","modified_gmt":"2026-03-25T11:15:52","slug":"aiglon-dame-41035-31-s-ca","status":"publish","type":"product","link":"https:\/\/www.eberhard-co-watches.ch\/fr\/product\/aiglon-dame-41035-31-s-ca\/","title":{"rendered":"AIGLON DAME 41035.31\/S CA2"},"content":{"rendered":"<p>MOUVEMENT M\u00c9CANIQUE \u00e0 REMONTAGE AUTOMATIQUE<\/p>\n<p>VERRE SAPHIR ANTIREFLET<\/p>\n<p>COURONNE EN ACIER VISS\u00c9E PERSONNALIS\u00c9E<\/p>\n<p>FOND FIX\u00c9 PAR 6 VIS PERSONNALIS\u00c9<\/p>\n<p>BRACELET CHABLIS EN ACIER<\/p>\n","protected":false},"excerpt":{"rendered":"<p>MOUVEMENT M\u00c9CANIQUE \u00e0 REMONTAGE AUTOMATIQUE VERRE SAPHIR ANTIREFLET COURONNE EN ACIER VISS\u00c9E PERSONNALIS\u00c9E FOND FIX\u00c9 PAR 6 VIS PERSONNALIS\u00c9 BRACELET CHABLIS EN ACIER<\/p>\n","protected":false},"featured_media":0,"template":"","meta":{"_acf_changed":false,"_seopress_robots_primary_cat":"none","_seopress_titles_title":"","_seopress_titles_desc":"","_seopress_robots_index":"","inline_featured_image":false},"product_cat":[194],"product_tag":[],"collection":[488],"class_list":{"0":"post-86715","1":"product","2":"type-product","3":"status-publish","5":"product_cat-uncategorized-fr","6":"collection-dame-fr","8":"first","9":"instock","10":"shipping-taxable","11":"purchasable","12":"product-type-simple"},"acf":[],"yoast_head":"<!-- This site is optimized with the Yoast SEO plugin v23.9 - https:\/\/yoast.com\/wordpress\/plugins\/seo\/ -->\n<title>AIGLON DAME 41035.31\/S CA2 - Eberhard &amp; Co.<\/title>\n<meta name=\"description\" content=\"MOUVEMENT M\u00c9CANIQUE \u00e0 REMONTAGE AUTOMATIQUE VERRE SAPHIR ANTIREFLET COURONNE EN ACIER VISS\u00c9E PERSONNALIS\u00c9E FOND FIX\u00c9 PAR 6 VIS PERSONNALIS\u00c9 BRACELET\" \/>\n<meta name=\"robots\" content=\"index, follow, max-snippet:-1, max-image-preview:large, max-video-preview:-1\" \/>\n<link rel=\"canonical\" href=\"https:\/\/www.eberhard-co-watches.ch\/fr\/product\/aiglon-dame-41035-31-s-ca\/\" \/>\n<meta property=\"og:locale\" content=\"fr_FR\" \/>\n<meta property=\"og:type\" content=\"article\" \/>\n<meta property=\"og:title\" content=\"AIGLON DAME 41035.31\/S CA2 - Eberhard &amp; Co.\" \/>\n<meta property=\"og:description\" content=\"MOUVEMENT M\u00c9CANIQUE \u00e0 REMONTAGE AUTOMATIQUE VERRE SAPHIR ANTIREFLET COURONNE EN ACIER VISS\u00c9E PERSONNALIS\u00c9E FOND FIX\u00c9 PAR 6 VIS PERSONNALIS\u00c9 BRACELET\" \/>\n<meta property=\"og:url\" content=\"https:\/\/www.eberhard-co-watches.ch\/fr\/product\/aiglon-dame-41035-31-s-ca\/\" \/>\n<meta property=\"og:site_name\" content=\"Eberhard &amp; Co.\" \/>\n<meta property=\"article:modified_time\" content=\"2026-03-25T11:15:52+00:00\" \/>\n<meta name=\"twitter:card\" content=\"summary_large_image\" \/>\n<script type=\"application\/ld+json\" class=\"yoast-schema-graph\">{\"@context\":\"https:\/\/schema.org\",\"@graph\":[{\"@type\":\"WebPage\",\"@id\":\"https:\/\/www.eberhard-co-watches.ch\/fr\/product\/aiglon-dame-41035-31-s-ca\/\",\"url\":\"https:\/\/www.eberhard-co-watches.ch\/fr\/product\/aiglon-dame-41035-31-s-ca\/\",\"name\":\"AIGLON DAME 41035.31\/S CA2 - Eberhard &amp; Co.\",\"isPartOf\":{\"@id\":\"https:\/\/www.eberhard-co-watches.ch\/fr\/#website\"},\"datePublished\":\"2025-12-19T14:10:57+00:00\",\"dateModified\":\"2026-03-25T11:15:52+00:00\",\"description\":\"MOUVEMENT M\u00c9CANIQUE \u00e0 REMONTAGE AUTOMATIQUE VERRE SAPHIR ANTIREFLET COURONNE EN ACIER VISS\u00c9E PERSONNALIS\u00c9E FOND FIX\u00c9 PAR 6 VIS PERSONNALIS\u00c9 BRACELET\",\"breadcrumb\":{\"@id\":\"https:\/\/www.eberhard-co-watches.ch\/fr\/product\/aiglon-dame-41035-31-s-ca\/#breadcrumb\"},\"inLanguage\":\"fr-FR\",\"potentialAction\":[{\"@type\":\"ReadAction\",\"target\":[\"https:\/\/www.eberhard-co-watches.ch\/fr\/product\/aiglon-dame-41035-31-s-ca\/\"]}]},{\"@type\":\"BreadcrumbList\",\"@id\":\"https:\/\/www.eberhard-co-watches.ch\/fr\/product\/aiglon-dame-41035-31-s-ca\/#breadcrumb\",\"itemListElement\":[{\"@type\":\"ListItem\",\"position\":1,\"name\":\"Negozio\",\"item\":\"https:\/\/www.eberhard-co-watches.ch\/negozio\/\"},{\"@type\":\"ListItem\",\"position\":2,\"name\":\"AIGLON DAME 41035.31\/S CA2\"}]},{\"@type\":\"WebSite\",\"@id\":\"https:\/\/www.eberhard-co-watches.ch\/fr\/#website\",\"url\":\"https:\/\/www.eberhard-co-watches.ch\/fr\/\",\"name\":\"Eberhard &amp; Co.\",\"description\":\"\",\"publisher\":{\"@id\":\"https:\/\/www.eberhard-co-watches.ch\/fr\/#organization\"},\"potentialAction\":[{\"@type\":\"SearchAction\",\"target\":{\"@type\":\"EntryPoint\",\"urlTemplate\":\"https:\/\/www.eberhard-co-watches.ch\/fr\/?s={search_term_string}\"},\"query-input\":{\"@type\":\"PropertyValueSpecification\",\"valueRequired\":true,\"valueName\":\"search_term_string\"}}],\"inLanguage\":\"fr-FR\"},{\"@type\":\"Organization\",\"@id\":\"https:\/\/www.eberhard-co-watches.ch\/fr\/#organization\",\"name\":\"Eberhard & Co. Watches\",\"url\":\"https:\/\/www.eberhard-co-watches.ch\/fr\/\",\"logo\":{\"@type\":\"ImageObject\",\"inLanguage\":\"fr-FR\",\"@id\":\"https:\/\/www.eberhard-co-watches.ch\/fr\/#\/schema\/logo\/image\/\",\"url\":\"\",\"contentUrl\":\"\",\"caption\":\"Eberhard & Co. Watches\"},\"image\":{\"@id\":\"https:\/\/www.eberhard-co-watches.ch\/fr\/#\/schema\/logo\/image\/\"}}]}<\/script>\n<!-- \/ Yoast SEO plugin. -->","yoast_head_json":{"title":"AIGLON DAME 41035.31\/S CA2 - Eberhard &amp; Co.","description":"MOUVEMENT M\u00c9CANIQUE \u00e0 REMONTAGE AUTOMATIQUE VERRE SAPHIR ANTIREFLET COURONNE EN ACIER VISS\u00c9E PERSONNALIS\u00c9E FOND FIX\u00c9 PAR 6 VIS PERSONNALIS\u00c9 BRACELET","robots":{"index":"index","follow":"follow","max-snippet":"max-snippet:-1","max-image-preview":"max-image-preview:large","max-video-preview":"max-video-preview:-1"},"canonical":"https:\/\/www.eberhard-co-watches.ch\/fr\/product\/aiglon-dame-41035-31-s-ca\/","og_locale":"fr_FR","og_type":"article","og_title":"AIGLON DAME 41035.31\/S CA2 - Eberhard &amp; Co.","og_description":"MOUVEMENT M\u00c9CANIQUE \u00e0 REMONTAGE AUTOMATIQUE VERRE SAPHIR ANTIREFLET COURONNE EN ACIER VISS\u00c9E PERSONNALIS\u00c9E FOND FIX\u00c9 PAR 6 VIS PERSONNALIS\u00c9 BRACELET","og_url":"https:\/\/www.eberhard-co-watches.ch\/fr\/product\/aiglon-dame-41035-31-s-ca\/","og_site_name":"Eberhard &amp; Co.","article_modified_time":"2026-03-25T11:15:52+00:00","twitter_card":"summary_large_image","schema":{"@context":"https:\/\/schema.org","@graph":[{"@type":"WebPage","@id":"https:\/\/www.eberhard-co-watches.ch\/fr\/product\/aiglon-dame-41035-31-s-ca\/","url":"https:\/\/www.eberhard-co-watches.ch\/fr\/product\/aiglon-dame-41035-31-s-ca\/","name":"AIGLON DAME 41035.31\/S CA2 - Eberhard &amp; Co.","isPartOf":{"@id":"https:\/\/www.eberhard-co-watches.ch\/fr\/#website"},"datePublished":"2025-12-19T14:10:57+00:00","dateModified":"2026-03-25T11:15:52+00:00","description":"MOUVEMENT M\u00c9CANIQUE \u00e0 REMONTAGE AUTOMATIQUE VERRE SAPHIR ANTIREFLET COURONNE EN ACIER VISS\u00c9E PERSONNALIS\u00c9E FOND FIX\u00c9 PAR 6 VIS PERSONNALIS\u00c9 BRACELET","breadcrumb":{"@id":"https:\/\/www.eberhard-co-watches.ch\/fr\/product\/aiglon-dame-41035-31-s-ca\/#breadcrumb"},"inLanguage":"fr-FR","potentialAction":[{"@type":"ReadAction","target":["https:\/\/www.eberhard-co-watches.ch\/fr\/product\/aiglon-dame-41035-31-s-ca\/"]}]},{"@type":"BreadcrumbList","@id":"https:\/\/www.eberhard-co-watches.ch\/fr\/product\/aiglon-dame-41035-31-s-ca\/#breadcrumb","itemListElement":[{"@type":"ListItem","position":1,"name":"Negozio","item":"https:\/\/www.eberhard-co-watches.ch\/negozio\/"},{"@type":"ListItem","position":2,"name":"AIGLON DAME 41035.31\/S CA2"}]},{"@type":"WebSite","@id":"https:\/\/www.eberhard-co-watches.ch\/fr\/#website","url":"https:\/\/www.eberhard-co-watches.ch\/fr\/","name":"Eberhard &amp; Co.","description":"","publisher":{"@id":"https:\/\/www.eberhard-co-watches.ch\/fr\/#organization"},"potentialAction":[{"@type":"SearchAction","target":{"@type":"EntryPoint","urlTemplate":"https:\/\/www.eberhard-co-watches.ch\/fr\/?s={search_term_string}"},"query-input":{"@type":"PropertyValueSpecification","valueRequired":true,"valueName":"search_term_string"}}],"inLanguage":"fr-FR"},{"@type":"Organization","@id":"https:\/\/www.eberhard-co-watches.ch\/fr\/#organization","name":"Eberhard & Co. Watches","url":"https:\/\/www.eberhard-co-watches.ch\/fr\/","logo":{"@type":"ImageObject","inLanguage":"fr-FR","@id":"https:\/\/www.eberhard-co-watches.ch\/fr\/#\/schema\/logo\/image\/","url":"","contentUrl":"","caption":"Eberhard & Co. Watches"},"image":{"@id":"https:\/\/www.eberhard-co-watches.ch\/fr\/#\/schema\/logo\/image\/"}}]}},"_links":{"self":[{"href":"https:\/\/www.eberhard-co-watches.ch\/fr\/wp-json\/wp\/v2\/product\/86715"}],"collection":[{"href":"https:\/\/www.eberhard-co-watches.ch\/fr\/wp-json\/wp\/v2\/product"}],"about":[{"href":"https:\/\/www.eberhard-co-watches.ch\/fr\/wp-json\/wp\/v2\/types\/product"}],"wp:attachment":[{"href":"https:\/\/www.eberhard-co-watches.ch\/fr\/wp-json\/wp\/v2\/media?parent=86715"}],"wp:term":[{"taxonomy":"product_cat","embeddable":true,"href":"https:\/\/www.eberhard-co-watches.ch\/fr\/wp-json\/wp\/v2\/product_cat?post=86715"},{"taxonomy":"product_tag","embeddable":true,"href":"https:\/\/www.eberhard-co-watches.ch\/fr\/wp-json\/wp\/v2\/product_tag?post=86715"},{"taxonomy":"collection","embeddable":true,"href":"https:\/\/www.eberhard-co-watches.ch\/fr\/wp-json\/wp\/v2\/collection?post=86715"}],"curies":[{"name":"wp","href":"https:\/\/api.w.org\/{rel}","templated":true}]}}